{"id":95,"date":"2019-05-26T13:20:31","date_gmt":"2019-05-26T13:20:31","guid":{"rendered":"http:\/\/webshop.ventil-trade.hu\/?page_id=95"},"modified":"2021-01-12T11:59:50","modified_gmt":"2021-01-12T11:59:50","slug":"szallitas","status":"publish","type":"page","link":"https:\/\/webshop.ventil-trade.hu\/?page_id=95","title":{"rendered":"Sz\u00e1ll\u00edt\u00e1s"},"content":{"rendered":"\n<p><strong>Sz\u00e1ll\u00edt\u00e1si hat\u00e1rid\u0151<br><br><\/strong>A  sz\u00e1ll\u00edt\u00e1si hat\u00e1rid\u0151 7 nap. Amennyiben a v\u00e1rhat\u00f3 sz\u00e1ll\u00edt\u00e1si id\u0151pont  meghaladja a 7 napot, a&nbsp; megrendel\u00e9s\u00e9nek be\u00e9rkez\u00e9se ut\u00e1n telefonon vagy  e-mailben t\u00e1j\u00e9koztatjuk \u00d6nt err\u0151l. Ha a k\u00e9s\u0151bbi sz\u00e1ll\u00edt\u00e1si hat\u00e1rid\u0151 nem  felel meg \u00d6nnek, a megrendel\u00e9s\u00e9t m\u00f3dos\u00edthatjuk vagy t\u00f6r\u00f6lhetj\u00fck.<br><br><strong>H\u00e1zhozsz\u00e1ll\u00edt\u00e1si d\u00edj<br><br><\/strong>A h\u00e1zhozsz\u00e1ll\u00edt\u00e1st a GLS fut\u00e1rszolg\u00e1t v\u00e9gzi.<\/p>\n\n\n\n<figure class=\"wp-block-table\"><table><tbody><tr><td>\n<strong>A sz\u00e1ll\u00edtm\u00e1ny t\u00f6mege (kg)<\/strong>\n<\/td><td> <strong>A d\u00edj \/ c\u00edm \/ alkalom<\/strong> <strong>(Ft)<\/strong><\/td><td><strong>Szem\u00e9lyes \u00e1tv\u00e9tel \u00fczlet\u00fcnkben<\/strong><\/td><\/tr><tr><td>0,1 &#8211; 2 kg<\/td><td>2306<\/td><td>INGYENES<\/td><\/tr><tr><td>2,1 &#8211; 3 kg<\/td><td>2406<\/td><td>INGYENES<\/td><\/tr><tr><td>3,1 &#8211; 5 kg<\/td><td>2543<\/td><td>INGYENES<\/td><\/tr><tr><td>5,1 &#8211; 10 kg<\/td><td>2604<\/td><td>INGYENES<\/td><\/tr><tr><td>10,1 &#8211; 15 kg<\/td><td>2723<\/td><td>INGYENES<\/td><\/tr><tr><td>15,1 &#8211; 20 kg<\/td><td>2901<\/td><td> INGYENES <\/td><\/tr><tr><td>20,1 &#8211; 25 kg  <\/td><td>3079<\/td><td> INGYENES <\/td><\/tr><tr><td>25,1 &#8211; 30 kg<\/td><td>3316<\/td><td> INGYENES <\/td><\/tr><tr><td>30,1 &#8211; 40 kg <\/td><td>3494<\/td><td> INGYENES <\/td><\/tr><\/tbody><\/table><\/figure>\n\n\n\n<p><\/p>\n","protected":false},"excerpt":{"rendered":"<p>Sz\u00e1ll\u00edt\u00e1si hat\u00e1rid\u0151 A sz\u00e1ll\u00edt\u00e1si hat\u00e1rid\u0151 7 nap. Amennyiben a v\u00e1rhat\u00f3 sz\u00e1ll\u00edt\u00e1si id\u0151pont meghaladja a 7 napot, a&nbsp; megrendel\u00e9s\u00e9nek be\u00e9rkez\u00e9se ut\u00e1n telefonon vagy e-mailben t\u00e1j\u00e9koztatjuk \u00d6nt err\u0151l. Ha a k\u00e9s\u0151bbi sz\u00e1ll\u00edt\u00e1si hat\u00e1rid\u0151 nem felel meg \u00d6nnek, a megrendel\u00e9s\u00e9t m\u00f3dos\u00edthatjuk vagy t\u00f6r\u00f6lhetj\u00fck. H\u00e1zhozsz\u00e1ll\u00edt\u00e1si d\u00edj A h\u00e1zhozsz\u00e1ll\u00edt\u00e1st a GLS fut\u00e1rszolg\u00e1t v\u00e9gzi. A sz\u00e1ll\u00edtm\u00e1ny t\u00f6mege (kg) A d\u00edj \/&#8230;<\/p>\n","protected":false},"author":1,"featured_media":0,"parent":0,"menu_order":0,"comment_status":"closed","ping_status":"closed","template":"","meta":{"footnotes":""},"class_list":["post-95","page","type-page","status-publish","hentry"],"_links":{"self":[{"href":"https:\/\/webshop.ventil-trade.hu\/index.php?rest_route=\/wp\/v2\/pages\/95","targetHints":{"allow":["GET"]}}],"collection":[{"href":"https:\/\/webshop.ventil-trade.hu\/index.php?rest_route=\/wp\/v2\/pages"}],"about":[{"href":"https:\/\/webshop.ventil-trade.hu\/index.php?rest_route=\/wp\/v2\/types\/page"}],"author":[{"embeddable":true,"href":"https:\/\/webshop.ventil-trade.hu\/index.php?rest_route=\/wp\/v2\/users\/1"}],"replies":[{"embeddable":true,"href":"https:\/\/webshop.ventil-trade.hu\/index.php?rest_route=%2Fwp%2Fv2%2Fcomments&post=95"}],"version-history":[{"count":6,"href":"https:\/\/webshop.ventil-trade.hu\/index.php?rest_route=\/wp\/v2\/pages\/95\/revisions"}],"predecessor-version":[{"id":3666,"href":"https:\/\/webshop.ventil-trade.hu\/index.php?rest_route=\/wp\/v2\/pages\/95\/revisions\/3666"}],"wp:attachment":[{"href":"https:\/\/webshop.ventil-trade.hu\/index.php?rest_route=%2Fwp%2Fv2%2Fmedia&parent=95"}],"curies":[{"name":"wp","href":"https:\/\/api.w.org\/{rel}","templated":true}]}}