{"id":4706,"date":"2024-01-05T18:26:53","date_gmt":"2024-01-05T18:26:53","guid":{"rendered":"https:\/\/webshop.ventil-trade.hu\/?product=bekotocso-1-2-20cm"},"modified":"2026-03-07T08:16:23","modified_gmt":"2026-03-07T08:16:23","slug":"bekotocso-1-2-20cm","status":"publish","type":"product","link":"https:\/\/webshop.ventil-trade.hu\/?product=bekotocso-1-2-20cm","title":{"rendered":"Bek\u00f6t\u0151cs\u0151 1\/2&#8243; 20cm"},"content":{"rendered":"<p>Flexibilis cs\u00f6vek v\u00edzhez, Flexibilis bek\u00f6t\u0151cs\u0151 (bels\u0151-, k\u00fcls\u0151menetes, M10 csaptelephez):<\/p>\n<p>Az emberi fogyaszt\u00e1sra sz\u00e1nt v\u00edz (eloszt\u00e1s\u00e1ra, t\u00e1rol\u00e1s\u00e1ra szolg\u00e1l\u00f3 berendez\u00e9sek) szerelv\u00e9nyei. A szerelv\u00e9nyek az \u00e9p\u00fcletg\u00e9p\u00e9szet ter\u00fclet\u00e9n lak\u00f3h\u00e1zak, k\u00f6z\u00f6ss\u00e9gi l\u00e9tes\u00edtm\u00e9nyek hideg-\u00e9s melegv\u00edz vezet\u00e9keihez csatlakoztatva a k\u00edv\u00e1nt h\u0151m\u00e9rs\u00e9klet\u0171 \u00e9s mennyis\u00e9g\u0171 v\u00edz sz\u00e1ll\u00edt\u00e1s\u00e1ra szolg\u00e1lnak.<\/p>\n<p>M\u00e9retek BM:KM:<br \/>\nBek\u00f6t\u0151cs\u0151 1\/2&#8243; 20cm<br \/>\nBek\u00f6t\u0151cs\u0151 1\/2&#8243; 25cm<br \/>\nBek\u00f6t\u0151cs\u0151 1\/2&#8243; 30cm<br \/>\nBek\u00f6t\u0151cs\u0151 1\/2&#8243; 40cm<br \/>\nBek\u00f6t\u0151cs\u0151 1\/2&#8243; 50cm<br \/>\nBek\u00f6t\u0151cs\u0151 1\/2&#8243; 60cm<br \/>\nBek\u00f6t\u0151cs\u0151 1\/2&#8243; 80cm<br \/>\nBek\u00f6t\u0151cs\u0151 1\/2&#8243; 120cm<br \/>\nBek\u00f6t\u0151cs\u0151 3\/8&#8243; 20cm<br \/>\nBek\u00f6t\u0151cs\u0151 3\/8&#8243; 25cm<br \/>\nBek\u00f6t\u0151cs\u0151 3\/8&#8243; 30cm<br \/>\nBek\u00f6t\u0151cs\u0151 3\/8&#8243; 40cm<br \/>\nBek\u00f6t\u0151cs\u0151 3\/8&#8243; 50cm<\/p>\n<p>M\u00e9retek M10 csaptelephez:<br \/>\nBek\u00f6t\u0151cs\u0151 3\/8&#8243;-M10 35cm<br \/>\nBek\u00f6t\u0151cs\u0151 3\/8&#8243;-M10 50cm<br \/>\nBek\u00f6t\u0151cs\u0151 1\/2&#8243;-M10 50cm<\/p>\n","protected":false},"excerpt":{"rendered":"<p>BB<\/p>\n","protected":false},"featured_media":4589,"template":"","meta":[],"product_brand":[],"product_cat":[116],"product_tag":[],"class_list":{"0":"post-4706","1":"product","2":"type-product","3":"status-publish","4":"has-post-thumbnail","6":"product_cat-flexibiliscsovek","8":"first","9":"instock","10":"shipping-taxable","11":"purchasable","12":"product-type-simple","13":"berocket_lgv_grid","14":"berocket_lgv_list_grid"},"_links":{"self":[{"href":"https:\/\/webshop.ventil-trade.hu\/index.php?rest_route=\/wp\/v2\/product\/4706","targetHints":{"allow":["GET"]}}],"collection":[{"href":"https:\/\/webshop.ventil-trade.hu\/index.php?rest_route=\/wp\/v2\/product"}],"about":[{"href":"https:\/\/webshop.ventil-trade.hu\/index.php?rest_route=\/wp\/v2\/types\/product"}],"wp:featuredmedia":[{"embeddable":true,"href":"https:\/\/webshop.ventil-trade.hu\/index.php?rest_route=\/wp\/v2\/media\/4589"}],"wp:attachment":[{"href":"https:\/\/webshop.ventil-trade.hu\/index.php?rest_route=%2Fwp%2Fv2%2Fmedia&parent=4706"}],"wp:term":[{"taxonomy":"product_brand","embeddable":true,"href":"https:\/\/webshop.ventil-trade.hu\/index.php?rest_route=%2Fwp%2Fv2%2Fproduct_brand&post=4706"},{"taxonomy":"product_cat","embeddable":true,"href":"https:\/\/webshop.ventil-trade.hu\/index.php?rest_route=%2Fwp%2Fv2%2Fproduct_cat&post=4706"},{"taxonomy":"product_tag","embeddable":true,"href":"https:\/\/webshop.ventil-trade.hu\/index.php?rest_route=%2Fwp%2Fv2%2Fproduct_tag&post=4706"}],"curies":[{"name":"wp","href":"https:\/\/api.w.org\/{rel}","templated":true}]}}