{"id":4738,"date":"2024-01-05T18:27:08","date_gmt":"2024-01-05T18:27:08","guid":{"rendered":"https:\/\/webshop.ventil-trade.hu\/?product=gazbekoto-1-2-50-100cm"},"modified":"2026-03-07T08:16:26","modified_gmt":"2026-03-07T08:16:26","slug":"gazbekoto-1-2-50-100cm","status":"publish","type":"product","link":"https:\/\/webshop.ventil-trade.hu\/?product=gazbekoto-1-2-50-100cm","title":{"rendered":"G\u00e1zbek\u00f6t\u0151 1\/2&#8243; 50-100cm"},"content":{"rendered":"<p>Flexibilis cs\u00f6vek g\u00e1zhoz, Flexibilis g\u00e1zbek\u00f6t\u0151cs\u0151:<br \/>\nTeljes m\u00e9rt\u00e9kben sav\u00e1ll\u00f3 ac\u00e9lb\u00f3l, hatsz\u00f6glet\u0171 menetes szor\u00edt\u00f3csavar csatlakoz\u00f3kkal gy\u00e1rtott, hajl\u00e9kony g\u00e1zvezet\u00e9k bek\u00f6t\u0151cs\u0151. A bord\u00e1s cs\u0151r\u00e9sz fel\u00fclete teljes hossz\u00e1ban 0,5 mm vastag, s\u00e1rga m\u0171anyag bevonattal v\u00e9dett az agressz\u00edv k\u00f6zegek \u00e1ltal okozott k\u00e1ros hat\u00e1sok ellen. Az ac\u00e9l alapanyaga a csatlakoz\u00e1sok k\u00f6zt folytonos \u00e9s hossz\u00e1ban kih\u00fazhat\u00f3. S\u00e1rga sz\u00edne a g\u00e1zvezet\u00e9ki felhaszn\u00e1l\u00e1sra utal.<\/p>\n<p>M\u00e9retek BB:<br \/>\nG\u00e1zbek\u00f6t\u0151 1\/2&#8243; 30-60cm<br \/>\nG\u00e1zbek\u00f6t\u0151 1\/2&#8243; 50-100cm<br \/>\nG\u00e1zbek\u00f6t\u0151 1\/2&#8243; 75-150cm G\u00e1zbek\u00f6t\u0151 3\/4&#8243; 50-100cm<br \/>\nM\u00e9retek KB:<br \/>\nG\u00e1zbek\u00f6t\u0151 1\/2&#8243; 30-60cm<br \/>\nG\u00e1zbek\u00f6t\u0151 1\/2&#8243; 50-100cm<br \/>\nG\u00e1zbek\u00f6t\u0151 1\/2&#8243; 75-150cm<br \/>\nG\u00e1zbek\u00f6t\u0151 3\/4&#8243; 30-60cm<br \/>\nG\u00e1zbek\u00f6t\u0151 3\/4&#8243; 75-150cm<\/p>\n","protected":false},"excerpt":{"rendered":"<p>BB<\/p>\n","protected":false},"featured_media":4619,"template":"","meta":[],"product_brand":[],"product_cat":[116],"product_tag":[],"class_list":{"0":"post-4738","1":"product","2":"type-product","3":"status-publish","4":"has-post-thumbnail","6":"product_cat-flexibiliscsovek","8":"first","9":"instock","10":"shipping-taxable","11":"purchasable","12":"product-type-simple","13":"berocket_lgv_grid","14":"berocket_lgv_list_grid"},"_links":{"self":[{"href":"https:\/\/webshop.ventil-trade.hu\/index.php?rest_route=\/wp\/v2\/product\/4738","targetHints":{"allow":["GET"]}}],"collection":[{"href":"https:\/\/webshop.ventil-trade.hu\/index.php?rest_route=\/wp\/v2\/product"}],"about":[{"href":"https:\/\/webshop.ventil-trade.hu\/index.php?rest_route=\/wp\/v2\/types\/product"}],"wp:featuredmedia":[{"embeddable":true,"href":"https:\/\/webshop.ventil-trade.hu\/index.php?rest_route=\/wp\/v2\/media\/4619"}],"wp:attachment":[{"href":"https:\/\/webshop.ventil-trade.hu\/index.php?rest_route=%2Fwp%2Fv2%2Fmedia&parent=4738"}],"wp:term":[{"taxonomy":"product_brand","embeddable":true,"href":"https:\/\/webshop.ventil-trade.hu\/index.php?rest_route=%2Fwp%2Fv2%2Fproduct_brand&post=4738"},{"taxonomy":"product_cat","embeddable":true,"href":"https:\/\/webshop.ventil-trade.hu\/index.php?rest_route=%2Fwp%2Fv2%2Fproduct_cat&post=4738"},{"taxonomy":"product_tag","embeddable":true,"href":"https:\/\/webshop.ventil-trade.hu\/index.php?rest_route=%2Fwp%2Fv2%2Fproduct_tag&post=4738"}],"curies":[{"name":"wp","href":"https:\/\/api.w.org\/{rel}","templated":true}]}}