{"id":4808,"date":"2024-01-05T18:27:41","date_gmt":"2024-01-05T18:27:41","guid":{"rendered":"https:\/\/webshop.ventil-trade.hu\/?product=alupex-kulcsos-konyok"},"modified":"2026-03-07T08:11:09","modified_gmt":"2026-03-07T08:11:09","slug":"alupex-kulcsos-konyok","status":"publish","type":"product","link":"https:\/\/webshop.ventil-trade.hu\/?product=alupex-kulcsos-konyok","title":{"rendered":"Alupex kulcsos k\u00f6ny\u00f6k"},"content":{"rendered":"<p>\u00d6tr\u00e9get\u0171 rendszerhez kulcsos k\u00f6ny\u00f6k, Alupex<br \/>\nKulcsos csatlakoz\u00f3k<br \/>\nALUPEX kulcsos csatlakoz\u00f3 \u00f6tr\u00e9teg\u0171 cs\u0151h\u00f6z<br \/>\nHaszn\u00e1lhat\u00f3 f\u0171t\u00e9si \u00e9s haszn\u00e1lati melegv\u00edz ell\u00e1t\u00e1si rendszerekn\u00e9l.<br \/>\n16&#215;16<br \/>\n20&#215;20<br \/>\n26&#215;26<\/p>\n","protected":false},"excerpt":{"rendered":"<p>16&#215;16<\/p>\n","protected":false},"featured_media":4630,"template":"","meta":[],"product_brand":[],"product_cat":[118],"product_tag":[],"class_list":{"0":"post-4808","1":"product","2":"type-product","3":"status-publish","4":"has-post-thumbnail","6":"product_cat-otretegukulcsosidomok","8":"first","9":"instock","10":"shipping-taxable","11":"purchasable","12":"product-type-simple","13":"berocket_lgv_grid","14":"berocket_lgv_list_grid"},"_links":{"self":[{"href":"https:\/\/webshop.ventil-trade.hu\/index.php?rest_route=\/wp\/v2\/product\/4808","targetHints":{"allow":["GET"]}}],"collection":[{"href":"https:\/\/webshop.ventil-trade.hu\/index.php?rest_route=\/wp\/v2\/product"}],"about":[{"href":"https:\/\/webshop.ventil-trade.hu\/index.php?rest_route=\/wp\/v2\/types\/product"}],"wp:featuredmedia":[{"embeddable":true,"href":"https:\/\/webshop.ventil-trade.hu\/index.php?rest_route=\/wp\/v2\/media\/4630"}],"wp:attachment":[{"href":"https:\/\/webshop.ventil-trade.hu\/index.php?rest_route=%2Fwp%2Fv2%2Fmedia&parent=4808"}],"wp:term":[{"taxonomy":"product_brand","embeddable":true,"href":"https:\/\/webshop.ventil-trade.hu\/index.php?rest_route=%2Fwp%2Fv2%2Fproduct_brand&post=4808"},{"taxonomy":"product_cat","embeddable":true,"href":"https:\/\/webshop.ventil-trade.hu\/index.php?rest_route=%2Fwp%2Fv2%2Fproduct_cat&post=4808"},{"taxonomy":"product_tag","embeddable":true,"href":"https:\/\/webshop.ventil-trade.hu\/index.php?rest_route=%2Fwp%2Fv2%2Fproduct_tag&post=4808"}],"curies":[{"name":"wp","href":"https:\/\/api.w.org\/{rel}","templated":true}]}}