{"id":4860,"date":"2024-01-05T18:28:06","date_gmt":"2024-01-05T18:28:06","guid":{"rendered":"https:\/\/webshop.ventil-trade.hu\/?product=pvc-y-ag-10"},"modified":"2026-03-06T13:02:13","modified_gmt":"2026-03-06T13:02:13","slug":"pvc-y-ag-10","status":"publish","type":"product","link":"https:\/\/webshop.ventil-trade.hu\/?product=pvc-y-ag-10","title":{"rendered":"PVC Y \u00e1g"},"content":{"rendered":"<p>PVC lefoly\u00f3 sz\u0171k\u00edtett \u00e1g, PipeLife PVC<\/p>\n<p>Az eredetileg hideg iv\u00f3v\u00edz vezet\u00e9kek szerel\u00e9s\u00e9re kital\u00e1lt cs\u0151rendszer napjainkban sz\u00e1mos egy\u00e9b ter\u00fcleten bizonyul a leg ide\u00e1lisabb v\u00e1laszt\u00e1snak.A PVC kiv\u00e1l\u00f3 vegyszer\u00e1ll\u00f3s\u00e1g\u00e1nak, a m\u00e9rs\u00e9kelt h\u0151\u00e1ll\u00f3s\u00e1g\u00e1nak, a sz\u00e9les \u00e1tm\u00e9r\u0151 tartom\u00e1nynak (20-315 mm) \u00e9s a gazdag idom k\u00edn\u00e1latnak k\u00f6sz\u00f6nhet\u0151en technol\u00f3giai (savas vagy l\u00fagos k\u00f6zegek) \u00e9s v\u00edzg\u00e9p\u00e9szeti (uszoda technika) cs\u0151h\u00e1l\u00f3zatok kedvelt megold\u00e1sa.A ragasztott k\u00f6t\u00e9sek nem ig\u00e9nyelnek speci\u00e1lis szersz\u00e1m haszn\u00e1latot, ez\u00e9rt k\u00f6nnyen gyorsan \u00e9p\u00edthet\u0151. A 6 m-es cs\u0151 sz\u00e1lak gazdas\u00e1gos felhaszn\u00e1l\u00e1st tesznek lehet\u0151v\u00e9.Az old\u00f3szeres ragaszt\u00e1s sor\u00e1n az idomok \u00e9s a cs\u0151 anyaga egyes\u00fcl, \u00edgy a hegesztett k\u00f6t\u00e9sekre jellemz\u0151 szil\u00e1rds\u00e1g\u00fa \u00e9s biztons\u00e1g\u00fa kapcsolat alakul ki. (Az ilyen ragaszt\u00e1st \u201ehideg hegeszt\u00e9snek\u201d is h\u00edvj\u00e1k.)<br \/>\nA kisebb \u00e1tm\u00e9r\u0151j\u0171 nyom\u00f3cs\u00f6vek vastag \u00e9s merev fala miatt lejt\u00e9sben is kiv\u00e1l\u00f3an szerelhet\u0151, \u00edgy a kl\u00edmatechnik\u00e1ban (pl. mennyezeti fan-coil, split kl\u00edma, stb.) is nagyon j\u00e1ratos cs\u0151rendszer.<br \/>\nPVC Y \u00e1g sz\u0171k\u00edtett<br \/>\n40mm-32mm<br \/>\n50mm-32mm<br \/>\n50mm-40mm<br \/>\n110mm-50mm<br \/>\n110mm-63mm<\/p>\n","protected":false},"excerpt":{"rendered":"<p>110mm-63mm<\/p>\n","protected":false},"featured_media":4558,"template":"","meta":[],"product_brand":[],"product_cat":[119],"product_tag":[],"class_list":{"0":"post-4860","1":"product","2":"type-product","3":"status-publish","4":"has-post-thumbnail","6":"product_cat-pvclefolyorendszer","8":"first","9":"instock","10":"shipping-taxable","11":"purchasable","12":"product-type-simple","13":"berocket_lgv_grid","14":"berocket_lgv_list_grid"},"_links":{"self":[{"href":"https:\/\/webshop.ventil-trade.hu\/index.php?rest_route=\/wp\/v2\/product\/4860","targetHints":{"allow":["GET"]}}],"collection":[{"href":"https:\/\/webshop.ventil-trade.hu\/index.php?rest_route=\/wp\/v2\/product"}],"about":[{"href":"https:\/\/webshop.ventil-trade.hu\/index.php?rest_route=\/wp\/v2\/types\/product"}],"wp:featuredmedia":[{"embeddable":true,"href":"https:\/\/webshop.ventil-trade.hu\/index.php?rest_route=\/wp\/v2\/media\/4558"}],"wp:attachment":[{"href":"https:\/\/webshop.ventil-trade.hu\/index.php?rest_route=%2Fwp%2Fv2%2Fmedia&parent=4860"}],"wp:term":[{"taxonomy":"product_brand","embeddable":true,"href":"https:\/\/webshop.ventil-trade.hu\/index.php?rest_route=%2Fwp%2Fv2%2Fproduct_brand&post=4860"},{"taxonomy":"product_cat","embeddable":true,"href":"https:\/\/webshop.ventil-trade.hu\/index.php?rest_route=%2Fwp%2Fv2%2Fproduct_cat&post=4860"},{"taxonomy":"product_tag","embeddable":true,"href":"https:\/\/webshop.ventil-trade.hu\/index.php?rest_route=%2Fwp%2Fv2%2Fproduct_tag&post=4860"}],"curies":[{"name":"wp","href":"https:\/\/api.w.org\/{rel}","templated":true}]}}