{"id":4883,"date":"2024-01-05T18:28:18","date_gmt":"2024-01-05T18:28:18","guid":{"rendered":"https:\/\/webshop.ventil-trade.hu\/?product=t-idom-22-15-22"},"modified":"2026-03-06T13:02:39","modified_gmt":"2026-03-06T13:02:39","slug":"t-idom-22-15-22","status":"publish","type":"product","link":"https:\/\/webshop.ventil-trade.hu\/?product=t-idom-22-15-22","title":{"rendered":"T idom 22-15-22"},"content":{"rendered":"<p>Forraszt\u00f3s T sz\u0171k\u00edtett, Forraszthat\u00f3 Idomok Benninger<br \/>\nA forraszthat\u00f3 r\u00e9z idom felhaszn\u00e1l\u00e1si ter\u00fcletei<br \/>\nFelhaszn\u00e1lhat\u00f3k v\u00edzvezet\u00e9k, f\u0171t\u00e9s \u00e9s h\u0171t\u00e9s szerel\u00e9s eset\u00e9n, illetve l\u00e1gyforraszt\u00e1sos technik\u00e1k ig\u00e9nybev\u00e9tel\u00e9n\u00e9l. Alapanyag\u00e1nak, a r\u00e9znek k\u00f6sz\u00f6nhet\u0151en hossz\u00fat\u00e1von j\u00f3l m\u0171k\u00f6d\u0151, korr\u00f3zi\u00f3\u00e1ll\u00f3 rendszert lehet a seg\u00edts\u00e9g\u00e9vel l\u00e9trehozni.<br \/>\nV\u00f6r\u00f6s\u00f6ntv\u00e9ny idomok a DVGW GW 6 munkalapja szerint.<br \/>\nA DVGW GW 8 munkalap szerinti v\u00f6r\u00f6sr\u00e9z idomok alkalmasak a DVGW GW 392 munkalap szerinti v\u00f6r\u00f6sr\u00e9z cs\u00f6vekhez.<br \/>\nBHKS \u00e9s ZVSHK (n\u00e9met szakmai sz\u00f6vets\u00e9gek) szavatoss\u00e1gi meg\u00e1llapod\u00e1s v\u00f6r\u00f6sr\u00e9z \u00e9s v\u00f6r\u00f6s\u00f6ntv\u00e9ny idomokra, valamint v\u00f6r\u00f6s\u00f6ntv\u00e9ny fal\u00e1tvezet\u00e9sekre vonatkoz\u00f3an.<br \/>\nV\u00f6r\u00f6s\u00f6ntv\u00e9ny idomok enged\u00e9lye a DVGW reg. sz. DV-7401AO2956 szerint.<br \/>\nV\u00f6r\u00f6sr\u00e9z idomok enged\u00e9lye a DVGW reg. sz. DV-7411AO2955 szerint.<br \/>\nA 95090 \u00e9s a 95092 modellsz\u00e1m\u00fa k\u00f6ny\u00f6k\u00f6k haszn\u00e1lata g\u00e1z- \u00e9s iv\u00f3v\u00edzvezet\u00e9k-szerel\u00e9sekn\u00e9l nem enged\u00e9lyezett.<br \/>\nIdomok anyaga<br \/>\nV\u00f6r\u00f6sr\u00e9z: 99,9% Cu-DHP<br \/>\nV\u00f6r\u00f6s\u00f6ntv\u00e9ny: CC499K<br \/>\nT sz\u0171k\u00edtett<br \/>\n18mm-15mm-18mm<br \/>\n22mm-15mm-22mm<br \/>\n22mm-18mm-22mm<br \/>\n28mm-15mm-28mm<br \/>\n28mm-18mm-28mm<br \/>\n28mm-22mm-28mm<\/p>\n","protected":false},"excerpt":{"rendered":"<p>22mm-15mm-22mm<\/p>\n","protected":false},"featured_media":4521,"template":"","meta":[],"product_brand":[],"product_cat":[120],"product_tag":[],"class_list":{"0":"post-4883","1":"product","2":"type-product","3":"status-publish","4":"has-post-thumbnail","6":"product_cat-forrasztosrezidomok","8":"first","9":"instock","10":"shipping-taxable","11":"purchasable","12":"product-type-simple","13":"berocket_lgv_grid","14":"berocket_lgv_list_grid"},"_links":{"self":[{"href":"https:\/\/webshop.ventil-trade.hu\/index.php?rest_route=\/wp\/v2\/product\/4883","targetHints":{"allow":["GET"]}}],"collection":[{"href":"https:\/\/webshop.ventil-trade.hu\/index.php?rest_route=\/wp\/v2\/product"}],"about":[{"href":"https:\/\/webshop.ventil-trade.hu\/index.php?rest_route=\/wp\/v2\/types\/product"}],"wp:featuredmedia":[{"embeddable":true,"href":"https:\/\/webshop.ventil-trade.hu\/index.php?rest_route=\/wp\/v2\/media\/4521"}],"wp:attachment":[{"href":"https:\/\/webshop.ventil-trade.hu\/index.php?rest_route=%2Fwp%2Fv2%2Fmedia&parent=4883"}],"wp:term":[{"taxonomy":"product_brand","embeddable":true,"href":"https:\/\/webshop.ventil-trade.hu\/index.php?rest_route=%2Fwp%2Fv2%2Fproduct_brand&post=4883"},{"taxonomy":"product_cat","embeddable":true,"href":"https:\/\/webshop.ventil-trade.hu\/index.php?rest_route=%2Fwp%2Fv2%2Fproduct_cat&post=4883"},{"taxonomy":"product_tag","embeddable":true,"href":"https:\/\/webshop.ventil-trade.hu\/index.php?rest_route=%2Fwp%2Fv2%2Fproduct_tag&post=4883"}],"curies":[{"name":"wp","href":"https:\/\/api.w.org\/{rel}","templated":true}]}}