{"id":4970,"date":"2024-01-05T18:29:03","date_gmt":"2024-01-05T18:29:03","guid":{"rendered":"https:\/\/webshop.ventil-trade.hu\/?product=kg-t-szukitett-idom-4"},"modified":"2026-03-06T13:01:57","modified_gmt":"2026-03-06T13:01:57","slug":"kg-t-szukitett-idom-4","status":"publish","type":"product","link":"https:\/\/webshop.ventil-trade.hu\/?product=kg-t-szukitett-idom-4","title":{"rendered":"KG T Sz\u0171k\u00edtett idom"},"content":{"rendered":"<p>KG sz\u0171k\u00edtett T idom, T sz\u0171k\u00edtett<br \/>\na KG idomok \u00e9s cs\u00f6vek.<br \/>\nEzek az elemek m\u0171anyagb\u00f3l k\u00e9sz\u00fclnek, \u00e9s gumit\u00f6m\u00edt\u00e9ssel illeszkednek egym\u00e1shoz. A m\u0171anyag szavatolja, hogy a cs\u00f6vek ellen\u00e1ll\u00f3ak legyenek a k\u00fcl\u00f6nf\u00e9le vesz\u00e9lyes anyagokkal szemben, a gumit\u00f6m\u00edt\u00e9s pedig gondoskodik arr\u00f3l, hogy az elemek sziv\u00e1rg\u00e1s n\u00e9lk\u00fcl illeszkedjenek egym\u00e1shoz.<br \/>\n125mm-110mm<br \/>\n160mm-110mm<br \/>\n160mm-125mm<br \/>\n200mm-110mm<br \/>\n200mm-125mm<br \/>\n200mm-160mm<\/p>\n","protected":false},"excerpt":{"rendered":"<p>200mm-160mm<\/p>\n","protected":false},"featured_media":4344,"template":"","meta":[],"product_brand":[],"product_cat":[121],"product_tag":[],"class_list":{"0":"post-4970","1":"product","2":"type-product","3":"status-publish","4":"has-post-thumbnail","6":"product_cat-kg-pvc-lefolyorendszer-kulterre","8":"first","9":"instock","10":"shipping-taxable","11":"purchasable","12":"product-type-simple","13":"berocket_lgv_grid","14":"berocket_lgv_list_grid"},"_links":{"self":[{"href":"https:\/\/webshop.ventil-trade.hu\/index.php?rest_route=\/wp\/v2\/product\/4970","targetHints":{"allow":["GET"]}}],"collection":[{"href":"https:\/\/webshop.ventil-trade.hu\/index.php?rest_route=\/wp\/v2\/product"}],"about":[{"href":"https:\/\/webshop.ventil-trade.hu\/index.php?rest_route=\/wp\/v2\/types\/product"}],"wp:featuredmedia":[{"embeddable":true,"href":"https:\/\/webshop.ventil-trade.hu\/index.php?rest_route=\/wp\/v2\/media\/4344"}],"wp:attachment":[{"href":"https:\/\/webshop.ventil-trade.hu\/index.php?rest_route=%2Fwp%2Fv2%2Fmedia&parent=4970"}],"wp:term":[{"taxonomy":"product_brand","embeddable":true,"href":"https:\/\/webshop.ventil-trade.hu\/index.php?rest_route=%2Fwp%2Fv2%2Fproduct_brand&post=4970"},{"taxonomy":"product_cat","embeddable":true,"href":"https:\/\/webshop.ventil-trade.hu\/index.php?rest_route=%2Fwp%2Fv2%2Fproduct_cat&post=4970"},{"taxonomy":"product_tag","embeddable":true,"href":"https:\/\/webshop.ventil-trade.hu\/index.php?rest_route=%2Fwp%2Fv2%2Fproduct_tag&post=4970"}],"curies":[{"name":"wp","href":"https:\/\/api.w.org\/{rel}","templated":true}]}}