{"id":5035,"date":"2024-01-05T18:29:33","date_gmt":"2024-01-05T18:29:33","guid":{"rendered":"https:\/\/webshop.ventil-trade.hu\/?product=szukito-rez-kb-3"},"modified":"2026-03-06T13:02:31","modified_gmt":"2026-03-06T13:02:31","slug":"szukito-rez-kb-3","status":"publish","type":"product","link":"https:\/\/webshop.ventil-trade.hu\/?product=szukito-rez-kb-3","title":{"rendered":"Sz\u0171k\u00edt\u0151 r\u00e9z KB"},"content":{"rendered":"<p>Menetes r\u00e9z sz\u0171k\u00edt\u0151k KB-s, Menetes r\u00e9z Everline<br \/>\nA menetes r\u00e9z idomok n\u00e9pszer\u0171s\u00e9g\u00fcket ig\u00e9nyes megmunk\u00e1l\u00e1suknak, m\u00e9retpontoss\u00e1guknak, korr\u00f3zi\u00f3val szembeni ellen\u00e1ll\u00f3s\u00e1guknak k\u00f6sz\u00f6nhetik. Befoglal\u00f3 m\u00e9reteik jelent\u0151sen kisebbek a hagyom\u00e1nyos horganyzott idomok\u00e9n\u00e1l, \u00edgy kisebb helyet foglalnak, ami egy sz\u0171k akn\u00e1ban, vagy kaz\u00e1nh\u00e1zban k\u00fcl\u00f6n\u00f6s\u00f6n el\u0151ny\u00f6s lehet. A r\u00e9z idomokb\u00f3l szerelt rendszer els\u0151 r\u00e1n\u00e9z\u00e9sre is sokkal szakszer\u0171bb \u00e9s eszt\u00e9tikusabb szakmai szemmel. A k\u00fcl\u00f6nb\u00f6z\u0151 m\u00e9retben \u00e9s kivitelben kaphat\u00f3 mentes r\u00e9zidom lehet T-alak\u00fa, k\u00f6ny\u00f6k, told\u00f3 karmanty\u00fa, b\u0151v\u00edt\u0151 vagy sz\u0171k\u00edt\u0151.<br \/>\nR\u00e9z idom \u00e1rak \u2013 a min\u0151s\u00e9g t\u00f6bbe ker\u00fcl<br \/>\nA r\u00e9z menetes idomokra szigor\u00fa el\u0151\u00edr\u00e1sok vonatkoznak. Iv\u00f3v\u00edz rendszerbe csak azok a gy\u00e1rtm\u00e1nyok \u00e9p\u00edthet\u0151ek be melyekb\u0151l eg\u00e9szs\u00e9gre k\u00e1ros anyagok nem old\u00f3dnak ki.<br \/>\nSzerel\u00e9sn\u00e9l mindenk\u00e9pp t\u00f6m\u00edteni kell a menetes r\u00e9z idomok csatlakoz\u00e1sait. T\u00f6m\u00edt\u00e9sn\u00e9l ker\u00fclni kell a t\u00falt\u00f6m\u00edtetts\u00e9get \u00e9s az idom t\u00falh\u00faz\u00e1s\u00e1t, mindkett\u0151 bels\u0151 fesz\u00fclts\u00e9get okoz a r\u00e9z idomban, ami az anyag elf\u00e1rad\u00e1s\u00e1val reped\u00e9st okozhat.<br \/>\nSz\u0171k\u00edt\u0151 KB:<br \/>\n1\/2&#8243;-1\/4&#8243;<br \/>\n1\/2&#8243;-3\/8&#8243;<br \/>\n3\/4&#8243;-1\/2&#8243;<br \/>\n1&#8243;-1\/2&#8243;<br \/>\n1&#8243;-3\/4&#8243;<br \/>\n5\/4&#8243;-3\/4&#8243;<br \/>\n5\/4&#8243;-1&#8243;<br \/>\n6\/4&#8243;-5\/4&#8243;<br \/>\n2&#8243;-5\/4&#8243;<br \/>\n6\/4&#8243;-1&#8243;<br \/>\n3\/4&#8243;-3\/8&#8243;<\/p>\n","protected":false},"excerpt":{"rendered":"<p>3\/4&#8243;-1\/2&#8243;<\/p>\n","protected":false},"featured_media":4416,"template":"","meta":[],"product_brand":[],"product_cat":[122],"product_tag":[],"class_list":{"0":"post-5035","1":"product","2":"type-product","3":"status-publish","4":"has-post-thumbnail","6":"product_cat-menetes-rez-idomok","8":"first","9":"instock","10":"shipping-taxable","11":"purchasable","12":"product-type-simple","13":"berocket_lgv_grid","14":"berocket_lgv_list_grid"},"_links":{"self":[{"href":"https:\/\/webshop.ventil-trade.hu\/index.php?rest_route=\/wp\/v2\/product\/5035","targetHints":{"allow":["GET"]}}],"collection":[{"href":"https:\/\/webshop.ventil-trade.hu\/index.php?rest_route=\/wp\/v2\/product"}],"about":[{"href":"https:\/\/webshop.ventil-trade.hu\/index.php?rest_route=\/wp\/v2\/types\/product"}],"wp:featuredmedia":[{"embeddable":true,"href":"https:\/\/webshop.ventil-trade.hu\/index.php?rest_route=\/wp\/v2\/media\/4416"}],"wp:attachment":[{"href":"https:\/\/webshop.ventil-trade.hu\/index.php?rest_route=%2Fwp%2Fv2%2Fmedia&parent=5035"}],"wp:term":[{"taxonomy":"product_brand","embeddable":true,"href":"https:\/\/webshop.ventil-trade.hu\/index.php?rest_route=%2Fwp%2Fv2%2Fproduct_brand&post=5035"},{"taxonomy":"product_cat","embeddable":true,"href":"https:\/\/webshop.ventil-trade.hu\/index.php?rest_route=%2Fwp%2Fv2%2Fproduct_cat&post=5035"},{"taxonomy":"product_tag","embeddable":true,"href":"https:\/\/webshop.ventil-trade.hu\/index.php?rest_route=%2Fwp%2Fv2%2Fproduct_tag&post=5035"}],"curies":[{"name":"wp","href":"https:\/\/api.w.org\/{rel}","templated":true}]}}