{"id":5069,"date":"2024-01-05T18:29:49","date_gmt":"2024-01-05T18:29:49","guid":{"rendered":"https:\/\/webshop.ventil-trade.hu\/?product=voros-rezcso-felkemeny-5fm-5"},"modified":"2026-03-06T13:01:47","modified_gmt":"2026-03-06T13:01:47","slug":"voros-rezcso-felkemeny-1fm-5","status":"publish","type":"product","link":"https:\/\/webshop.ventil-trade.hu\/?product=voros-rezcso-felkemeny-1fm-5","title":{"rendered":"V\u00f6r\u00f6s r\u00e9zcs\u0151 f\u00e9lkem\u00e9ny 1fm"},"content":{"rendered":"<p>V\u00f6r\u00f6s r\u00e9zcs\u0151 v\u00edzszerel\u00e9shez, Sanco f\u00e9lkem\u00e9ny r\u00e9zcs\u00f6vek<br \/>\nEloszt\u00f3 h\u00e1l\u00f3zatok hideg \u00e9s melegv\u00edzhez, melegvizes f\u0171t\u0151rendszerek, bele\u00e9rtve<br \/>\na padl\u00f3, a fal-, a mennyezetf\u0171t\u0151 rendszereket. G\u00e1z halmaz\u00e1llapot\u00fa \u00e9s cseppfoly\u00f3s<br \/>\nh\u00e1ztart\u00e1si t\u00fczel\u0151anyagok \u00e9s m\u00e1s folyad\u00e9kok eloszt\u00e1sa. Szennyvizek, szennyg\u00e1zok elvezet\u00e9se t\u0171zelfojt\u00f3 \u00e9s t\u0171zolt\u00f3 rendszerek, nyom\u00f3 \u00e9s v\u00e1kuumrendszerek.M\u00e9retek:<br \/>\n5000mm x 15mm x 1mm<br \/>\n5000mm x 18mm x 1mm<br \/>\n5000mm x 22mm x 1mm<br \/>\n5000mm x 28mm x 1mm<br \/>\n5000mm x 35mm x 1mm<br \/>\n5000mm x 42mm x 1mm<br \/>\n5000mm x 54mm x 1mm<\/p>\n","protected":false},"excerpt":{"rendered":"<p>35mm<\/p>\n","protected":false},"featured_media":4390,"template":"","meta":[],"product_brand":[],"product_cat":[123],"product_tag":[],"class_list":{"0":"post-5069","1":"product","2":"type-product","3":"status-publish","4":"has-post-thumbnail","6":"product_cat-rezcsovek","8":"first","9":"instock","10":"shipping-taxable","11":"purchasable","12":"product-type-simple","13":"berocket_lgv_grid","14":"berocket_lgv_list_grid"},"_links":{"self":[{"href":"https:\/\/webshop.ventil-trade.hu\/index.php?rest_route=\/wp\/v2\/product\/5069","targetHints":{"allow":["GET"]}}],"collection":[{"href":"https:\/\/webshop.ventil-trade.hu\/index.php?rest_route=\/wp\/v2\/product"}],"about":[{"href":"https:\/\/webshop.ventil-trade.hu\/index.php?rest_route=\/wp\/v2\/types\/product"}],"wp:featuredmedia":[{"embeddable":true,"href":"https:\/\/webshop.ventil-trade.hu\/index.php?rest_route=\/wp\/v2\/media\/4390"}],"wp:attachment":[{"href":"https:\/\/webshop.ventil-trade.hu\/index.php?rest_route=%2Fwp%2Fv2%2Fmedia&parent=5069"}],"wp:term":[{"taxonomy":"product_brand","embeddable":true,"href":"https:\/\/webshop.ventil-trade.hu\/index.php?rest_route=%2Fwp%2Fv2%2Fproduct_brand&post=5069"},{"taxonomy":"product_cat","embeddable":true,"href":"https:\/\/webshop.ventil-trade.hu\/index.php?rest_route=%2Fwp%2Fv2%2Fproduct_cat&post=5069"},{"taxonomy":"product_tag","embeddable":true,"href":"https:\/\/webshop.ventil-trade.hu\/index.php?rest_route=%2Fwp%2Fv2%2Fproduct_tag&post=5069"}],"curies":[{"name":"wp","href":"https:\/\/api.w.org\/{rel}","templated":true}]}}