{"id":5072,"date":"2024-01-05T18:29:51","date_gmt":"2024-01-05T18:29:51","guid":{"rendered":"https:\/\/webshop.ventil-trade.hu\/?product=alubetetes-otretegu-cso-100fm"},"modified":"2026-03-06T13:02:18","modified_gmt":"2026-03-06T13:02:18","slug":"alubetetes-otretegu-cso-1fm","status":"publish","type":"product","link":"https:\/\/webshop.ventil-trade.hu\/?product=alubetetes-otretegu-cso-1fm","title":{"rendered":"Alubet\u00e9tes \u00f6tr\u00e9teg\u0171 cs\u0151 1fm"},"content":{"rendered":"<p>\u00d6tr\u00e9teg\u0171 cs\u0151 v\u00edzszerel\u00e9shez, Egy rendszer hideg-meleg v\u00edzre \u00e9s f\u0171t\u00e9sre<br \/>\ngyorsan \u00e9s egyszer\u0171en szerelhet\u0151<br \/>\nsziv\u00e1rg\u00e1smentes csatlakoz\u00e1s<br \/>\nhajl\u00e9kony \u00e9s alaktart\u00f3 cs\u0151rendszer<br \/>\negyszer\u0171 csatlakoz\u00e1s-ellen\u0151rz\u00e9s az ellen\u0151rz\u0151r\u00e9seken kereszt\u00fcl<br \/>\nkorr\u00f3zi\u00f3\u00e1ll\u00f3 \u00e9s lerak\u00f3d\u00e1s (v\u00edzk\u0151) mentes<br \/>\n100 %-ban oxig\u00e9n diff\u00fazi\u00f3 mentes<br \/>\nkiv\u00e1l\u00f3 k\u00e9miai ellen\u00e1ll\u00f3s\u00e1g<br \/>\ncsek\u00e9ly m\u00e9rt\u00e9k\u0171 hosszanti h\u0151t\u00e1gul\u00e1s (h\u0151mozg\u00e1s)<br \/>\nprofesszion\u00e1lis szerel\u0151szersz\u00e1mok<br \/>\nsz\u00e9les idomv\u00e1laszt\u00e9k<br \/>\nr\u00e9gi rendszerek fel\u00faj\u00edt\u00e1s\u00e1n\u00e1l \u00e9s \u00faj rendszerek ki\u00e9p\u00edt\u00e9s\u00e9n\u00e9l egyar\u00e1nt alkalmazhat\u00f3<br \/>\n70\u00b0C-ig terhelhet\u0151 10 bar \u00fczemi nyom\u00e1sig<\/p>\n<p>Maximum \u00fczemi nyom\u00e1s f\u0171t\u00e9si h\u00e1l\u00f3zatn\u00e1l: 6 bar<br \/>\nMaximum \u00fczemi h\u0151m\u00e9rs\u00e9klet f\u0171t\u00e9si h\u00e1l\u00f3zatn\u00e1l: 95 \u00b0C<br \/>\nMaximum \u00fczemi nyom\u00e1s iv\u00f3v\u00edz h\u00e1l\u00f3zatn\u00e1l: 10 bar<br \/>\nMaximum \u00fczemi h\u0151m\u00e9rs\u00e9klet iv\u00f3v\u00edz h\u00e1l\u00f3zatn\u00e1l: 70 \u00b0C<br \/>\n100fm x 2mm x 16mm<br \/>\n100fm x 2mm x 20mm<br \/>\n100fm x 2mm x 26mm<br \/>\n100fm x 2mm x 35mm<\/p>\n","protected":false},"excerpt":{"rendered":"<p>16mm<\/p>\n","protected":false},"featured_media":4391,"template":"","meta":[],"product_brand":[],"product_cat":[124],"product_tag":[],"class_list":{"0":"post-5072","1":"product","2":"type-product","3":"status-publish","4":"has-post-thumbnail","6":"product_cat-otretegu-csovek","8":"first","9":"instock","10":"shipping-taxable","11":"purchasable","12":"product-type-simple","13":"berocket_lgv_grid","14":"berocket_lgv_list_grid"},"_links":{"self":[{"href":"https:\/\/webshop.ventil-trade.hu\/index.php?rest_route=\/wp\/v2\/product\/5072","targetHints":{"allow":["GET"]}}],"collection":[{"href":"https:\/\/webshop.ventil-trade.hu\/index.php?rest_route=\/wp\/v2\/product"}],"about":[{"href":"https:\/\/webshop.ventil-trade.hu\/index.php?rest_route=\/wp\/v2\/types\/product"}],"wp:featuredmedia":[{"embeddable":true,"href":"https:\/\/webshop.ventil-trade.hu\/index.php?rest_route=\/wp\/v2\/media\/4391"}],"wp:attachment":[{"href":"https:\/\/webshop.ventil-trade.hu\/index.php?rest_route=%2Fwp%2Fv2%2Fmedia&parent=5072"}],"wp:term":[{"taxonomy":"product_brand","embeddable":true,"href":"https:\/\/webshop.ventil-trade.hu\/index.php?rest_route=%2Fwp%2Fv2%2Fproduct_brand&post=5072"},{"taxonomy":"product_cat","embeddable":true,"href":"https:\/\/webshop.ventil-trade.hu\/index.php?rest_route=%2Fwp%2Fv2%2Fproduct_cat&post=5072"},{"taxonomy":"product_tag","embeddable":true,"href":"https:\/\/webshop.ventil-trade.hu\/index.php?rest_route=%2Fwp%2Fv2%2Fproduct_tag&post=5072"}],"curies":[{"name":"wp","href":"https:\/\/api.w.org\/{rel}","templated":true}]}}