{"id":5094,"date":"2024-01-05T18:30:01","date_gmt":"2024-01-05T18:30:01","guid":{"rendered":"https:\/\/webshop.ventil-trade.hu\/?product=kg-cso-3m-2"},"modified":"2026-03-06T13:01:54","modified_gmt":"2026-03-06T13:01:54","slug":"kg-cso-3m-2","status":"publish","type":"product","link":"https:\/\/webshop.ventil-trade.hu\/?product=kg-cso-3m-2","title":{"rendered":"KG cs\u0151 3m"},"content":{"rendered":"<p>KG PVC cs\u0151 , KG PVC Cs\u00f6vek \u2013 csatornarendszerekhez<br \/>\nA csatornarendszerek ki\u00e9p\u00edt\u00e9se gondosan v\u00e9gzett munkafolyamatot \u00e9s min\u0151s\u00e9gi alapanyagokat ig\u00e9nyel. Sok bossz\u00fas\u00e1g \u00e9s komoly probl\u00e9m\u00e1k okoz\u00f3ja lehet, ha nem megfelel\u0151 min\u0151s\u00e9g\u0171 cs\u00f6vek ker\u00fclnek be\u00e9p\u00edt\u00e9sre.<br \/>\nA KG PVC cs\u00f6veket belt\u00e9ri \u00e9s utcai lefoly\u00f3rendszerekhez alkalmazz\u00e1k. A cs\u00f6vek a k\u00f6rnyezetnek megfelel\u0151 csatlakoz\u00f3kkal haszn\u00e1lva szinte b\u00e1rmilyen szennyv\u00edz elvezet\u00e9s\u00e9re alkalmasak, \u00e1m a vezetett anyag maxim\u00e1lis h\u0151m\u00e9rs\u00e9klete + 60 \u00b0C lehet. A cs\u00f6vek ellen\u00e1llnak s\u00f3s v\u00edznek, alkoholnak, savas \u00e9s l\u00fagos anyagoknak, szulf\u00e1toknak, agressz\u00edv g\u00e1zoknak \u00e9s tiszt\u00edt\u00f3 szereknek. Vigy\u00e1zat! A cs\u00f6vek nem alkalmazhat\u00f3k olyan v\u00edz elvezet\u00e9s\u00e9re, mely nagy sz\u00e1zal\u00e9kban tartalmaz benzolt, benzint vagy acetont.<br \/>\nEgyszer\u0171en, k\u00f6nnyen sz\u00e1ll\u00edthat\u00f3ak \u00e9s gyorsan \u00f6sszeszerelhet\u0151ek a KG PVC cs\u00f6vek. \u00c9lettartalmuk t\u00f6bb mint 50 \u00e9v, \u00edgy hossz\u00fat\u00e1v\u00fa, megt\u00e9r\u00fcl\u0151 befektet\u00e9st jelentenek!<br \/>\nHa \u00e9p\u00edtkezni szeretne, vagy csatornarendszer\u00e9t \u00faj\u00edtan\u00e1 fel, akkor mindenk\u00e9pp aj\u00e1nljuk KG PVC cs\u00f6veinket! T\u00e1j\u00e9koz\u00f3djon term\u00e9keink r\u00e9szleteir\u0151l weboldalunkon, vagy b\u00e1tran vegye fel vel\u00fcnk a kapcsolatot k\u00e9rd\u00e9seivel!<br \/>\n3m<br \/>\n110mm<br \/>\n125mm<br \/>\n160mm<br \/>\n200mm<\/p>\n","protected":false},"excerpt":{"rendered":"<p>125mm<\/p>\n","protected":false},"featured_media":4326,"template":"","meta":[],"product_brand":[],"product_cat":[121],"product_tag":[],"class_list":{"0":"post-5094","1":"product","2":"type-product","3":"status-publish","4":"has-post-thumbnail","6":"product_cat-kg-pvc-lefolyorendszer-kulterre","8":"first","9":"instock","10":"shipping-taxable","11":"purchasable","12":"product-type-simple","13":"berocket_lgv_grid","14":"berocket_lgv_list_grid"},"_links":{"self":[{"href":"https:\/\/webshop.ventil-trade.hu\/index.php?rest_route=\/wp\/v2\/product\/5094","targetHints":{"allow":["GET"]}}],"collection":[{"href":"https:\/\/webshop.ventil-trade.hu\/index.php?rest_route=\/wp\/v2\/product"}],"about":[{"href":"https:\/\/webshop.ventil-trade.hu\/index.php?rest_route=\/wp\/v2\/types\/product"}],"wp:featuredmedia":[{"embeddable":true,"href":"https:\/\/webshop.ventil-trade.hu\/index.php?rest_route=\/wp\/v2\/media\/4326"}],"wp:attachment":[{"href":"https:\/\/webshop.ventil-trade.hu\/index.php?rest_route=%2Fwp%2Fv2%2Fmedia&parent=5094"}],"wp:term":[{"taxonomy":"product_brand","embeddable":true,"href":"https:\/\/webshop.ventil-trade.hu\/index.php?rest_route=%2Fwp%2Fv2%2Fproduct_brand&post=5094"},{"taxonomy":"product_cat","embeddable":true,"href":"https:\/\/webshop.ventil-trade.hu\/index.php?rest_route=%2Fwp%2Fv2%2Fproduct_cat&post=5094"},{"taxonomy":"product_tag","embeddable":true,"href":"https:\/\/webshop.ventil-trade.hu\/index.php?rest_route=%2Fwp%2Fv2%2Fproduct_tag&post=5094"}],"curies":[{"name":"wp","href":"https:\/\/api.w.org\/{rel}","templated":true}]}}