{"id":5101,"date":"2024-01-05T18:30:04","date_gmt":"2024-01-05T18:30:04","guid":{"rendered":"https:\/\/webshop.ventil-trade.hu\/?product=emmeti-egyenes-eloremeno-ropp-thermo-1-2"},"modified":"2026-03-06T13:02:04","modified_gmt":"2026-03-06T13:02:04","slug":"emmeti-egyenes-eloremeno-ropp-thermo-1-2","status":"publish","type":"product","link":"https:\/\/webshop.ventil-trade.hu\/?product=emmeti-egyenes-eloremeno-ropp-thermo-1-2","title":{"rendered":"Emmeti egyenes el\u0151remen\u0151 ropp. thermo 1\/2&#8243;"},"content":{"rendered":"<p>Radi\u00e1torszelep radi\u00e1tor bek\u00f6t\u00e9shez, Emmeti<br \/>\nA f\u0171t\u00e9si, l\u00e9gkondicion\u00e1l\u00e1si \u00e9s v\u00edz-higi\u00e9niai rendszerek kieg\u00e9sz\u00edt\u00e9s\u00e9hez haszn\u00e1lt tartoz\u00e9kok \u00e9s egy\u00e9b alkatr\u00e9szek kritikusak a teljes rendszer megfelel\u0151 \u00e9s hat\u00e9kony m\u0171k\u00f6d\u00e9s\u00e9hez.<br \/>\nMin\u0151s\u00e9g\u00fck \u00e9s megb\u00edzhat\u00f3s\u00e1guk kritikus fontoss\u00e1g\u00fa az energiafelhaszn\u00e1l\u00e1s optimaliz\u00e1l\u00e1sa, a pazarl\u00e1s megsz\u00fcntet\u00e9se, a biztons\u00e1gos m\u0171k\u00f6d\u00e9s, a jelenlegi \u00fczemi szab\u00e1lyok betart\u00e1sa \u00e9s a k\u00f6rnyezet v\u00e9delme szempontj\u00e1b\u00f3l.<br \/>\nA f\u0171t\u00e9si \u00e9s szaniterrendszerek komponenseinek v\u00e1laszt\u00e9k\u00e1t nyom\u00e1scs\u00f6kkent\u0151k, nyom\u00e1s- \u00e9s biztons\u00e1gi szelepek, keringet\u0151k, szigetel\u00e9s, t\u00e1pegys\u00e9g, h\u0151cser\u00e9l\u0151 kiegyenl\u00edt\u0151 szelepek, nyitott eloszt\u00f3k, szab\u00e1lyoz\u00f3 \u00e9s biztons\u00e1gi berendez\u00e9sek, valamint szigetel\u00e9s teszik teljess\u00e9.<br \/>\nA k\u00e9nyelmes kl\u00edma fenntart\u00e1sa \u00e9s a hullad\u00e9k mennyis\u00e9g\u00e9nek cs\u00f6kkent\u00e9se \u00e9rdek\u00e9ben a f\u0171t\u00e9si \u00e9s l\u00e9gkondicion\u00e1l\u00f3 rendszeren bel\u00fcli v\u00edz\u00e1raml\u00e1st megfelel\u0151en szab\u00e1lyozni kell.<br \/>\nEz\u00e9rt az olyan alkatr\u00e9szek, mint a termosztatikus fejek, a H-szelepek, a k\u00e9zi, a termosztatikus \u00e9s a termosztatikus radi\u00e1torszelepek elengedhetetlenek a rendszer t\u00edpus\u00e1t\u00f3l \u00e9s az otthoni termin\u00e1lokt\u00f3l f\u00fcgg\u0151en.<br \/>\nA szelepek \u00e9s z\u00e1rpajzsok minden t\u00edpus\u00fa cs\u0151re felhelyezhet\u0151k, bele\u00e9rtve a t\u00f6bbr\u00e9teg\u0171, m\u0171anyag, r\u00e9z \u00e9s horganyzott ac\u00e9lt is.<br \/>\nA szelep a k\u00f6vetkez\u0151kb\u0151l \u00e1ll:<br \/>\n&#8211; UNI EN 12165 CW617N nikkelezett s\u00e1rgar\u00e9z test<br \/>\n&#8211; TN UNI EN 12164 CW614N s\u00e1rgar\u00e9z red\u0151ny<br \/>\n&#8211; EPDM O-gy\u0171r\u0171<br \/>\n&#8211; TN EN 12164 CW614N r\u00fad<br \/>\n&#8211; EPDM O-gy\u0171r\u0171<br \/>\n&#8211; r\u00f6gz\u00edt\u00e9s ABS gomb, feh\u00e9r RAL 9003<br \/>\n&#8211; Anya UNI EN 12165 CW617N nikkelezett s\u00e1rgar\u00e9zb\u0151l<br \/>\n&#8211; TN UNI EN 12164 CW614N nikkelezett s\u00e1rgar\u00e9z csap<br \/>\nM\u0171szaki adatok:<br \/>\n&#8211; Maxim\u00e1lis \u00fczemi nyom\u00e1s: 10 bar &#8211; Maxim\u00e1lis \u00fczemi<br \/>\nnyom\u00e1sk\u00fcl\u00f6nbs\u00e9g: 1 bar<br \/>\nh\u0151m\u00e9rs\u00e9klet: + 100 \u00b0C<\/p>\n","protected":false},"excerpt":{"rendered":"<p>1\/2&#8243;<\/p>\n","protected":false},"featured_media":4498,"template":"","meta":[],"product_brand":[],"product_cat":[125],"product_tag":[],"class_list":{"0":"post-5101","1":"product","2":"type-product","3":"status-publish","4":"has-post-thumbnail","6":"product_cat-radiatorszelep","8":"first","9":"instock","10":"shipping-taxable","11":"purchasable","12":"product-type-simple","13":"berocket_lgv_grid","14":"berocket_lgv_list_grid"},"_links":{"self":[{"href":"https:\/\/webshop.ventil-trade.hu\/index.php?rest_route=\/wp\/v2\/product\/5101","targetHints":{"allow":["GET"]}}],"collection":[{"href":"https:\/\/webshop.ventil-trade.hu\/index.php?rest_route=\/wp\/v2\/product"}],"about":[{"href":"https:\/\/webshop.ventil-trade.hu\/index.php?rest_route=\/wp\/v2\/types\/product"}],"wp:featuredmedia":[{"embeddable":true,"href":"https:\/\/webshop.ventil-trade.hu\/index.php?rest_route=\/wp\/v2\/media\/4498"}],"wp:attachment":[{"href":"https:\/\/webshop.ventil-trade.hu\/index.php?rest_route=%2Fwp%2Fv2%2Fmedia&parent=5101"}],"wp:term":[{"taxonomy":"product_brand","embeddable":true,"href":"https:\/\/webshop.ventil-trade.hu\/index.php?rest_route=%2Fwp%2Fv2%2Fproduct_brand&post=5101"},{"taxonomy":"product_cat","embeddable":true,"href":"https:\/\/webshop.ventil-trade.hu\/index.php?rest_route=%2Fwp%2Fv2%2Fproduct_cat&post=5101"},{"taxonomy":"product_tag","embeddable":true,"href":"https:\/\/webshop.ventil-trade.hu\/index.php?rest_route=%2Fwp%2Fv2%2Fproduct_tag&post=5101"}],"curies":[{"name":"wp","href":"https:\/\/api.w.org\/{rel}","templated":true}]}}