{"id":5109,"date":"2024-01-05T18:30:08","date_gmt":"2024-01-05T18:30:08","guid":{"rendered":"https:\/\/webshop.ventil-trade.hu\/?product=emmeti-roppantos-csatlakozo-rez-1-2"},"modified":"2026-03-06T13:02:03","modified_gmt":"2026-03-06T13:02:03","slug":"emmeti-roppantos-csatlakozo-rez-1-2","status":"publish","type":"product","link":"https:\/\/webshop.ventil-trade.hu\/?product=emmeti-roppantos-csatlakozo-rez-1-2","title":{"rendered":"Emmeti roppant\u00f3s csatlakoz\u00f3 r\u00e9z 1\/2&#8243;"},"content":{"rendered":"<p>Radi\u00e1torszelep csatlakoz\u00f3, F\u00e9m idom r\u00e9zcs\u00f6vekhez 1\/2<\/p>\n","protected":false},"excerpt":{"rendered":"<p>15&#215;1<\/p>\n","protected":false},"featured_media":4481,"template":"","meta":[],"product_brand":[],"product_cat":[125],"product_tag":[],"class_list":{"0":"post-5109","1":"product","2":"type-product","3":"status-publish","4":"has-post-thumbnail","6":"product_cat-radiatorszelep","8":"first","9":"instock","10":"shipping-taxable","11":"purchasable","12":"product-type-simple","13":"berocket_lgv_grid","14":"berocket_lgv_list_grid"},"_links":{"self":[{"href":"https:\/\/webshop.ventil-trade.hu\/index.php?rest_route=\/wp\/v2\/product\/5109","targetHints":{"allow":["GET"]}}],"collection":[{"href":"https:\/\/webshop.ventil-trade.hu\/index.php?rest_route=\/wp\/v2\/product"}],"about":[{"href":"https:\/\/webshop.ventil-trade.hu\/index.php?rest_route=\/wp\/v2\/types\/product"}],"wp:featuredmedia":[{"embeddable":true,"href":"https:\/\/webshop.ventil-trade.hu\/index.php?rest_route=\/wp\/v2\/media\/4481"}],"wp:attachment":[{"href":"https:\/\/webshop.ventil-trade.hu\/index.php?rest_route=%2Fwp%2Fv2%2Fmedia&parent=5109"}],"wp:term":[{"taxonomy":"product_brand","embeddable":true,"href":"https:\/\/webshop.ventil-trade.hu\/index.php?rest_route=%2Fwp%2Fv2%2Fproduct_brand&post=5109"},{"taxonomy":"product_cat","embeddable":true,"href":"https:\/\/webshop.ventil-trade.hu\/index.php?rest_route=%2Fwp%2Fv2%2Fproduct_cat&post=5109"},{"taxonomy":"product_tag","embeddable":true,"href":"https:\/\/webshop.ventil-trade.hu\/index.php?rest_route=%2Fwp%2Fv2%2Fproduct_tag&post=5109"}],"curies":[{"name":"wp","href":"https:\/\/api.w.org\/{rel}","templated":true}]}}