{"id":5110,"date":"2024-01-05T18:30:09","date_gmt":"2024-01-05T18:30:09","guid":{"rendered":"https:\/\/webshop.ventil-trade.hu\/?product=emmeti-roppantos-csatlakozo-otregetu-1-2"},"modified":"2026-03-06T13:02:14","modified_gmt":"2026-03-06T13:02:14","slug":"emmeti-roppantos-csatlakozo-otregetu-1-2","status":"publish","type":"product","link":"https:\/\/webshop.ventil-trade.hu\/?product=emmeti-roppantos-csatlakozo-otregetu-1-2","title":{"rendered":"Emmeti roppant\u00f3s csatlakoz\u00f3 \u00f6tr\u00e9get\u0171 1\/2&#8243;"},"content":{"rendered":"<p>Radi\u00e1torszelep csatlakoz\u00f3, F\u00e9m idom r\u00e9zcs\u00f6vekhez 1\/3<\/p>\n","protected":false},"excerpt":{"rendered":"<p>16&#215;2<\/p>\n","protected":false},"featured_media":4478,"template":"","meta":[],"product_brand":[],"product_cat":[125],"product_tag":[],"class_list":{"0":"post-5110","1":"product","2":"type-product","3":"status-publish","4":"has-post-thumbnail","6":"product_cat-radiatorszelep","8":"first","9":"instock","10":"shipping-taxable","11":"purchasable","12":"product-type-simple","13":"berocket_lgv_grid","14":"berocket_lgv_list_grid"},"_links":{"self":[{"href":"https:\/\/webshop.ventil-trade.hu\/index.php?rest_route=\/wp\/v2\/product\/5110","targetHints":{"allow":["GET"]}}],"collection":[{"href":"https:\/\/webshop.ventil-trade.hu\/index.php?rest_route=\/wp\/v2\/product"}],"about":[{"href":"https:\/\/webshop.ventil-trade.hu\/index.php?rest_route=\/wp\/v2\/types\/product"}],"wp:featuredmedia":[{"embeddable":true,"href":"https:\/\/webshop.ventil-trade.hu\/index.php?rest_route=\/wp\/v2\/media\/4478"}],"wp:attachment":[{"href":"https:\/\/webshop.ventil-trade.hu\/index.php?rest_route=%2Fwp%2Fv2%2Fmedia&parent=5110"}],"wp:term":[{"taxonomy":"product_brand","embeddable":true,"href":"https:\/\/webshop.ventil-trade.hu\/index.php?rest_route=%2Fwp%2Fv2%2Fproduct_brand&post=5110"},{"taxonomy":"product_cat","embeddable":true,"href":"https:\/\/webshop.ventil-trade.hu\/index.php?rest_route=%2Fwp%2Fv2%2Fproduct_cat&post=5110"},{"taxonomy":"product_tag","embeddable":true,"href":"https:\/\/webshop.ventil-trade.hu\/index.php?rest_route=%2Fwp%2Fv2%2Fproduct_tag&post=5110"}],"curies":[{"name":"wp","href":"https:\/\/api.w.org\/{rel}","templated":true}]}}