{"id":5118,"date":"2024-01-05T18:30:13","date_gmt":"2024-01-05T18:30:13","guid":{"rendered":"https:\/\/webshop.ventil-trade.hu\/?product=herz-tersarok-eloremeno-bal-km-thermo-1-2-3-4"},"modified":"2026-03-06T13:02:13","modified_gmt":"2026-03-06T13:02:13","slug":"herz-tersarok-eloremeno-bal-km-thermo-1-2-3-4","status":"publish","type":"product","link":"https:\/\/webshop.ventil-trade.hu\/?product=herz-tersarok-eloremeno-bal-km-thermo-1-2-3-4","title":{"rendered":"Herz t\u00e9rsarok el\u0151remen\u0151 bal KM thermo 1\/2&#8243;-3\/4&#8243;"},"content":{"rendered":"<p>Radi\u00e1torszelep radi\u00e1tor bek\u00f6t\u00e9shez, Herz<br \/>\nA k\u00e9nyelmes kl\u00edma fenntart\u00e1sa \u00e9s a hullad\u00e9k mennyis\u00e9g\u00e9nek cs\u00f6kkent\u00e9se \u00e9rdek\u00e9ben a f\u0171t\u00e9si \u00e9s l\u00e9gkondicion\u00e1l\u00f3 rendszeren bel\u00fcli v\u00edz\u00e1raml\u00e1st megfelel\u0151en szab\u00e1lyozni kell.<br \/>\nEz\u00e9rt az olyan alkatr\u00e9szek, mint a termosztatikus fejek, a H-szelepek, a k\u00e9zi, a termosztatikus \u00e9s a termosztatikus radi\u00e1torszelepek elengedhetetlenek a rendszer t\u00edpus\u00e1t\u00f3l \u00e9s az otthoni termin\u00e1lokt\u00f3l f\u00fcgg\u0151en.<br \/>\nA szelepek \u00e9s z\u00e1rpajzsok minden t\u00edpus\u00fa cs\u0151re felhelyezhet\u0151k, bele\u00e9rtve a t\u00f6bbr\u00e9teg\u0171, m\u0171anyag, r\u00e9z \u00e9s horganyzott ac\u00e9lt is.<\/p>\n","protected":false},"excerpt":{"rendered":"<p>Radi\u00e1torszelep radi\u00e1tor bek\u00f6t\u00e9shez, Herz A k\u00e9nyelmes kl\u00edma fenntart\u00e1sa \u00e9s a hullad\u00e9k mennyis\u00e9g\u00e9nek cs\u00f6kkent\u00e9se \u00e9rdek\u00e9ben a f\u0171t\u00e9si \u00e9s l\u00e9gkondicion\u00e1l\u00f3 rendszeren bel\u00fcli v\u00edz\u00e1raml\u00e1st megfelel\u0151en szab\u00e1lyozni kell. Ez\u00e9rt az olyan alkatr\u00e9szek, mint a termosztatikus fejek, a H-szelepek, a k\u00e9zi, a termosztatikus \u00e9s a termosztatikus radi\u00e1torszelepek elengedhetetlenek a rendszer t\u00edpus\u00e1t\u00f3l \u00e9s az otthoni termin\u00e1lokt\u00f3l f\u00fcgg\u0151en. A szelepek \u00e9s z\u00e1rpajzsok&#8230;<\/p>\n","protected":false},"featured_media":4494,"template":"","meta":[],"product_brand":[],"product_cat":[125],"product_tag":[],"class_list":{"0":"post-5118","1":"product","2":"type-product","3":"status-publish","4":"has-post-thumbnail","6":"product_cat-radiatorszelep","8":"first","9":"instock","10":"shipping-taxable","11":"purchasable","12":"product-type-simple","13":"berocket_lgv_grid","14":"berocket_lgv_list_grid"},"_links":{"self":[{"href":"https:\/\/webshop.ventil-trade.hu\/index.php?rest_route=\/wp\/v2\/product\/5118","targetHints":{"allow":["GET"]}}],"collection":[{"href":"https:\/\/webshop.ventil-trade.hu\/index.php?rest_route=\/wp\/v2\/product"}],"about":[{"href":"https:\/\/webshop.ventil-trade.hu\/index.php?rest_route=\/wp\/v2\/types\/product"}],"wp:featuredmedia":[{"embeddable":true,"href":"https:\/\/webshop.ventil-trade.hu\/index.php?rest_route=\/wp\/v2\/media\/4494"}],"wp:attachment":[{"href":"https:\/\/webshop.ventil-trade.hu\/index.php?rest_route=%2Fwp%2Fv2%2Fmedia&parent=5118"}],"wp:term":[{"taxonomy":"product_brand","embeddable":true,"href":"https:\/\/webshop.ventil-trade.hu\/index.php?rest_route=%2Fwp%2Fv2%2Fproduct_brand&post=5118"},{"taxonomy":"product_cat","embeddable":true,"href":"https:\/\/webshop.ventil-trade.hu\/index.php?rest_route=%2Fwp%2Fv2%2Fproduct_cat&post=5118"},{"taxonomy":"product_tag","embeddable":true,"href":"https:\/\/webshop.ventil-trade.hu\/index.php?rest_route=%2Fwp%2Fv2%2Fproduct_tag&post=5118"}],"curies":[{"name":"wp","href":"https:\/\/api.w.org\/{rel}","templated":true}]}}