{"id":5131,"date":"2024-01-05T18:30:19","date_gmt":"2024-01-05T18:30:19","guid":{"rendered":"https:\/\/webshop.ventil-trade.hu\/?product=herz-mini-termosztatfej"},"modified":"2026-03-06T13:02:13","modified_gmt":"2026-03-06T13:02:13","slug":"herz-mini-termosztatfej","status":"publish","type":"product","link":"https:\/\/webshop.ventil-trade.hu\/?product=herz-mini-termosztatfej","title":{"rendered":"Herz mini termoszt\u00e1tfej"},"content":{"rendered":"<p>Termoszt\u00e1tfej termosztatikus radi\u00e1torszelephez, Herz mini:<br \/>\nHERZ-Design termosztatikus fejek M 28 x 1,5 csatlakoz\u00e1ssal,<br \/>\nHERZ-termosztatikus szelepekhez csatlakoztathat\u00f3<br \/>\nautomatikus fagyv\u00e9delem kb. 6 \u00b0C-n\u00e1l. Korl\u00e1toz\u00e1s \u00e9s r\u00f6gz\u00edt\u00e9s a teljes be\u00e1ll\u00edt\u00e1si tartom\u00e1nyban. Korl\u00e1toz\u00f3 t\u00fcske 1 9551 00 cikksz\u00e1mon\/(k\u00fcl\u00f6n rendelend\u0151). Porsche Design.<br \/>\n1 9230 06 &#8211;  be\u00e1ll\u00edt\u00e1si tartom\u00e1ny 0\u201330 \u00b0C, \u201c0\u201d \u00e1ll\u00e1sban elz\u00e1r\u00e1ssal, fagyv\u00e9delem kb. 6 \u00b0C-n\u00e1l be\u00e1ll\u00edthat\u00f3.<br \/>\n1 9260 06 &#8211; be\u00e1ll\u00edt\u00e1si tartom\u00e1ny 6\u201328 \u00b0C, automatikus fagyv\u00e9delem kb. 6 \u00b0C-n\u00e1l.<\/p>\n","protected":false},"excerpt":{"rendered":"<p>28&#215;1<\/p>\n","protected":false},"featured_media":4473,"template":"","meta":[],"product_brand":[],"product_cat":[126],"product_tag":[],"class_list":{"0":"post-5131","1":"product","2":"type-product","3":"status-publish","4":"has-post-thumbnail","6":"product_cat-termosztatfej","8":"first","9":"instock","10":"shipping-taxable","11":"purchasable","12":"product-type-simple","13":"berocket_lgv_grid","14":"berocket_lgv_list_grid"},"_links":{"self":[{"href":"https:\/\/webshop.ventil-trade.hu\/index.php?rest_route=\/wp\/v2\/product\/5131","targetHints":{"allow":["GET"]}}],"collection":[{"href":"https:\/\/webshop.ventil-trade.hu\/index.php?rest_route=\/wp\/v2\/product"}],"about":[{"href":"https:\/\/webshop.ventil-trade.hu\/index.php?rest_route=\/wp\/v2\/types\/product"}],"wp:featuredmedia":[{"embeddable":true,"href":"https:\/\/webshop.ventil-trade.hu\/index.php?rest_route=\/wp\/v2\/media\/4473"}],"wp:attachment":[{"href":"https:\/\/webshop.ventil-trade.hu\/index.php?rest_route=%2Fwp%2Fv2%2Fmedia&parent=5131"}],"wp:term":[{"taxonomy":"product_brand","embeddable":true,"href":"https:\/\/webshop.ventil-trade.hu\/index.php?rest_route=%2Fwp%2Fv2%2Fproduct_brand&post=5131"},{"taxonomy":"product_cat","embeddable":true,"href":"https:\/\/webshop.ventil-trade.hu\/index.php?rest_route=%2Fwp%2Fv2%2Fproduct_cat&post=5131"},{"taxonomy":"product_tag","embeddable":true,"href":"https:\/\/webshop.ventil-trade.hu\/index.php?rest_route=%2Fwp%2Fv2%2Fproduct_tag&post=5131"}],"curies":[{"name":"wp","href":"https:\/\/api.w.org\/{rel}","templated":true}]}}