{"id":5132,"date":"2024-01-05T18:30:19","date_gmt":"2024-01-05T18:30:19","guid":{"rendered":"https:\/\/webshop.ventil-trade.hu\/?product=herz-mini-termosztatfej-2"},"modified":"2026-03-06T13:02:13","modified_gmt":"2026-03-06T13:02:13","slug":"herz-mini-termosztatfej-2","status":"publish","type":"product","link":"https:\/\/webshop.ventil-trade.hu\/?product=herz-mini-termosztatfej-2","title":{"rendered":"Herz mini termoszt\u00e1tfej"},"content":{"rendered":"<p>Termoszt\u00e1tfej termosztatikus radi\u00e1torszelephez, Herz mini :<br \/>\nHERZ termosztatikus fej \u201cH\u201d M 30 x 1,5 csatlakoz\u00e1ssal<br \/>\nfolyad\u00e9kt\u00f6ltet\u0171 \u00e9rz\u00e9kel\u0151vel , be\u00e1ll\u00edt\u00e1si tartom\u00e1ny 6\u201328 \u00b0C, mechanikai elz\u00e1r\u00e1s n\u00e9lk\u00fcl, automatikus fagyv\u00e9delem kb. 6 \u00b0C-n\u00e1l. Korl\u00e1toz\u00e1s \u00e9s lez\u00e1r\u00e1s a teljes be\u00e1ll\u00edt\u00e1si tartom\u00e1nyban korl\u00e1toz\u00f3 csappal 1 9551 00 lehets\u00e9ges<\/p>\n","protected":false},"excerpt":{"rendered":"<p>30&#215;1,5<\/p>\n","protected":false},"featured_media":4477,"template":"","meta":[],"product_brand":[],"product_cat":[126],"product_tag":[],"class_list":{"0":"post-5132","1":"product","2":"type-product","3":"status-publish","4":"has-post-thumbnail","6":"product_cat-termosztatfej","8":"first","9":"instock","10":"shipping-taxable","11":"purchasable","12":"product-type-simple","13":"berocket_lgv_grid","14":"berocket_lgv_list_grid"},"_links":{"self":[{"href":"https:\/\/webshop.ventil-trade.hu\/index.php?rest_route=\/wp\/v2\/product\/5132","targetHints":{"allow":["GET"]}}],"collection":[{"href":"https:\/\/webshop.ventil-trade.hu\/index.php?rest_route=\/wp\/v2\/product"}],"about":[{"href":"https:\/\/webshop.ventil-trade.hu\/index.php?rest_route=\/wp\/v2\/types\/product"}],"wp:featuredmedia":[{"embeddable":true,"href":"https:\/\/webshop.ventil-trade.hu\/index.php?rest_route=\/wp\/v2\/media\/4477"}],"wp:attachment":[{"href":"https:\/\/webshop.ventil-trade.hu\/index.php?rest_route=%2Fwp%2Fv2%2Fmedia&parent=5132"}],"wp:term":[{"taxonomy":"product_brand","embeddable":true,"href":"https:\/\/webshop.ventil-trade.hu\/index.php?rest_route=%2Fwp%2Fv2%2Fproduct_brand&post=5132"},{"taxonomy":"product_cat","embeddable":true,"href":"https:\/\/webshop.ventil-trade.hu\/index.php?rest_route=%2Fwp%2Fv2%2Fproduct_cat&post=5132"},{"taxonomy":"product_tag","embeddable":true,"href":"https:\/\/webshop.ventil-trade.hu\/index.php?rest_route=%2Fwp%2Fv2%2Fproduct_tag&post=5132"}],"curies":[{"name":"wp","href":"https:\/\/api.w.org\/{rel}","templated":true}]}}