{"id":5134,"date":"2024-01-05T18:30:26","date_gmt":"2024-01-05T18:30:26","guid":{"rendered":"https:\/\/webshop.ventil-trade.hu\/?product=emmeti-termosztatfej"},"modified":"2026-03-06T13:02:03","modified_gmt":"2026-03-06T13:02:03","slug":"emmeti-termosztatfej","status":"publish","type":"product","link":"https:\/\/webshop.ventil-trade.hu\/?product=emmeti-termosztatfej","title":{"rendered":"Emmeti termoszt\u00e1tfej"},"content":{"rendered":"<p>Termoszt\u00e1tfej termosztatikus radi\u00e1torszelephez,Emmeti:<br \/>\nTermosztatikus szab\u00e1lyoz\u00f3fej Emmeti termosztatikus \u00e9s termosztatikus szelepekhez.<br \/>\nMegfelel az UNI EN 215 szabv\u00e1ny k\u00f6vetelm\u00e9nyeinek.<br \/>\nAz UNI EN 215 szabv\u00e1ny szerint tan\u00fas\u00edtott term\u00e9k 2 Poker valve modellel kombin\u00e1lva.<\/p>\n<p>A fej a k\u00f6vetkez\u0151kb\u0151l \u00e1ll:<br \/>\n&#8211; ABS szab\u00e1lyoz\u00f3 gomb, feh\u00e9r RAL 9003<br \/>\n&#8211; Kos\u00e1r meger\u0151s\u00edtett PA 6.6<br \/>\n&#8211; Termosztatikus folyad\u00e9k t\u00e1gul\u00e1si \u00e9rz\u00e9kel\u0151<br \/>\n&#8211; Gy\u0171r\u0171 rug\u00f3s ac\u00e9lb\u00f3l<br \/>\n&#8211; Nyom\u00f3 term\u00e9szetes acet\u00e1lgyant\u00e1b\u00f3l<br \/>\n&#8211; Rug\u00f3 DUNI 3823 nikkelezett ac\u00e9lb\u00f3l<br \/>\n&#8211; A sz\u00e1r term\u00e9szetes acet\u00e1lgyanta<br \/>\n&#8211; Er\u0151s\u00edtett PA 6.6 alap<br \/>\n&#8211; H\u0151m\u00e9rs\u00e9kletkorl\u00e1toz\u00f3 csap k\u00e9k \u00e9s piros sz\u00ednben, acet\u00e1lgyanta<br \/>\n&#8211; Gy\u0171r\u0171s anya M 30&#215;1,5 TN UNI EN 12164 CW614N nikkelezett s\u00e1rgar\u00e9zb\u0151l<\/p>\n<p>M\u0171szaki adatok az \u00e9rz\u00e9kel\u0151 termosztatikus fej\u00e9nek termosztatikus \u00e9s termoszt\u00e1lhat\u00f3 Poker szelepekkel val\u00f3 \u00f6sszekapcsol\u00e1s\u00e1ra vonatkoz\u00f3an:<br \/>\nMaxim\u00e1lis \u00fczemi nyom\u00e1s: 10 bar<br \/>\nMaxim\u00e1lis nyom\u00e1sk\u00fcl\u00f6nbs\u00e9g: 1 bar<br \/>\nNyom\u00e1sk\u00fcl\u00f6nbs\u00e9g hat\u00e1sa: 0,3 K<br \/>\nMaxim\u00e1lis k\u00f6rnyezeti h\u0151m\u00e9rs\u00e9klet: 40 \u00b0C<br \/>\nMaxim\u00e1lis rendszerv\u00edz h\u0151m\u00e9rs\u00e9klet: 100 \u00b0C<br \/>\nT\u00e1rol\u00e1s h\u0151m\u00e9rs\u00e9klet: &#8211; 10 \u00b0C \u00f7 + 50 \u00b0C<br \/>\nSzab\u00e1lyoz\u00e1si tartom\u00e1ny: 7\u00f7 28 \u00b0C<br \/>\nMaxim\u00e1lis emel\u00e9s: 0,22 mm\/K<br \/>\nHiszter\u00e9zis: 0,8 K<br \/>\nFagy\u00e1ll\u00f3 kiold\u00e1s: 7 \u00b0C<br \/>\nEgyenes Poker szelep n\u00e9vleges \u00e1raml\u00e1si sebess\u00e9g: 125\/l\/h<br \/>\nSz\u00f6g Poker szelep n\u00e9vleges \u00e1raml\u00e1si sebess\u00e9ge: 125\/l\/h<br \/>\nHat\u00f3s\u00e1g: 0,88<br \/>\nV\u00edzh\u0151m\u00e9rs\u00e9klet befoly\u00e1sol\u00e1sa: 1K<br \/>\nV\u00e1laszid\u0151: 25 perc<br \/>\nSzab\u00e1lyoz\u00e1si pontoss\u00e1g (CA): 1K<\/p>\n<p>H\u0151m\u00e9rs\u00e9klet-szab\u00e1lyoz\u00f3 \u00e9s tart\u00f3rendszer<br \/>\nTeljesen z\u00e1rt helyzet<\/p>\n","protected":false},"excerpt":{"rendered":"<p>30&#215;1,5<\/p>\n","protected":false},"featured_media":5133,"template":"","meta":[],"product_brand":[],"product_cat":[126],"product_tag":[],"class_list":{"0":"post-5134","1":"product","2":"type-product","3":"status-publish","4":"has-post-thumbnail","6":"product_cat-termosztatfej","8":"first","9":"instock","10":"shipping-taxable","11":"purchasable","12":"product-type-simple","13":"berocket_lgv_grid","14":"berocket_lgv_list_grid"},"_links":{"self":[{"href":"https:\/\/webshop.ventil-trade.hu\/index.php?rest_route=\/wp\/v2\/product\/5134","targetHints":{"allow":["GET"]}}],"collection":[{"href":"https:\/\/webshop.ventil-trade.hu\/index.php?rest_route=\/wp\/v2\/product"}],"about":[{"href":"https:\/\/webshop.ventil-trade.hu\/index.php?rest_route=\/wp\/v2\/types\/product"}],"wp:featuredmedia":[{"embeddable":true,"href":"https:\/\/webshop.ventil-trade.hu\/index.php?rest_route=\/wp\/v2\/media\/5133"}],"wp:attachment":[{"href":"https:\/\/webshop.ventil-trade.hu\/index.php?rest_route=%2Fwp%2Fv2%2Fmedia&parent=5134"}],"wp:term":[{"taxonomy":"product_brand","embeddable":true,"href":"https:\/\/webshop.ventil-trade.hu\/index.php?rest_route=%2Fwp%2Fv2%2Fproduct_brand&post=5134"},{"taxonomy":"product_cat","embeddable":true,"href":"https:\/\/webshop.ventil-trade.hu\/index.php?rest_route=%2Fwp%2Fv2%2Fproduct_cat&post=5134"},{"taxonomy":"product_tag","embeddable":true,"href":"https:\/\/webshop.ventil-trade.hu\/index.php?rest_route=%2Fwp%2Fv2%2Fproduct_tag&post=5134"}],"curies":[{"name":"wp","href":"https:\/\/api.w.org\/{rel}","templated":true}]}}