{"id":5148,"date":"2024-01-05T18:30:33","date_gmt":"2024-01-05T18:30:33","guid":{"rendered":"https:\/\/webshop.ventil-trade.hu\/?product=golyoscsap-kb-fix-imp-2"},"modified":"2026-03-06T13:02:32","modified_gmt":"2026-03-06T13:02:32","slug":"golyoscsap-kb-fix-imp-2","status":"publish","type":"product","link":"https:\/\/webshop.ventil-trade.hu\/?product=golyoscsap-kb-fix-imp-2","title":{"rendered":"Goly\u00f3scsap KB fix imp."},"content":{"rendered":"<p>Goly\u00f3scsap v\u00edzhez, Goly\u00f3scsapok<br \/>\nImport<br \/>\nHideg-meleg v\u00edz, k\u00f6zponti \u00e9s padl\u00f3f\u0171t\u00e9s rendszerekbe, a goly\u00f3scsap olyan szelep, amely egy k\u00f6r alak\u00fa csatorn\u00e1val rendelkez\u0151 g\u00f6mb\u00f6t haszn\u00e1l nyit\u00f3 \u00e9s z\u00e1r\u00f3 r\u00e9szk\u00e9nt. A g\u00f6mb forog a szelepsz\u00e1rral, hogy megval\u00f3s\u00edtsa a nyit\u00e1si \u00e9s z\u00e1r\u00e1si m\u0171veletet. 90 fokkal elforgathat\u00f3. A goly\u00f3scsap els\u0151sorban a cs\u0151vezet\u00e9kben l\u00e9v\u0151 k\u00f6zeg lev\u00e1g\u00e1s\u00e1ra, eloszt\u00e1s\u00e1ra \u00e9s \u00e1raml\u00e1si ir\u00e1ny\u00e1nak megv\u00e1ltoztat\u00e1s\u00e1ra szolg\u00e1l. Csak 90 fokkal kell elforgatni, \u00e9s kis nyomat\u00e9kkal szorosan le lehet z\u00e1rni.<br \/>\nImport goly\u00f3scsap KB Fix<br \/>\n1\/2&#8243;<br \/>\n3\/4&#8243;<br \/>\n1&#8242;<br \/>\n5\/4&#8243;<br \/>\n6\/4&#8243;<br \/>\n2&#8243;<\/p>\n","protected":false},"excerpt":{"rendered":"<p>3\/4&#8243;<\/p>\n","protected":false},"featured_media":4369,"template":"","meta":[],"product_brand":[],"product_cat":[127],"product_tag":[],"class_list":{"0":"post-5148","1":"product","2":"type-product","3":"status-publish","4":"has-post-thumbnail","6":"product_cat-golyoscsap","8":"first","9":"instock","10":"shipping-taxable","11":"purchasable","12":"product-type-simple","13":"berocket_lgv_grid","14":"berocket_lgv_list_grid"},"_links":{"self":[{"href":"https:\/\/webshop.ventil-trade.hu\/index.php?rest_route=\/wp\/v2\/product\/5148","targetHints":{"allow":["GET"]}}],"collection":[{"href":"https:\/\/webshop.ventil-trade.hu\/index.php?rest_route=\/wp\/v2\/product"}],"about":[{"href":"https:\/\/webshop.ventil-trade.hu\/index.php?rest_route=\/wp\/v2\/types\/product"}],"wp:featuredmedia":[{"embeddable":true,"href":"https:\/\/webshop.ventil-trade.hu\/index.php?rest_route=\/wp\/v2\/media\/4369"}],"wp:attachment":[{"href":"https:\/\/webshop.ventil-trade.hu\/index.php?rest_route=%2Fwp%2Fv2%2Fmedia&parent=5148"}],"wp:term":[{"taxonomy":"product_brand","embeddable":true,"href":"https:\/\/webshop.ventil-trade.hu\/index.php?rest_route=%2Fwp%2Fv2%2Fproduct_brand&post=5148"},{"taxonomy":"product_cat","embeddable":true,"href":"https:\/\/webshop.ventil-trade.hu\/index.php?rest_route=%2Fwp%2Fv2%2Fproduct_cat&post=5148"},{"taxonomy":"product_tag","embeddable":true,"href":"https:\/\/webshop.ventil-trade.hu\/index.php?rest_route=%2Fwp%2Fv2%2Fproduct_tag&post=5148"}],"curies":[{"name":"wp","href":"https:\/\/api.w.org\/{rel}","templated":true}]}}