{"id":5170,"date":"2024-01-05T18:30:44","date_gmt":"2024-01-05T18:30:44","guid":{"rendered":"https:\/\/webshop.ventil-trade.hu\/?product=visszacsaposzelep-rugos-6"},"modified":"2026-03-06T13:02:20","modified_gmt":"2026-03-06T13:02:20","slug":"visszacsaposzelep-rugos-6","status":"publish","type":"product","link":"https:\/\/webshop.ventil-trade.hu\/?product=visszacsaposzelep-rugos-6","title":{"rendered":"Visszacsap\u00f3szelep rug\u00f3s"},"content":{"rendered":"<p>Visszacsap\u00f3szelep, Visszacsap\u00f3 szelepek<br \/>\nR\u00e9z, rug\u00f3s visszacsap\u00f3 szelep , tiszta v\u00edz szivatty\u00faz\u00e1s\u00e1n\u00e1l haszn\u00e1latos visszacsap\u00f3szelep bels\u0151 menettel.<br \/>\nA nagy h\u0151m\u00e9rs\u00e9klet \u00e9s nyom\u00e1st\u0171r\u00e9snek k\u00f6sz\u00f6nhet\u0151en ipari felhaszn\u00e1l\u00e1sra is alkalmas.<br \/>\nOpci\u00f3k\u00e9nt v\u00e1s\u00e1rolt sz\u0171r\u0151 r\u00e1szerel\u00e9s\u00e9vel l\u00e1bszelepk\u00e9nt is haszn\u00e1lhat\u00f3.<\/p>\n<p>* H\u00e1z, t\u00e1ny\u00e9r, tengely: r\u00e9z;<br \/>\n* Rug\u00f3: rozsdamentes ac\u00e9l;<br \/>\n* Z\u00e1r\u00f3 r\u00e9sz: gumit\u00f6m\u00edt\u00e9ses;<br \/>\n* Max. h\u0151m\u00e9rs\u00e9klet: 100\u00b0C<br \/>\n* Max. \u00fczemi nyom\u00e1s 25 b\u00e1r.<br \/>\nM\u00e9retek:<br \/>\n1\/2&#8243;<br \/>\n3\/4&#8243;<br \/>\n1&#8243;<br \/>\n5\/4&#8243;<br \/>\n6\/4&#8243;<br \/>\n2&#8243;<\/p>\n","protected":false},"excerpt":{"rendered":"<p>2&#8243;<\/p>\n","protected":false},"featured_media":4516,"template":"","meta":[],"product_brand":[],"product_cat":[128],"product_tag":[],"class_list":{"0":"post-5170","1":"product","2":"type-product","3":"status-publish","4":"has-post-thumbnail","6":"product_cat-visszacsaposzelep","8":"first","9":"instock","10":"shipping-taxable","11":"purchasable","12":"product-type-simple","13":"berocket_lgv_grid","14":"berocket_lgv_list_grid"},"_links":{"self":[{"href":"https:\/\/webshop.ventil-trade.hu\/index.php?rest_route=\/wp\/v2\/product\/5170","targetHints":{"allow":["GET"]}}],"collection":[{"href":"https:\/\/webshop.ventil-trade.hu\/index.php?rest_route=\/wp\/v2\/product"}],"about":[{"href":"https:\/\/webshop.ventil-trade.hu\/index.php?rest_route=\/wp\/v2\/types\/product"}],"wp:featuredmedia":[{"embeddable":true,"href":"https:\/\/webshop.ventil-trade.hu\/index.php?rest_route=\/wp\/v2\/media\/4516"}],"wp:attachment":[{"href":"https:\/\/webshop.ventil-trade.hu\/index.php?rest_route=%2Fwp%2Fv2%2Fmedia&parent=5170"}],"wp:term":[{"taxonomy":"product_brand","embeddable":true,"href":"https:\/\/webshop.ventil-trade.hu\/index.php?rest_route=%2Fwp%2Fv2%2Fproduct_brand&post=5170"},{"taxonomy":"product_cat","embeddable":true,"href":"https:\/\/webshop.ventil-trade.hu\/index.php?rest_route=%2Fwp%2Fv2%2Fproduct_cat&post=5170"},{"taxonomy":"product_tag","embeddable":true,"href":"https:\/\/webshop.ventil-trade.hu\/index.php?rest_route=%2Fwp%2Fv2%2Fproduct_tag&post=5170"}],"curies":[{"name":"wp","href":"https:\/\/api.w.org\/{rel}","templated":true}]}}