{"id":5172,"date":"2024-01-05T18:30:45","date_gmt":"2024-01-05T18:30:45","guid":{"rendered":"https:\/\/webshop.ventil-trade.hu\/?product=iszaplevalaszto-tf1-total-filter-magneses-2"},"modified":"2026-03-06T13:02:49","modified_gmt":"2026-03-06T13:02:49","slug":"iszaplevalaszto-tf1-total-filter-magneses-2","status":"publish","type":"product","link":"https:\/\/webshop.ventil-trade.hu\/?product=iszaplevalaszto-tf1-total-filter-magneses-2","title":{"rendered":"Iszaplev\u00e1laszt\u00f3 TF1 Tot\u00e1l filter m\u00e1gneses"},"content":{"rendered":"<p>M\u00e1gneses iszaplev\u00e1laszt\u00f3, A Fernox TF1 Total Filter egy forradalmian \u00faj soros sz\u0171r\u0151, amely a hidrociklonos elv\u00e1laszt\u00e1s \u00e9s a speci\u00e1lisan erre a c\u00e9lra tervezett m\u00e1gneses egys\u00e9gek r\u00e9v\u00e9n elt\u00e1vol\u00edtja a rendszerben \u00e1raml\u00f3 v\u00edzb\u0151l a m\u00e1gneses \u00e9s a nem m\u00e1gneses szennyez\u0151d\u00e9seket, \u00e9s biztons\u00e1gosan a sz\u0171r\u0151ben tartja \u0151ket.<br \/>\nM\u00e9retek: 3\/4, 1<\/p>\n","protected":false},"excerpt":{"rendered":"<p>1&#8243;<\/p>\n","protected":false},"featured_media":4517,"template":"","meta":[],"product_brand":[],"product_cat":[129],"product_tag":[],"class_list":{"0":"post-5172","1":"product","2":"type-product","3":"status-publish","4":"has-post-thumbnail","6":"product_cat-iszaplevalaszto","8":"first","9":"instock","10":"shipping-taxable","11":"purchasable","12":"product-type-simple","13":"berocket_lgv_grid","14":"berocket_lgv_list_grid"},"_links":{"self":[{"href":"https:\/\/webshop.ventil-trade.hu\/index.php?rest_route=\/wp\/v2\/product\/5172","targetHints":{"allow":["GET"]}}],"collection":[{"href":"https:\/\/webshop.ventil-trade.hu\/index.php?rest_route=\/wp\/v2\/product"}],"about":[{"href":"https:\/\/webshop.ventil-trade.hu\/index.php?rest_route=\/wp\/v2\/types\/product"}],"wp:featuredmedia":[{"embeddable":true,"href":"https:\/\/webshop.ventil-trade.hu\/index.php?rest_route=\/wp\/v2\/media\/4517"}],"wp:attachment":[{"href":"https:\/\/webshop.ventil-trade.hu\/index.php?rest_route=%2Fwp%2Fv2%2Fmedia&parent=5172"}],"wp:term":[{"taxonomy":"product_brand","embeddable":true,"href":"https:\/\/webshop.ventil-trade.hu\/index.php?rest_route=%2Fwp%2Fv2%2Fproduct_brand&post=5172"},{"taxonomy":"product_cat","embeddable":true,"href":"https:\/\/webshop.ventil-trade.hu\/index.php?rest_route=%2Fwp%2Fv2%2Fproduct_cat&post=5172"},{"taxonomy":"product_tag","embeddable":true,"href":"https:\/\/webshop.ventil-trade.hu\/index.php?rest_route=%2Fwp%2Fv2%2Fproduct_tag&post=5172"}],"curies":[{"name":"wp","href":"https:\/\/api.w.org\/{rel}","templated":true}]}}