{"id":5188,"date":"2024-01-05T18:30:52","date_gmt":"2024-01-05T18:30:52","guid":{"rendered":"https:\/\/webshop.ventil-trade.hu\/?product=gebo-menetveg-1-2-olom"},"modified":"2026-03-06T13:02:36","modified_gmt":"2026-03-06T13:02:36","slug":"gebo-menetveg-1-2-olom","status":"publish","type":"product","link":"https:\/\/webshop.ventil-trade.hu\/?product=gebo-menetveg-1-2-olom","title":{"rendered":"Gebo menetv\u00e9g 1\/2&#8243; \u00f3lom"},"content":{"rendered":"<p>Gebo gyorscsatlakoz\u00f3 \u00f3lomcs\u0151re, Gebo menetv\u00e9g<br \/>\nMegl\u00e9v\u0151 cs\u0151vezet\u00e9kek jav\u00edt\u00e1sa \u00e9s \u00faj cs\u0151vezet\u00e9kek l\u00e9tes\u00edt\u00e9se v\u00edz, g\u00e1z, s\u0171r\u00edtett leveg\u0151 \u00e9s f\u0171t\u0151olaj (DIN 51603-1 szerint) k\u00f6zeghez.<br \/>\nTemper\u00f6ntv\u00e9nyb\u0151l k\u00e9sz\u00fclt szor\u00edt\u00f3gy\u0171r\u0171s gyorscsatlakoz\u00f3k ac\u00e9lcs\u0151h\u00f6z:<br \/>\nDIN EN 10255 \u00e9s DIN EN 10220 1. sz\u00e9ria szerinti menetes cs\u00f6vek.<br \/>\nTipikus alkalmaz\u00e1si ter\u00fcletek: \u00edv\u00f3v\u00edzvezet\u00e9k-szerel\u00e9s, bek\u00f6t\u0151cs\u00f6vek g\u00e1z- \u00e9s iv\u00f3v\u00edzell\u00e1t\u00e1shoz, t\u0171ziv\u00edz vezet\u00e9kek, s\u0171r\u00edtett leveg\u0151 vezet\u00e9kek, f\u0171t\u0151olaj vezet\u00e9kek \u00e9s h\u0171t\u0151folyad\u00e9k vezet\u00e9kek (felt\u00e9telesen).<br \/>\nK\u00f6zeg:<br \/>\nv\u00edz, g\u00e1z (\u00e9p\u00fcleten k\u00edv\u00fcl), s\u0171r\u00edtett leveg\u0151, f\u0171t\u0151olaj 2\u2033-ig. (Az \u00e9ghet\u0151 folyad\u00e9kokra vonatkoz\u00f3 m\u0171szaki szab\u00e1lyokat be kell tartani!)<br \/>\nGebo menetv\u00e9g 1\/2&#8243; \u00f3lom<br \/>\nGebo menetv\u00e9g 1\/2&#8243; \u00f3lom<br \/>\nGebo menetv\u00e9g 3\/4&#8243; \u00f3lom<br \/>\nGebo menetv\u00e9g 3\/4&#8243; \u00f3lom MAS r\u00e9z<br \/>\nGebo menetv\u00e9g 1&#8243; \u00f3lom<br \/>\nGebo menetv\u00e9g 1&#8243; \u00f3lom<br \/>\nGebo menetv\u00e9g 5\/4&#8243; \u00f3lom<br \/>\nGebo menetv\u00e9g 6\/4&#8243; \u00f3lom MAS r\u00e9z<br \/>\n20mm<br \/>\n21mm<br \/>\n26mm<br \/>\n22mm<br \/>\n32mm<br \/>\n34mm<br \/>\n40mm<br \/>\n42mm<\/p>\n<p>H\u0151m\u00e9rs\u00e9klet:<br \/>\niv\u00f3v\u00edz: 25 \u00b0C-ig; f\u0171t\u0151v\u00edz: 80 \u00b0C-ig; g\u00e1z: -20 \u2013 +60 \u00b0C; olaj: 40 \u00b0C<\/p>\n","protected":false},"excerpt":{"rendered":"<p>20mm<\/p>\n","protected":false},"featured_media":4090,"template":"","meta":[],"product_brand":[],"product_cat":[130],"product_tag":[],"class_list":{"0":"post-5188","1":"product","2":"type-product","3":"status-publish","4":"has-post-thumbnail","6":"product_cat-gebo-idomok","8":"first","9":"instock","10":"shipping-taxable","11":"purchasable","12":"product-type-simple","13":"berocket_lgv_grid","14":"berocket_lgv_list_grid"},"_links":{"self":[{"href":"https:\/\/webshop.ventil-trade.hu\/index.php?rest_route=\/wp\/v2\/product\/5188","targetHints":{"allow":["GET"]}}],"collection":[{"href":"https:\/\/webshop.ventil-trade.hu\/index.php?rest_route=\/wp\/v2\/product"}],"about":[{"href":"https:\/\/webshop.ventil-trade.hu\/index.php?rest_route=\/wp\/v2\/types\/product"}],"wp:featuredmedia":[{"embeddable":true,"href":"https:\/\/webshop.ventil-trade.hu\/index.php?rest_route=\/wp\/v2\/media\/4090"}],"wp:attachment":[{"href":"https:\/\/webshop.ventil-trade.hu\/index.php?rest_route=%2Fwp%2Fv2%2Fmedia&parent=5188"}],"wp:term":[{"taxonomy":"product_brand","embeddable":true,"href":"https:\/\/webshop.ventil-trade.hu\/index.php?rest_route=%2Fwp%2Fv2%2Fproduct_brand&post=5188"},{"taxonomy":"product_cat","embeddable":true,"href":"https:\/\/webshop.ventil-trade.hu\/index.php?rest_route=%2Fwp%2Fv2%2Fproduct_cat&post=5188"},{"taxonomy":"product_tag","embeddable":true,"href":"https:\/\/webshop.ventil-trade.hu\/index.php?rest_route=%2Fwp%2Fv2%2Fproduct_tag&post=5188"}],"curies":[{"name":"wp","href":"https:\/\/api.w.org\/{rel}","templated":true}]}}