{"id":5200,"date":"2024-01-05T18:30:57","date_gmt":"2024-01-05T18:30:57","guid":{"rendered":"https:\/\/webshop.ventil-trade.hu\/?product=gebo-osszekoto-bilincs-5"},"modified":"2026-03-06T13:02:36","modified_gmt":"2026-03-06T13:02:36","slug":"gebo-osszekoto-bilincs-5","status":"publish","type":"product","link":"https:\/\/webshop.ventil-trade.hu\/?product=gebo-osszekoto-bilincs-5","title":{"rendered":"Gebo \u00f6sszek\u00f6t\u0151 bilincs"},"content":{"rendered":"<p>Gebo \u00f6sszek\u00f6t\u0151 bilincs vascs\u0151re, Gebo \u00f6sszek\u00f6t\u0151 bilincs<\/p>\n<p>Lyukak, reped\u00e9sek, por\u00f3zus r\u00e9szek t\u00f6m\u00edt\u00e9s\u00e9re<br \/>\nAc\u00e9lcs\u00f6vekhez:<\/p>\n<p>DIN EN 10255 \u00e9s DIN EN 10220 1. sz\u00e9ria<br \/>\n\u2022\tK\u00f6zeg: V\u00edz<br \/>\n\u2022\tH\u0151m\u00e9rs\u00e9klet: iv\u00f3v\u00edz 25 \u00b0C-ig, f\u0171t\u0151v\u00edz 90 \u00b0C-ig<br \/>\n17,2 mm \u2013 114,3 mm:<br \/>\n\u2022\tNyom\u00e1sfokozat: v\u00edz NNY 16<br \/>\n\u2022\tEnged\u00e9lyek: V\u00edz: \u00c9MI 20-CPR-236, BFKH (\u00c1NTSZ) BP\/NEF-TKI\/07924-5\/2019.<br \/>\n3\/8&#8243;<br \/>\n1\/2&#8243;<br \/>\n3\/4&#8243;<br \/>\n1&#8243;<br \/>\n5\/4&#8243;<br \/>\n6\/4&#8243;<br \/>\n2&#8243;<\/p>\n","protected":false},"excerpt":{"rendered":"<p>5\/4&#8243;<\/p>\n","protected":false},"featured_media":4096,"template":"","meta":[],"product_brand":[],"product_cat":[130],"product_tag":[],"class_list":{"0":"post-5200","1":"product","2":"type-product","3":"status-publish","4":"has-post-thumbnail","6":"product_cat-gebo-idomok","8":"first","9":"instock","10":"shipping-taxable","11":"purchasable","12":"product-type-simple","13":"berocket_lgv_grid","14":"berocket_lgv_list_grid"},"_links":{"self":[{"href":"https:\/\/webshop.ventil-trade.hu\/index.php?rest_route=\/wp\/v2\/product\/5200","targetHints":{"allow":["GET"]}}],"collection":[{"href":"https:\/\/webshop.ventil-trade.hu\/index.php?rest_route=\/wp\/v2\/product"}],"about":[{"href":"https:\/\/webshop.ventil-trade.hu\/index.php?rest_route=\/wp\/v2\/types\/product"}],"wp:featuredmedia":[{"embeddable":true,"href":"https:\/\/webshop.ventil-trade.hu\/index.php?rest_route=\/wp\/v2\/media\/4096"}],"wp:attachment":[{"href":"https:\/\/webshop.ventil-trade.hu\/index.php?rest_route=%2Fwp%2Fv2%2Fmedia&parent=5200"}],"wp:term":[{"taxonomy":"product_brand","embeddable":true,"href":"https:\/\/webshop.ventil-trade.hu\/index.php?rest_route=%2Fwp%2Fv2%2Fproduct_brand&post=5200"},{"taxonomy":"product_cat","embeddable":true,"href":"https:\/\/webshop.ventil-trade.hu\/index.php?rest_route=%2Fwp%2Fv2%2Fproduct_cat&post=5200"},{"taxonomy":"product_tag","embeddable":true,"href":"https:\/\/webshop.ventil-trade.hu\/index.php?rest_route=%2Fwp%2Fv2%2Fproduct_tag&post=5200"}],"curies":[{"name":"wp","href":"https:\/\/api.w.org\/{rel}","templated":true}]}}