{"id":5207,"date":"2024-01-05T18:31:01","date_gmt":"2024-01-05T18:31:01","guid":{"rendered":"https:\/\/webshop.ventil-trade.hu\/?product=zilmet-hocserelo"},"modified":"2026-03-06T13:02:35","modified_gmt":"2026-03-06T13:02:35","slug":"zilmet-hocserelo","status":"publish","type":"product","link":"https:\/\/webshop.ventil-trade.hu\/?product=zilmet-hocserelo","title":{"rendered":"Zilmet h\u0151cser\u00e9l\u0151"},"content":{"rendered":"<p>H\u0151cser\u00e9l\u0151k<br \/>\nForrasztott h\u0151cser\u00e9l\u0151k<br \/>\nA Zilmet kem\u00e9nyforrasztott h\u0151cser\u00e9l\u0151k egy sor rozsdamentes ac\u00e9llemezb\u0151l \u00e1llnak, amelyek egy kezdeti lemez \u00e9s egy v\u00e9gs\u0151 lemez k\u00f6z\u00e9 vannak korl\u00e1tozva.<br \/>\nA legsz\u00e9ls\u0151s\u00e9gesebb munkak\u00f6r\u00fclm\u00e9nyek k\u00f6z\u00f6tt a maxim\u00e1lis hat\u00e9konys\u00e1g garant\u00e1l\u00e1sa \u00e9rdek\u00e9ben a Zilmet forrasztott h\u0151cser\u00e9l\u0151k lemezei a legjobb min\u0151s\u00e9g\u0171 tiszta r\u00e9zzel vannak \u00f6sszehegesztve.<br \/>\nA kem\u00e9nyforraszt\u00e1s sor\u00e1n t\u00f6k\u00e9letes k\u00f6t\u00e9s j\u00f6n l\u00e9tre, amely a legmagasabb nyom\u00e1s- \u00e9s h\u0151m\u00e9rs\u00e9klet-gradienshez is alkalmas.<br \/>\nA lemezek nagy fel\u00fclete, a k\u00fcl\u00f6nleges forma \u00e9s a nagyfok\u00fa turbulencia lehet\u0151v\u00e9 teszi a maxim\u00e1lis hat\u00e9konys\u00e1g el\u00e9r\u00e9s\u00e9t minden olyan helyzetben, ahol k\u00e9t folyad\u00e9k k\u00f6z\u00f6tti h\u0151csere sz\u00fcks\u00e9ges, \u00e9s a Zilmet h\u0151cser\u00e9l\u0151t k\u00fcl\u00f6n\u00f6sen alkalmass\u00e1 teszi sokf\u00e9le alkalmaz\u00e1sok:<br \/>\n\u2022        Azonnali melegv\u00edz el\u0151\u00e1ll\u00edt\u00e1s                                                              10, 20, 30, 40 lemezes<br \/>\n\u2022        Melegv\u00edz k\u00e9sz\u00edt\u00e9s t\u00e1rol\u00f3val<br \/>\n\u2022        Hagyom\u00e1nyos f\u0171t\u00e9s bojlerrel<br \/>\n\u2022        Medence f\u0171t\u00e9s<br \/>\n\u2022        Termikus \u00e1ramk\u00f6r\u00f6k sz\u00e9tkapcsol\u00e1sa<br \/>\n\u2022        T\u00e1vf\u0171t\u00e9s<br \/>\n\u2022        Napelemes rendszerek<\/p>\n","protected":false},"excerpt":{"rendered":"<p>10 lemezes<\/p>\n","protected":false},"featured_media":4109,"template":"","meta":[],"product_brand":[],"product_cat":[39],"product_tag":[],"class_list":{"0":"post-5207","1":"product","2":"type-product","3":"status-publish","4":"has-post-thumbnail","6":"product_cat-hocserelok","8":"first","9":"instock","10":"shipping-taxable","11":"purchasable","12":"product-type-simple","13":"berocket_lgv_grid","14":"berocket_lgv_list_grid"},"_links":{"self":[{"href":"https:\/\/webshop.ventil-trade.hu\/index.php?rest_route=\/wp\/v2\/product\/5207","targetHints":{"allow":["GET"]}}],"collection":[{"href":"https:\/\/webshop.ventil-trade.hu\/index.php?rest_route=\/wp\/v2\/product"}],"about":[{"href":"https:\/\/webshop.ventil-trade.hu\/index.php?rest_route=\/wp\/v2\/types\/product"}],"wp:featuredmedia":[{"embeddable":true,"href":"https:\/\/webshop.ventil-trade.hu\/index.php?rest_route=\/wp\/v2\/media\/4109"}],"wp:attachment":[{"href":"https:\/\/webshop.ventil-trade.hu\/index.php?rest_route=%2Fwp%2Fv2%2Fmedia&parent=5207"}],"wp:term":[{"taxonomy":"product_brand","embeddable":true,"href":"https:\/\/webshop.ventil-trade.hu\/index.php?rest_route=%2Fwp%2Fv2%2Fproduct_brand&post=5207"},{"taxonomy":"product_cat","embeddable":true,"href":"https:\/\/webshop.ventil-trade.hu\/index.php?rest_route=%2Fwp%2Fv2%2Fproduct_cat&post=5207"},{"taxonomy":"product_tag","embeddable":true,"href":"https:\/\/webshop.ventil-trade.hu\/index.php?rest_route=%2Fwp%2Fv2%2Fproduct_tag&post=5207"}],"curies":[{"name":"wp","href":"https:\/\/api.w.org\/{rel}","templated":true}]}}