{"id":5213,"date":"2024-01-05T18:31:03","date_gmt":"2024-01-05T18:31:03","guid":{"rendered":"https:\/\/webshop.ventil-trade.hu\/?product=muanyag-bilincs-1-es-3"},"modified":"2026-03-06T13:02:47","modified_gmt":"2026-03-06T13:02:47","slug":"muanyag-bilincs-1-es-3","status":"publish","type":"product","link":"https:\/\/webshop.ventil-trade.hu\/?product=muanyag-bilincs-1-es-3","title":{"rendered":"M\u0171anyag bilincs 1-es"},"content":{"rendered":"<p>M\u0171anyag r\u00f6gz\u00edt\u0151bilincsek cs\u00f6vekhez, M\u0171anyag cs\u0151bilincs 1-es, 2-es Cs\u0151bilincs fajt\u00e1i \u00e9s azok haszn\u00e1lata. A cs\u0151bilincs, ahogyan azt m\u00e1r a neve is mondja egy k\u00f6r alak\u00fa szerkezet, amely a cs\u00f6vek fog\u00e1s\u00e1ra, r\u00f6gz\u00edt\u00e9s\u00e9re alkalmas.<br \/>\ngy\u00e1rt\u00f3: Styron<br \/>\nanyaga: polipropil\u00e9n<br \/>\nM\u00e9retek:<br \/>\n15mm<br \/>\n18mm<br \/>\n22mm<br \/>\n28mm<\/p>\n","protected":false},"excerpt":{"rendered":"<p>22mm<\/p>\n","protected":false},"featured_media":4179,"template":"","meta":[],"product_brand":[],"product_cat":[132],"product_tag":[],"class_list":{"0":"post-5213","1":"product","2":"type-product","3":"status-publish","4":"has-post-thumbnail","6":"product_cat-rogzitobilincsek","8":"first","9":"instock","10":"shipping-taxable","11":"purchasable","12":"product-type-simple","13":"berocket_lgv_grid","14":"berocket_lgv_list_grid"},"_links":{"self":[{"href":"https:\/\/webshop.ventil-trade.hu\/index.php?rest_route=\/wp\/v2\/product\/5213","targetHints":{"allow":["GET"]}}],"collection":[{"href":"https:\/\/webshop.ventil-trade.hu\/index.php?rest_route=\/wp\/v2\/product"}],"about":[{"href":"https:\/\/webshop.ventil-trade.hu\/index.php?rest_route=\/wp\/v2\/types\/product"}],"wp:featuredmedia":[{"embeddable":true,"href":"https:\/\/webshop.ventil-trade.hu\/index.php?rest_route=\/wp\/v2\/media\/4179"}],"wp:attachment":[{"href":"https:\/\/webshop.ventil-trade.hu\/index.php?rest_route=%2Fwp%2Fv2%2Fmedia&parent=5213"}],"wp:term":[{"taxonomy":"product_brand","embeddable":true,"href":"https:\/\/webshop.ventil-trade.hu\/index.php?rest_route=%2Fwp%2Fv2%2Fproduct_brand&post=5213"},{"taxonomy":"product_cat","embeddable":true,"href":"https:\/\/webshop.ventil-trade.hu\/index.php?rest_route=%2Fwp%2Fv2%2Fproduct_cat&post=5213"},{"taxonomy":"product_tag","embeddable":true,"href":"https:\/\/webshop.ventil-trade.hu\/index.php?rest_route=%2Fwp%2Fv2%2Fproduct_tag&post=5213"}],"curies":[{"name":"wp","href":"https:\/\/api.w.org\/{rel}","templated":true}]}}