{"id":5219,"date":"2024-01-05T18:31:06","date_gmt":"2024-01-05T18:31:06","guid":{"rendered":"https:\/\/webshop.ventil-trade.hu\/?product=gumis-csobilincs"},"modified":"2026-03-06T13:01:47","modified_gmt":"2026-03-06T13:01:47","slug":"gumis-csobilincs","status":"publish","type":"product","link":"https:\/\/webshop.ventil-trade.hu\/?product=gumis-csobilincs","title":{"rendered":"Gumis cs\u0151bilincs"},"content":{"rendered":"<p>Gumis r\u00f6gz\u00edt\u0151bilincs cs\u00f6vekhez,Gumis cs\u0151bilincs<br \/>\nConcept egycsavaros gumis cs\u0151bilincs v\u00edz-, g\u00e1z- \u00e9s f\u0171t\u00e9scs\u00f6vek (padl\u00f3ra, mennyezetre, vagy oldalfalra) t\u00f6rt\u00e9n\u0151 r\u00f6gz\u00edt\u00e9s\u00e9hez.<br \/>\nM\u00e9retek:<br \/>\n12mm-16mm<br \/>\n17mm-19mm<br \/>\n20mm-23mm<br \/>\n25mm-30mm<br \/>\n31mm-38mm<br \/>\n40mm-46mm<br \/>\n48mm-53mm<br \/>\n59mm-63mm<br \/>\n102mm-116mm<br \/>\n121mm-127mm<br \/>\n159mm-168mm<br \/>\n192mm-202mm<\/p>\n","protected":false},"excerpt":{"rendered":"<p>12mm-16mm<\/p>\n","protected":false},"featured_media":4189,"template":"","meta":[],"product_brand":[],"product_cat":[132],"product_tag":[],"class_list":{"0":"post-5219","1":"product","2":"type-product","3":"status-publish","4":"has-post-thumbnail","6":"product_cat-rogzitobilincsek","8":"first","9":"instock","10":"shipping-taxable","11":"purchasable","12":"product-type-simple","13":"berocket_lgv_grid","14":"berocket_lgv_list_grid"},"_links":{"self":[{"href":"https:\/\/webshop.ventil-trade.hu\/index.php?rest_route=\/wp\/v2\/product\/5219","targetHints":{"allow":["GET"]}}],"collection":[{"href":"https:\/\/webshop.ventil-trade.hu\/index.php?rest_route=\/wp\/v2\/product"}],"about":[{"href":"https:\/\/webshop.ventil-trade.hu\/index.php?rest_route=\/wp\/v2\/types\/product"}],"wp:featuredmedia":[{"embeddable":true,"href":"https:\/\/webshop.ventil-trade.hu\/index.php?rest_route=\/wp\/v2\/media\/4189"}],"wp:attachment":[{"href":"https:\/\/webshop.ventil-trade.hu\/index.php?rest_route=%2Fwp%2Fv2%2Fmedia&parent=5219"}],"wp:term":[{"taxonomy":"product_brand","embeddable":true,"href":"https:\/\/webshop.ventil-trade.hu\/index.php?rest_route=%2Fwp%2Fv2%2Fproduct_brand&post=5219"},{"taxonomy":"product_cat","embeddable":true,"href":"https:\/\/webshop.ventil-trade.hu\/index.php?rest_route=%2Fwp%2Fv2%2Fproduct_cat&post=5219"},{"taxonomy":"product_tag","embeddable":true,"href":"https:\/\/webshop.ventil-trade.hu\/index.php?rest_route=%2Fwp%2Fv2%2Fproduct_tag&post=5219"}],"curies":[{"name":"wp","href":"https:\/\/api.w.org\/{rel}","templated":true}]}}