{"id":5231,"date":"2024-01-05T18:31:11","date_gmt":"2024-01-05T18:31:11","guid":{"rendered":"https:\/\/webshop.ventil-trade.hu\/?product=furhato-csobilincs"},"modified":"2026-03-06T13:02:47","modified_gmt":"2026-03-06T13:02:47","slug":"furhato-csobilincs","status":"publish","type":"product","link":"https:\/\/webshop.ventil-trade.hu\/?product=furhato-csobilincs","title":{"rendered":"F\u00farhat\u00f3 cs\u0151bilincs"},"content":{"rendered":"<p>F\u00farhat\u00f3 cs\u0151bilincs v\u00edz-\u00e9s g\u00e1zszerel\u00e9shez, Tiplis bilincs 1\/2&#8242; \u00e9p\u00fcletg\u00e9p\u00e9szeti cs\u00f6vek falon k\u00edv\u00fcli r\u00f6gz\u00edt\u00e9s\u00e9re.<br \/>\n3\/8&#8243;<br \/>\n1\/2&#8243;<br \/>\n3\/4&#8243;<br \/>\n1&#8243;<br \/>\n5\/4&#8243;<br \/>\n6\/4&#8243;<br \/>\n2&#8243;<\/p>\n","protected":false},"excerpt":{"rendered":"<p>3\/8&#8243;<\/p>\n","protected":false},"featured_media":4182,"template":"","meta":[],"product_brand":[],"product_cat":[132],"product_tag":[],"class_list":{"0":"post-5231","1":"product","2":"type-product","3":"status-publish","4":"has-post-thumbnail","6":"product_cat-rogzitobilincsek","8":"first","9":"instock","10":"shipping-taxable","11":"purchasable","12":"product-type-simple","13":"berocket_lgv_grid","14":"berocket_lgv_list_grid"},"_links":{"self":[{"href":"https:\/\/webshop.ventil-trade.hu\/index.php?rest_route=\/wp\/v2\/product\/5231","targetHints":{"allow":["GET"]}}],"collection":[{"href":"https:\/\/webshop.ventil-trade.hu\/index.php?rest_route=\/wp\/v2\/product"}],"about":[{"href":"https:\/\/webshop.ventil-trade.hu\/index.php?rest_route=\/wp\/v2\/types\/product"}],"wp:featuredmedia":[{"embeddable":true,"href":"https:\/\/webshop.ventil-trade.hu\/index.php?rest_route=\/wp\/v2\/media\/4182"}],"wp:attachment":[{"href":"https:\/\/webshop.ventil-trade.hu\/index.php?rest_route=%2Fwp%2Fv2%2Fmedia&parent=5231"}],"wp:term":[{"taxonomy":"product_brand","embeddable":true,"href":"https:\/\/webshop.ventil-trade.hu\/index.php?rest_route=%2Fwp%2Fv2%2Fproduct_brand&post=5231"},{"taxonomy":"product_cat","embeddable":true,"href":"https:\/\/webshop.ventil-trade.hu\/index.php?rest_route=%2Fwp%2Fv2%2Fproduct_cat&post=5231"},{"taxonomy":"product_tag","embeddable":true,"href":"https:\/\/webshop.ventil-trade.hu\/index.php?rest_route=%2Fwp%2Fv2%2Fproduct_tag&post=5231"}],"curies":[{"name":"wp","href":"https:\/\/api.w.org\/{rel}","templated":true}]}}