{"id":5245,"date":"2024-01-05T18:31:21","date_gmt":"2024-01-05T18:31:21","guid":{"rendered":"https:\/\/webshop.ventil-trade.hu\/?product=bilincs-bordasgumival-dupla-4"},"modified":"2026-03-06T13:02:28","modified_gmt":"2026-03-06T13:02:28","slug":"bilincs-bordasgumival-dupla-4","status":"publish","type":"product","link":"https:\/\/webshop.ventil-trade.hu\/?product=bilincs-bordasgumival-dupla-4","title":{"rendered":"Bilincs bord\u00e1sgumival dupla"},"content":{"rendered":"<p>Bilincs bord\u00e1sgumival v\u00edz-\u00e9s g\u00e1zszerel\u00e9shez, Fischer CDI Kett\u0151s gumibet\u00e9tes cs\u0151bilincs cs\u00f6vek r\u00f6gz\u00edt\u00e9s\u00e9hez<br \/>\nA CDI kettes f\u00e9m cs\u0151bilincs lehet\u0151v\u00e9 teszi a r\u00e9z-, ac\u00e9l- \u00e9s t\u00f6bbr\u00e9teg\u0171 cs\u00f6vek r\u00f6gz\u00edt\u00e9s\u00e9t. A CSI kett\u0151s f\u00e9m cs\u0151bilincs t\u0151csavarokkal, be\u00fct\u0151d\u00fcbellel \u00e9s told\u00f3kkal haszn\u00e1lhat\u00f3.<\/p>\n<p>M\u00e9retek:<br \/>\n16mm<br \/>\n18mm<br \/>\n22mm<br \/>\n28mm<\/p>\n","protected":false},"excerpt":{"rendered":"<p>28mm<\/p>\n","protected":false},"featured_media":4207,"template":"","meta":[],"product_brand":[],"product_cat":[132],"product_tag":[],"class_list":{"0":"post-5245","1":"product","2":"type-product","3":"status-publish","4":"has-post-thumbnail","6":"product_cat-rogzitobilincsek","8":"first","9":"instock","10":"shipping-taxable","11":"purchasable","12":"product-type-simple","13":"berocket_lgv_grid","14":"berocket_lgv_list_grid"},"_links":{"self":[{"href":"https:\/\/webshop.ventil-trade.hu\/index.php?rest_route=\/wp\/v2\/product\/5245","targetHints":{"allow":["GET"]}}],"collection":[{"href":"https:\/\/webshop.ventil-trade.hu\/index.php?rest_route=\/wp\/v2\/product"}],"about":[{"href":"https:\/\/webshop.ventil-trade.hu\/index.php?rest_route=\/wp\/v2\/types\/product"}],"wp:featuredmedia":[{"embeddable":true,"href":"https:\/\/webshop.ventil-trade.hu\/index.php?rest_route=\/wp\/v2\/media\/4207"}],"wp:attachment":[{"href":"https:\/\/webshop.ventil-trade.hu\/index.php?rest_route=%2Fwp%2Fv2%2Fmedia&parent=5245"}],"wp:term":[{"taxonomy":"product_brand","embeddable":true,"href":"https:\/\/webshop.ventil-trade.hu\/index.php?rest_route=%2Fwp%2Fv2%2Fproduct_brand&post=5245"},{"taxonomy":"product_cat","embeddable":true,"href":"https:\/\/webshop.ventil-trade.hu\/index.php?rest_route=%2Fwp%2Fv2%2Fproduct_cat&post=5245"},{"taxonomy":"product_tag","embeddable":true,"href":"https:\/\/webshop.ventil-trade.hu\/index.php?rest_route=%2Fwp%2Fv2%2Fproduct_tag&post=5245"}],"curies":[{"name":"wp","href":"https:\/\/api.w.org\/{rel}","templated":true}]}}