{"id":5253,"date":"2024-01-05T18:31:24","date_gmt":"2024-01-05T18:31:24","guid":{"rendered":"https:\/\/webshop.ventil-trade.hu\/?product=tipli-csavar-10db-3"},"modified":"2026-03-06T13:02:49","modified_gmt":"2026-03-06T13:02:49","slug":"tipli-csavar-10db-3","status":"publish","type":"product","link":"https:\/\/webshop.ventil-trade.hu\/?product=tipli-csavar-10db-3","title":{"rendered":"Tipli + csavar 10db"},"content":{"rendered":"<p>Tipli csavarr\u00f6gz\u00edt\u00e9shez,Tipli+csavar<br \/>\nFa csavar, sz\u00f6gletes tiplivel<br \/>\nA tipli a csavart a lehet\u0151 legszorosabban r\u00f6gz\u00edti, hogy az meg tudja tartani a hozz\u00e1 r\u00f6gz\u00edtett t\u00e1rgy s\u00faly\u00e1t.<br \/>\n8mm, 10mm, 12mm<\/p>\n","protected":false},"excerpt":{"rendered":"<p>12mm<\/p>\n","protected":false},"featured_media":4221,"template":"","meta":[],"product_brand":[],"product_cat":[80],"product_tag":[],"class_list":{"0":"post-5253","1":"product","2":"type-product","3":"status-publish","4":"has-post-thumbnail","6":"product_cat-rogzitestechnika","8":"first","9":"instock","10":"shipping-taxable","11":"purchasable","12":"product-type-simple","13":"berocket_lgv_grid","14":"berocket_lgv_list_grid"},"_links":{"self":[{"href":"https:\/\/webshop.ventil-trade.hu\/index.php?rest_route=\/wp\/v2\/product\/5253","targetHints":{"allow":["GET"]}}],"collection":[{"href":"https:\/\/webshop.ventil-trade.hu\/index.php?rest_route=\/wp\/v2\/product"}],"about":[{"href":"https:\/\/webshop.ventil-trade.hu\/index.php?rest_route=\/wp\/v2\/types\/product"}],"wp:featuredmedia":[{"embeddable":true,"href":"https:\/\/webshop.ventil-trade.hu\/index.php?rest_route=\/wp\/v2\/media\/4221"}],"wp:attachment":[{"href":"https:\/\/webshop.ventil-trade.hu\/index.php?rest_route=%2Fwp%2Fv2%2Fmedia&parent=5253"}],"wp:term":[{"taxonomy":"product_brand","embeddable":true,"href":"https:\/\/webshop.ventil-trade.hu\/index.php?rest_route=%2Fwp%2Fv2%2Fproduct_brand&post=5253"},{"taxonomy":"product_cat","embeddable":true,"href":"https:\/\/webshop.ventil-trade.hu\/index.php?rest_route=%2Fwp%2Fv2%2Fproduct_cat&post=5253"},{"taxonomy":"product_tag","embeddable":true,"href":"https:\/\/webshop.ventil-trade.hu\/index.php?rest_route=%2Fwp%2Fv2%2Fproduct_tag&post=5253"}],"curies":[{"name":"wp","href":"https:\/\/api.w.org\/{rel}","templated":true}]}}