{"id":5258,"date":"2024-01-05T18:31:27","date_gmt":"2024-01-05T18:31:27","guid":{"rendered":"https:\/\/webshop.ventil-trade.hu\/?product=tocsavar-5"},"modified":"2026-03-06T13:02:27","modified_gmt":"2026-03-06T13:02:27","slug":"tocsavar-5","status":"publish","type":"product","link":"https:\/\/webshop.ventil-trade.hu\/?product=tocsavar-5","title":{"rendered":"T\u0151csavar"},"content":{"rendered":"<p>T\u0151csavar gumis bilincshez, T\u0151csavar<br \/>\nConcept horganyzott (fa\/f\u00e9m menetes) t\u0151csavar Torx fejjel.<br \/>\nM\u00e9retek:<br \/>\n8mm \/ 80mm<br \/>\n8mm \/ 100mm<br \/>\n8mm \/ 120mm<br \/>\n8mm \/ 140mm<br \/>\n8mm \/ 180mm<\/p>\n","protected":false},"excerpt":{"rendered":"<p>8mm \/ 180mm<\/p>\n","protected":false},"featured_media":4223,"template":"","meta":[],"product_brand":[],"product_cat":[80],"product_tag":[],"class_list":{"0":"post-5258","1":"product","2":"type-product","3":"status-publish","4":"has-post-thumbnail","6":"product_cat-rogzitestechnika","8":"first","9":"instock","10":"shipping-taxable","11":"purchasable","12":"product-type-simple","13":"berocket_lgv_grid","14":"berocket_lgv_list_grid"},"_links":{"self":[{"href":"https:\/\/webshop.ventil-trade.hu\/index.php?rest_route=\/wp\/v2\/product\/5258","targetHints":{"allow":["GET"]}}],"collection":[{"href":"https:\/\/webshop.ventil-trade.hu\/index.php?rest_route=\/wp\/v2\/product"}],"about":[{"href":"https:\/\/webshop.ventil-trade.hu\/index.php?rest_route=\/wp\/v2\/types\/product"}],"wp:featuredmedia":[{"embeddable":true,"href":"https:\/\/webshop.ventil-trade.hu\/index.php?rest_route=\/wp\/v2\/media\/4223"}],"wp:attachment":[{"href":"https:\/\/webshop.ventil-trade.hu\/index.php?rest_route=%2Fwp%2Fv2%2Fmedia&parent=5258"}],"wp:term":[{"taxonomy":"product_brand","embeddable":true,"href":"https:\/\/webshop.ventil-trade.hu\/index.php?rest_route=%2Fwp%2Fv2%2Fproduct_brand&post=5258"},{"taxonomy":"product_cat","embeddable":true,"href":"https:\/\/webshop.ventil-trade.hu\/index.php?rest_route=%2Fwp%2Fv2%2Fproduct_cat&post=5258"},{"taxonomy":"product_tag","embeddable":true,"href":"https:\/\/webshop.ventil-trade.hu\/index.php?rest_route=%2Fwp%2Fv2%2Fproduct_tag&post=5258"}],"curies":[{"name":"wp","href":"https:\/\/api.w.org\/{rel}","templated":true}]}}