{"id":5262,"date":"2024-01-05T18:31:29","date_gmt":"2024-01-05T18:31:29","guid":{"rendered":"https:\/\/webshop.ventil-trade.hu\/?product=termosztat-computherm-q3-napi"},"modified":"2026-03-06T13:02:16","modified_gmt":"2026-03-06T13:02:16","slug":"termosztat-computherm-q3-napi","status":"publish","type":"product","link":"https:\/\/webshop.ventil-trade.hu\/?product=termosztat-computherm-q3-napi","title":{"rendered":"Termoszt\u00e1t Computherm Q3 napi"},"content":{"rendered":"<p>Vezet\u00e9kes termoszt\u00e1t napi programoz\u00e1ssal, Szobatermoszt\u00e1tok<br \/>\nA COMPUTHERM Q3 napi t\u00edp. kapcsol\u00f3 \u00fczem\u0171 szobatermoszt\u00e1t a Magyarorsz\u00e1gon forgalomban l\u00e9v\u0151 kaz\u00e1nok \u00e9s kl\u00edmaberendez\u00e9sek t\u00falnyom\u00f3 t\u00f6bbs\u00e9g\u00e9nek szab\u00e1lyoz\u00e1s\u00e1ra alkalmas. Egyszer\u0171en csatlakoztathat\u00f3 b\u00e1rmely, k\u00e9tvezet\u00e9kes szobatermoszt\u00e1t csatlakoz\u00e1si ponttal rendelkez\u0151 g\u00e1zkaz\u00e1nhoz vagy kl\u00edmaberendez\u00e9shez, f\u00fcggetlen\u00fcl att\u00f3l, hogy az 24 V-os vagy 230 V-os vez\u00e9rl\u0151\u00e1ramk\u00f6rrel rendelkezik. Digit\u00e1lis kijelz\u0151je az egyszer\u0171, hagyom\u00e1nyos termoszt\u00e1tokn\u00e1l pontosabb h\u0151m\u00e9rs\u00e9kletm\u00e9r\u00e9st \u00e9s be\u00e1ll\u00edt\u00e1st tesz lehet\u0151v\u00e9. A termoszt\u00e1t a kiv\u00e1lasztott kapcsol\u00e1si \u00e9rz\u00e9kenys\u00e9gnek megfelel\u0151en f\u0171t\u00e9s \u00fczemm\u00f3dban a be\u00e1ll\u00edtott h\u0151m\u00e9rs\u00e9klet alatt bekapcsolja, felette pedig kikapcsolja a kaz\u00e1nt vagy m\u00e1s k\u00e9sz\u00fcl\u00e9ket \u00e9s a komfort biztos\u00edt\u00e1sa mellett hozz\u00e1j\u00e1rul az energiak\u00f6lts\u00e9gek cs\u00f6kkent\u00e9s\u00e9hez is. H\u0171t\u00e9s \u00fczemm\u00f3dban a termoszt\u00e1t pontosan ellent\u00e9tesen kapcsol.<\/p>\n","protected":false},"excerpt":{"rendered":"<p>Vezet\u00e9kes termoszt\u00e1t napi programoz\u00e1ssal, Szobatermoszt\u00e1tok A COMPUTHERM Q3 napi t\u00edp. kapcsol\u00f3 \u00fczem\u0171 szobatermoszt\u00e1t a Magyarorsz\u00e1gon forgalomban l\u00e9v\u0151 kaz\u00e1nok \u00e9s kl\u00edmaberendez\u00e9sek t\u00falnyom\u00f3 t\u00f6bbs\u00e9g\u00e9nek szab\u00e1lyoz\u00e1s\u00e1ra alkalmas. Egyszer\u0171en csatlakoztathat\u00f3 b\u00e1rmely, k\u00e9tvezet\u00e9kes szobatermoszt\u00e1t csatlakoz\u00e1si ponttal rendelkez\u0151 g\u00e1zkaz\u00e1nhoz vagy kl\u00edmaberendez\u00e9shez, f\u00fcggetlen\u00fcl att\u00f3l, hogy az 24 V-os vagy 230 V-os vez\u00e9rl\u0151\u00e1ramk\u00f6rrel rendelkezik. Digit\u00e1lis kijelz\u0151je az egyszer\u0171, hagyom\u00e1nyos termoszt\u00e1tokn\u00e1l pontosabb h\u0151m\u00e9rs\u00e9kletm\u00e9r\u00e9st \u00e9s&#8230;<\/p>\n","protected":false},"featured_media":4113,"template":"","meta":[],"product_brand":[],"product_cat":[133],"product_tag":[],"class_list":{"0":"post-5262","1":"product","2":"type-product","3":"status-publish","4":"has-post-thumbnail","6":"product_cat-termosztatok","8":"first","9":"instock","10":"shipping-taxable","11":"purchasable","12":"product-type-simple","13":"berocket_lgv_grid","14":"berocket_lgv_list_grid"},"_links":{"self":[{"href":"https:\/\/webshop.ventil-trade.hu\/index.php?rest_route=\/wp\/v2\/product\/5262","targetHints":{"allow":["GET"]}}],"collection":[{"href":"https:\/\/webshop.ventil-trade.hu\/index.php?rest_route=\/wp\/v2\/product"}],"about":[{"href":"https:\/\/webshop.ventil-trade.hu\/index.php?rest_route=\/wp\/v2\/types\/product"}],"wp:featuredmedia":[{"embeddable":true,"href":"https:\/\/webshop.ventil-trade.hu\/index.php?rest_route=\/wp\/v2\/media\/4113"}],"wp:attachment":[{"href":"https:\/\/webshop.ventil-trade.hu\/index.php?rest_route=%2Fwp%2Fv2%2Fmedia&parent=5262"}],"wp:term":[{"taxonomy":"product_brand","embeddable":true,"href":"https:\/\/webshop.ventil-trade.hu\/index.php?rest_route=%2Fwp%2Fv2%2Fproduct_brand&post=5262"},{"taxonomy":"product_cat","embeddable":true,"href":"https:\/\/webshop.ventil-trade.hu\/index.php?rest_route=%2Fwp%2Fv2%2Fproduct_cat&post=5262"},{"taxonomy":"product_tag","embeddable":true,"href":"https:\/\/webshop.ventil-trade.hu\/index.php?rest_route=%2Fwp%2Fv2%2Fproduct_tag&post=5262"}],"curies":[{"name":"wp","href":"https:\/\/api.w.org\/{rel}","templated":true}]}}