{"id":5263,"date":"2024-01-05T18:31:29","date_gmt":"2024-01-05T18:31:29","guid":{"rendered":"https:\/\/webshop.ventil-trade.hu\/?product=termosztat-computherm-q4z-zona-vezerlo"},"modified":"2026-03-06T13:02:17","modified_gmt":"2026-03-06T13:02:17","slug":"termosztat-computherm-q4z-zona-vezerlo","status":"publish","type":"product","link":"https:\/\/webshop.ventil-trade.hu\/?product=termosztat-computherm-q4z-zona-vezerlo","title":{"rendered":"Termoszt\u00e1t Computherm Q4Z z\u00f3na vez\u00e9rl\u0151"},"content":{"rendered":"<p>Termoszt\u00e1t z\u00f3navez\u00e9rl\u0151vel, Szobatermoszt\u00e1tok<br \/>\nA COMPUTHERM Q4Z z\u00f3navez\u00e9rl\u0151 1-4, kapcsol\u00f3 \u00fczem\u0171, termoszt\u00e1ttal szab\u00e1lyozott f\u0171t\u00e9si z\u00f3na vez\u00e9rl\u00e9s\u00e9t tudja megval\u00f3s\u00edtani \u00fagy, hogy az egyes z\u00f3n\u00e1k egym\u00e1st\u00f3l f\u00fcggetlen\u00fcl, de ig\u00e9ny eset\u00e9n ak\u00e1r egyszerre is tudnak \u00fczemelni. Ez lehet\u0151s\u00e9get biztos\u00edt arra, hogy mindig csak azok a helyis\u00e9gek legyenek f\u0171tve, melyekre \u00e9ppen sz\u00fcks\u00e9g van (pl. nappal a nappali \u00e9s a f\u00fcrd\u0151szoba, \u00e9jjel pedig a h\u00e1l\u00f3szoba). 4-n\u00e9l t\u00f6bb z\u00f3na vez\u00e9rl\u00e9se megoldhat\u00f3 tov\u00e1bbi COMPUTHERM Q4Z z\u00f3navez\u00e9rl\u0151k haszn\u00e1lat\u00e1val (4 z\u00f3n\u00e1nk\u00e9nt 1 db z\u00f3navez\u00e9rl\u0151 sz\u00fcks\u00e9ges).<br \/>\n\u2022\tT\u00e1pfesz\u00fclts\u00e9g: 230 V AC; 50 Hz<br \/>\n\u2022\tK\u00e9szenl\u00e9ti \u00e1llapot teljes\u00edtm\u00e9nyfelv\u00e9tele: 0,15 W<br \/>\n\u2022\tZ\u00f3nakimenetek fesz\u00fclts\u00e9ge: 230 V AC; 50 Hz<br \/>\n\u2022\tZ\u00f3nakimenetek terhelhet\u0151s\u00e9ge: 2 A (0,5 A indukt\u00edv terhel\u00e9s) (\u00f6sszes z\u00f3nakimenet egy\u00fcttes terhelhet\u0151s\u00e9ge max. 8(2) A)<br \/>\n\u2022\tKaz\u00e1nvez\u00e9rl\u0151 rel\u00e9vel kapcsolhat\u00f3 fesz\u00fclts\u00e9g: 230 V AC, 50 Hz<br \/>\n\u2022\tKaz\u00e1nvez\u00e9rl\u0151 rel\u00e9vel kapcsolhat\u00f3 \u00e1ramer\u0151ss\u00e9g: 8 A (2 A indukt\u00edv terhel\u00e9s)<br \/>\n\u2022\tKimenetek aktiv\u00e1lhat\u00f3 k\u00e9sleltet\u00e9s\u00e9nek id\u0151tartama: 4 perc<br \/>\n\u2022\tbekapcsol\u00e1si; 6 perc kikapcsol\u00e1si<br \/>\n\u2022\tK\u00f6rnyezeti hat\u00e1sok elleni v\u00e9detts\u00e9g: IP30<\/p>\n","protected":false},"excerpt":{"rendered":"<p>Termoszt\u00e1t z\u00f3navez\u00e9rl\u0151vel, Szobatermoszt\u00e1tok A COMPUTHERM Q4Z z\u00f3navez\u00e9rl\u0151 1-4, kapcsol\u00f3 \u00fczem\u0171, termoszt\u00e1ttal szab\u00e1lyozott f\u0171t\u00e9si z\u00f3na vez\u00e9rl\u00e9s\u00e9t tudja megval\u00f3s\u00edtani \u00fagy, hogy az egyes z\u00f3n\u00e1k egym\u00e1st\u00f3l f\u00fcggetlen\u00fcl, de ig\u00e9ny eset\u00e9n ak\u00e1r egyszerre is tudnak \u00fczemelni. Ez lehet\u0151s\u00e9get biztos\u00edt arra, hogy mindig csak azok a helyis\u00e9gek legyenek f\u0171tve, melyekre \u00e9ppen sz\u00fcks\u00e9g van (pl. nappal a nappali \u00e9s a f\u00fcrd\u0151szoba,&#8230;<\/p>\n","protected":false},"featured_media":4128,"template":"","meta":[],"product_brand":[],"product_cat":[133],"product_tag":[],"class_list":{"0":"post-5263","1":"product","2":"type-product","3":"status-publish","4":"has-post-thumbnail","6":"product_cat-termosztatok","8":"first","9":"instock","10":"shipping-taxable","11":"purchasable","12":"product-type-simple","13":"berocket_lgv_grid","14":"berocket_lgv_list_grid"},"_links":{"self":[{"href":"https:\/\/webshop.ventil-trade.hu\/index.php?rest_route=\/wp\/v2\/product\/5263","targetHints":{"allow":["GET"]}}],"collection":[{"href":"https:\/\/webshop.ventil-trade.hu\/index.php?rest_route=\/wp\/v2\/product"}],"about":[{"href":"https:\/\/webshop.ventil-trade.hu\/index.php?rest_route=\/wp\/v2\/types\/product"}],"wp:featuredmedia":[{"embeddable":true,"href":"https:\/\/webshop.ventil-trade.hu\/index.php?rest_route=\/wp\/v2\/media\/4128"}],"wp:attachment":[{"href":"https:\/\/webshop.ventil-trade.hu\/index.php?rest_route=%2Fwp%2Fv2%2Fmedia&parent=5263"}],"wp:term":[{"taxonomy":"product_brand","embeddable":true,"href":"https:\/\/webshop.ventil-trade.hu\/index.php?rest_route=%2Fwp%2Fv2%2Fproduct_brand&post=5263"},{"taxonomy":"product_cat","embeddable":true,"href":"https:\/\/webshop.ventil-trade.hu\/index.php?rest_route=%2Fwp%2Fv2%2Fproduct_cat&post=5263"},{"taxonomy":"product_tag","embeddable":true,"href":"https:\/\/webshop.ventil-trade.hu\/index.php?rest_route=%2Fwp%2Fv2%2Fproduct_tag&post=5263"}],"curies":[{"name":"wp","href":"https:\/\/api.w.org\/{rel}","templated":true}]}}