{"id":5267,"date":"2024-01-05T18:31:31","date_gmt":"2024-01-05T18:31:31","guid":{"rendered":"https:\/\/webshop.ventil-trade.hu\/?product=sarokszelep-mofem-3"},"modified":"2026-03-06T13:02:12","modified_gmt":"2026-03-06T13:02:12","slug":"sarokszelep-mofem-3","status":"publish","type":"product","link":"https:\/\/webshop.ventil-trade.hu\/?product=sarokszelep-mofem-3","title":{"rendered":"Sarokszelep Mof\u00e9m"},"content":{"rendered":"<p>Sarokszelep v\u00edzelz\u00e1r\u00e1shoz, Sarokszelepek MOF\u00c9M<br \/>\nKifolyo\u0301, moso\u0301ge\u0301pto\u0308lto\u030b, a\u0301llo\u0301, csempe, sarok, kombina\u0301lt sarok, mosdo\u0301, WC o\u0308bli\u0301to\u030b, vi\u0301za\u0301tereszto\u030b, le\u0301g- e\u0301s<br \/>\niszapleva\u0301laszto\u0301, automata \u2013 M-Press (mosdo\u0301, zuhany, vizelde o\u0308bli\u0301to\u030b, fali mosdo\u0301 (ivo\u0301ku\u0301t)) &#8211; szelepek.<br \/>\nA terme\u0301k rendeltete\u0301se: Az emberi fogyaszta\u0301sra sza\u0301nt vi\u0301z (eloszta\u0301sa\u0301ra, ta\u0301rola\u0301sa\u0301ra szolga\u0301lo\u0301 berendeze\u0301sek) szerelve\u0301nyei. A szerelve\u0301nyek az e\u0301pu\u0308letge\u0301pe\u0301szet teru\u0308lete\u0301n lako\u0301ha\u0301zak, ko\u0308zo\u0308sse\u0301gi le\u0301tesi\u0301tme\u0301nyek hideg-e\u0301s melegvi\u0301z vezete\u0301keihez csatlakoztatva a ki\u0301va\u0301nt ho\u030bme\u0301rse\u0301kletu\u030b e\u0301s mennyise\u0301gu\u030b vi\u0301z bea\u0301lli\u0301ta\u0301sa\u0301ra e\u0301s elza\u0301ra\u0301sa\u0301ra szolga\u0301lnak.<br \/>\nA \u201eKifolyo\u0301szelepek le\u0301gbeszi\u0301vo\u0301val\u201d kiele\u0301gi\u0301tik az MSZ EN 14451:2005 sza\u0301mu\u0301 szabva\u0301ny \u201eEszko\u0308zo\u0308k az ivo\u0301vi\u0301z visszaa\u0301ramla\u0301s okozta szennyezo\u030bde\u0301se\u0301nek megakada\u0301lyoza\u0301sa\u0301ra. Bee\u0301pi\u0301tett va\u0301kummentes szelepek DN 8-to\u0301l DN 80-ig. D-csala\u0301d, A-ti\u0301pus\u201d elo\u030bi\u0301ra\u0301sait.<br \/>\n1\/2&#8243;-1\/2&#8243;<br \/>\n1\/2&#8243;-3\/4&#8243;<br \/>\n1\/2&#8243;-3\/8&#8243;<\/p>\n","protected":false},"excerpt":{"rendered":"<p>1\/2&#8243;-3\/4&#8243;<\/p>\n","protected":false},"featured_media":4172,"template":"","meta":[],"product_brand":[],"product_cat":[134],"product_tag":[],"class_list":{"0":"post-5267","1":"product","2":"type-product","3":"status-publish","4":"has-post-thumbnail","6":"product_cat-sarokszelepek","8":"first","9":"instock","10":"shipping-taxable","11":"purchasable","12":"product-type-simple","13":"berocket_lgv_grid","14":"berocket_lgv_list_grid"},"_links":{"self":[{"href":"https:\/\/webshop.ventil-trade.hu\/index.php?rest_route=\/wp\/v2\/product\/5267","targetHints":{"allow":["GET"]}}],"collection":[{"href":"https:\/\/webshop.ventil-trade.hu\/index.php?rest_route=\/wp\/v2\/product"}],"about":[{"href":"https:\/\/webshop.ventil-trade.hu\/index.php?rest_route=\/wp\/v2\/types\/product"}],"wp:featuredmedia":[{"embeddable":true,"href":"https:\/\/webshop.ventil-trade.hu\/index.php?rest_route=\/wp\/v2\/media\/4172"}],"wp:attachment":[{"href":"https:\/\/webshop.ventil-trade.hu\/index.php?rest_route=%2Fwp%2Fv2%2Fmedia&parent=5267"}],"wp:term":[{"taxonomy":"product_brand","embeddable":true,"href":"https:\/\/webshop.ventil-trade.hu\/index.php?rest_route=%2Fwp%2Fv2%2Fproduct_brand&post=5267"},{"taxonomy":"product_cat","embeddable":true,"href":"https:\/\/webshop.ventil-trade.hu\/index.php?rest_route=%2Fwp%2Fv2%2Fproduct_cat&post=5267"},{"taxonomy":"product_tag","embeddable":true,"href":"https:\/\/webshop.ventil-trade.hu\/index.php?rest_route=%2Fwp%2Fv2%2Fproduct_tag&post=5267"}],"curies":[{"name":"wp","href":"https:\/\/api.w.org\/{rel}","templated":true}]}}