{"id":5272,"date":"2024-01-05T18:31:34","date_gmt":"2024-01-05T18:31:34","guid":{"rendered":"https:\/\/webshop.ventil-trade.hu\/?product=kombinalt-sarokszelep-schell"},"modified":"2026-03-06T13:02:04","modified_gmt":"2026-03-06T13:02:04","slug":"kombinalt-sarokszelep-schell","status":"publish","type":"product","link":"https:\/\/webshop.ventil-trade.hu\/?product=kombinalt-sarokszelep-schell","title":{"rendered":"Kombin\u00e1lt sarokszelep Schell"},"content":{"rendered":"<p>Sarokszelep v\u00edzelz\u00e1r\u00e1shoz, Sarokszelepek SCHELL<br \/>\nA szerelv\u00e9nyek \u00e9p\u00fcletg\u00e9p\u00e9szeti v\u00edzell\u00e1t\u00e1s \u00e9s f\u0171t\u00e9stechnika ter\u00fclet\u00e9n cs\u0151h\u00e1l\u00f3zatokba be\u00e9p\u00edtve szerelv\u00e9nyekk\u00e9nt alkalmazhat\u00f3ak.A WC \u00f6bl\u00edt\u0151 szelepek WC \u00f6bl\u00edt\u00e9s\u00e9re alkalmazhat\u00f3k. A sarokszelepek szerelv\u00e9nyek tartal\u00e9k elz\u00e1r\u00f3jak\u00e9nt, illetve beszab\u00e1lyoz\u00e1s\u00e1ra alkalmazhat\u00f3k.<br \/>\n1\/2&#8243;-3\/4&#8243;-3\/8&#8243;<\/p>\n","protected":false},"excerpt":{"rendered":"<p>1\/2&#8243;-3\/4&#8243;-3\/8&#8243;<\/p>\n","protected":false},"featured_media":4152,"template":"","meta":[],"product_brand":[],"product_cat":[134],"product_tag":[],"class_list":{"0":"post-5272","1":"product","2":"type-product","3":"status-publish","4":"has-post-thumbnail","6":"product_cat-sarokszelepek","8":"first","9":"instock","10":"shipping-taxable","11":"purchasable","12":"product-type-simple","13":"berocket_lgv_grid","14":"berocket_lgv_list_grid"},"_links":{"self":[{"href":"https:\/\/webshop.ventil-trade.hu\/index.php?rest_route=\/wp\/v2\/product\/5272","targetHints":{"allow":["GET"]}}],"collection":[{"href":"https:\/\/webshop.ventil-trade.hu\/index.php?rest_route=\/wp\/v2\/product"}],"about":[{"href":"https:\/\/webshop.ventil-trade.hu\/index.php?rest_route=\/wp\/v2\/types\/product"}],"wp:featuredmedia":[{"embeddable":true,"href":"https:\/\/webshop.ventil-trade.hu\/index.php?rest_route=\/wp\/v2\/media\/4152"}],"wp:attachment":[{"href":"https:\/\/webshop.ventil-trade.hu\/index.php?rest_route=%2Fwp%2Fv2%2Fmedia&parent=5272"}],"wp:term":[{"taxonomy":"product_brand","embeddable":true,"href":"https:\/\/webshop.ventil-trade.hu\/index.php?rest_route=%2Fwp%2Fv2%2Fproduct_brand&post=5272"},{"taxonomy":"product_cat","embeddable":true,"href":"https:\/\/webshop.ventil-trade.hu\/index.php?rest_route=%2Fwp%2Fv2%2Fproduct_cat&post=5272"},{"taxonomy":"product_tag","embeddable":true,"href":"https:\/\/webshop.ventil-trade.hu\/index.php?rest_route=%2Fwp%2Fv2%2Fproduct_tag&post=5272"}],"curies":[{"name":"wp","href":"https:\/\/api.w.org\/{rel}","templated":true}]}}