{"id":5280,"date":"2024-01-05T18:31:37","date_gmt":"2024-01-05T18:31:37","guid":{"rendered":"https:\/\/webshop.ventil-trade.hu\/?product=radiator-dk-5"},"modified":"2026-03-06T13:02:02","modified_gmt":"2026-03-06T13:02:02","slug":"radiator-dk-5","status":"publish","type":"product","link":"https:\/\/webshop.ventil-trade.hu\/?product=radiator-dk-5","title":{"rendered":"Radi\u00e1tor DK"},"content":{"rendered":"<p>Radi\u00e1tor f\u0171t\u0151test, Radi\u00e1torok DK TechnikTherm<\/p>\n<p>A Technik Therm Pro formatervezett kompakt lapradi\u00e1torai sz\u00e1mos nemzetk\u00f6zileg elismert min\u0151s\u00e9gi norm\u00e1nak felelnek meg, \u00e9s valamennyi gy\u00e1rt\u00e1si helyen ISO-tan\u00fas\u00edtv\u00e1nnyal rendelkeznek a gy\u00e1rt\u00e1si folyamatok. Ezen fel\u00fcl az elismert Danish Technological Institute folyamatosan ellen\u0151rzi \u00e9s igazolja a Technik Therm Pro formatervezett f\u0171t\u0151testjeinek min\u0151s\u00e9gi- \u00e9s teljes\u00edtm\u00e9ny adatait.<br \/>\nTeljes\u00edtm\u00e9ny: 90\/70\/20\u00b0C= 2238 W<br \/>\nTeljes\u00edtm\u00e9ny: 75\/65\/20\u00b0C= 1755 W<br \/>\nM\u00e9retek: <\/p>\n<p>600mm \/ 400mm<br \/>\n600mm \/ 500mm<br \/>\n600mm \/ 600mm<br \/>\n600mm \/ 700mm<br \/>\n600mm \/ 800mm<br \/>\n600mm \/ 900mm<br \/>\n600mm \/ 1000mm<br \/>\n600mm \/ 1200mm<br \/>\n600mm \/ 1400mm<br \/>\n600mm \/ 1600mm<br \/>\n600mm \/ 1800mm<br \/>\n600mm \/ 2000mm<\/p>\n","protected":false},"excerpt":{"rendered":"<p>600mm \/ 800mm<\/p>\n","protected":false},"featured_media":4120,"template":"","meta":[],"product_brand":[],"product_cat":[136],"product_tag":[],"class_list":{"0":"post-5280","1":"product","2":"type-product","3":"status-publish","4":"has-post-thumbnail","6":"product_cat-radiatorok","8":"first","9":"instock","10":"shipping-taxable","11":"purchasable","12":"product-type-simple","13":"berocket_lgv_grid","14":"berocket_lgv_list_grid"},"_links":{"self":[{"href":"https:\/\/webshop.ventil-trade.hu\/index.php?rest_route=\/wp\/v2\/product\/5280","targetHints":{"allow":["GET"]}}],"collection":[{"href":"https:\/\/webshop.ventil-trade.hu\/index.php?rest_route=\/wp\/v2\/product"}],"about":[{"href":"https:\/\/webshop.ventil-trade.hu\/index.php?rest_route=\/wp\/v2\/types\/product"}],"wp:featuredmedia":[{"embeddable":true,"href":"https:\/\/webshop.ventil-trade.hu\/index.php?rest_route=\/wp\/v2\/media\/4120"}],"wp:attachment":[{"href":"https:\/\/webshop.ventil-trade.hu\/index.php?rest_route=%2Fwp%2Fv2%2Fmedia&parent=5280"}],"wp:term":[{"taxonomy":"product_brand","embeddable":true,"href":"https:\/\/webshop.ventil-trade.hu\/index.php?rest_route=%2Fwp%2Fv2%2Fproduct_brand&post=5280"},{"taxonomy":"product_cat","embeddable":true,"href":"https:\/\/webshop.ventil-trade.hu\/index.php?rest_route=%2Fwp%2Fv2%2Fproduct_cat&post=5280"},{"taxonomy":"product_tag","embeddable":true,"href":"https:\/\/webshop.ventil-trade.hu\/index.php?rest_route=%2Fwp%2Fv2%2Fproduct_tag&post=5280"}],"curies":[{"name":"wp","href":"https:\/\/api.w.org\/{rel}","templated":true}]}}