{"id":5290,"date":"2024-01-05T18:31:42","date_gmt":"2024-01-05T18:31:42","guid":{"rendered":"https:\/\/webshop.ventil-trade.hu\/?product=wc-tartaly-geberit"},"modified":"2026-03-06T13:02:10","modified_gmt":"2026-03-06T13:02:10","slug":"wc-tartaly-geberit","status":"publish","type":"product","link":"https:\/\/webshop.ventil-trade.hu\/?product=wc-tartaly-geberit","title":{"rendered":"WC tart\u00e1ly Geberit"},"content":{"rendered":"<p>Falon k\u00edv\u00fcli WC tart\u00e1ly, AP112 Geberit<br \/>\nMinden ig\u00e9nyhez alkalmazhat\u00f3. Az embereknek k\u00fcl\u00f6nb\u00f6z\u0151 ig\u00e9nyei \u00e9s elv\u00e1r\u00e1sai vannak csak\u00fagy, mint ahogy minden f\u00fcrd\u0151szoba m\u00e1s adotts\u00e1gokkal \u00e9s megjelen\u00e9ssel rendelkezik. Ez az oka annak, hogy ezt a tart\u00e1lyt t\u00f6bb k\u00fcl\u00f6nb\u00f6z\u0151 m\u00f3don lehet felszerelni, \u00e9s k\u00fcl\u00f6nb\u00f6z\u0151 sz\u00ednekben \u00e1ll rendelkez\u00e9sre. \u00cdgy a f\u00fcrd\u0151szob\u00e1ja pontosan \u00fagy fog kin\u00e9zni, ahogy \u00d6n meg\u00e1lmodta. \u00dajdons\u00e1g: az \u00f6bl\u00edt\u0151 \u00e9s t\u00f6lt\u0151szelepek imm\u00e1r a tart\u00e1lyban r\u00f6gz\u00edtve tal\u00e1lhat\u00f3ak \u00e9s szilikon gy\u0171r\u0171vel rendelkeznek. Sz\u00ednek: feh\u00e9r, b\u00e9zs.<br \/>\n100%-os UV ellen\u00e1ll\u00e1s Egyszer\u0171 beszerel\u00e9s Univerz\u00e1lis bek\u00f6t\u00e9si lehet\u0151s\u00e9g \u00d6bl\u00edt\u00e9s\/stop (kiz\u00e1r\u00f3lag alacsonyra szerelt kialak\u00edt\u00e1sn\u00e1l Kimagasl\u00f3an halk m\u0171k\u00f6d\u00e9s \u00c1ll\u00edthat\u00f3 \u00f6bl\u00edt\u00e9si v\u00edzmennyis\u00e9g <\/p>\n","protected":false},"excerpt":{"rendered":"<p>AP112 Fontana<\/p>\n","protected":false},"featured_media":4103,"template":"","meta":[],"product_brand":[],"product_cat":[22],"product_tag":[],"class_list":{"0":"post-5290","1":"product","2":"type-product","3":"status-publish","4":"has-post-thumbnail","6":"product_cat-wc-tartalyok","8":"first","9":"instock","10":"shipping-taxable","11":"purchasable","12":"product-type-simple","13":"berocket_lgv_grid","14":"berocket_lgv_list_grid"},"_links":{"self":[{"href":"https:\/\/webshop.ventil-trade.hu\/index.php?rest_route=\/wp\/v2\/product\/5290","targetHints":{"allow":["GET"]}}],"collection":[{"href":"https:\/\/webshop.ventil-trade.hu\/index.php?rest_route=\/wp\/v2\/product"}],"about":[{"href":"https:\/\/webshop.ventil-trade.hu\/index.php?rest_route=\/wp\/v2\/types\/product"}],"wp:featuredmedia":[{"embeddable":true,"href":"https:\/\/webshop.ventil-trade.hu\/index.php?rest_route=\/wp\/v2\/media\/4103"}],"wp:attachment":[{"href":"https:\/\/webshop.ventil-trade.hu\/index.php?rest_route=%2Fwp%2Fv2%2Fmedia&parent=5290"}],"wp:term":[{"taxonomy":"product_brand","embeddable":true,"href":"https:\/\/webshop.ventil-trade.hu\/index.php?rest_route=%2Fwp%2Fv2%2Fproduct_brand&post=5290"},{"taxonomy":"product_cat","embeddable":true,"href":"https:\/\/webshop.ventil-trade.hu\/index.php?rest_route=%2Fwp%2Fv2%2Fproduct_cat&post=5290"},{"taxonomy":"product_tag","embeddable":true,"href":"https:\/\/webshop.ventil-trade.hu\/index.php?rest_route=%2Fwp%2Fv2%2Fproduct_tag&post=5290"}],"curies":[{"name":"wp","href":"https:\/\/api.w.org\/{rel}","templated":true}]}}