{"id":5291,"date":"2024-01-05T18:31:42","date_gmt":"2024-01-05T18:31:42","guid":{"rendered":"https:\/\/webshop.ventil-trade.hu\/?product=wc-tartaly-geberit-2"},"modified":"2026-03-06T13:02:10","modified_gmt":"2026-03-06T13:02:10","slug":"wc-tartaly-geberit-2","status":"publish","type":"product","link":"https:\/\/webshop.ventil-trade.hu\/?product=wc-tartaly-geberit-2","title":{"rendered":"WC tart\u00e1ly Geberit"},"content":{"rendered":"<p>Falon k\u00edv\u00fcli WC tart\u00e1ly AP110 Geberit<br \/>\nHa kimagasl\u00f3 min\u0151s\u00e9get keres kedvez\u0151 \u00e1ron, akkor ez a tart\u00e1ly a t\u00f6k\u00e9letes v\u00e1laszt\u00e1s. Az \u00f6bl\u00edt\u00e9s\/stop funkci\u00f3val \u00d6n is kord\u00e1ban tudja tartani az \u00f6bl\u00edt\u00e9sre sz\u00e1nt v\u00edzmennyis\u00e9get, m\u00edg az UV sug\u00e1rz\u00e1snak ellen\u00e1l\u00f3 alapanyag szavatolja, hogy tart\u00e1lya \u00e9s ez\u00e1ltal f\u00fcrd\u0151szob\u00e1ja sok\u00e1ig meg\u0151rizze sz\u00e9ps\u00e9g\u00e9t. Sz\u00ednek: feh\u00e9r<br \/>\n100%-os UV ellen\u00e1ll\u00e1s Egyszer\u0171 beszerel\u00e9s<br \/>\n\u00d6bl\u00edt\u00e9s\/stop<br \/>\n\u00c1ll\u00edthat\u00f3 \u00f6bl\u00edt\u00e9si v\u00edzmennyis\u00e9g <\/p>\n","protected":false},"excerpt":{"rendered":"<p>AP110 Rio<\/p>\n","protected":false},"featured_media":4104,"template":"","meta":[],"product_brand":[],"product_cat":[22],"product_tag":[],"class_list":{"0":"post-5291","1":"product","2":"type-product","3":"status-publish","4":"has-post-thumbnail","6":"product_cat-wc-tartalyok","8":"first","9":"instock","10":"shipping-taxable","11":"purchasable","12":"product-type-simple","13":"berocket_lgv_grid","14":"berocket_lgv_list_grid"},"_links":{"self":[{"href":"https:\/\/webshop.ventil-trade.hu\/index.php?rest_route=\/wp\/v2\/product\/5291","targetHints":{"allow":["GET"]}}],"collection":[{"href":"https:\/\/webshop.ventil-trade.hu\/index.php?rest_route=\/wp\/v2\/product"}],"about":[{"href":"https:\/\/webshop.ventil-trade.hu\/index.php?rest_route=\/wp\/v2\/types\/product"}],"wp:featuredmedia":[{"embeddable":true,"href":"https:\/\/webshop.ventil-trade.hu\/index.php?rest_route=\/wp\/v2\/media\/4104"}],"wp:attachment":[{"href":"https:\/\/webshop.ventil-trade.hu\/index.php?rest_route=%2Fwp%2Fv2%2Fmedia&parent=5291"}],"wp:term":[{"taxonomy":"product_brand","embeddable":true,"href":"https:\/\/webshop.ventil-trade.hu\/index.php?rest_route=%2Fwp%2Fv2%2Fproduct_brand&post=5291"},{"taxonomy":"product_cat","embeddable":true,"href":"https:\/\/webshop.ventil-trade.hu\/index.php?rest_route=%2Fwp%2Fv2%2Fproduct_cat&post=5291"},{"taxonomy":"product_tag","embeddable":true,"href":"https:\/\/webshop.ventil-trade.hu\/index.php?rest_route=%2Fwp%2Fv2%2Fproduct_tag&post=5291"}],"curies":[{"name":"wp","href":"https:\/\/api.w.org\/{rel}","templated":true}]}}