{"id":5294,"date":"2024-01-05T18:31:44","date_gmt":"2024-01-05T18:31:44","guid":{"rendered":"https:\/\/webshop.ventil-trade.hu\/?product=wc-tartaly-alcaplast"},"modified":"2026-03-06T13:02:24","modified_gmt":"2026-03-06T13:02:24","slug":"wc-tartaly-alcaplast","status":"publish","type":"product","link":"https:\/\/webshop.ventil-trade.hu\/?product=wc-tartaly-alcaplast","title":{"rendered":"WC tart\u00e1ly Alcaplast"},"content":{"rendered":"<p>Falon k\u00edv\u00fcli WC tart\u00e1ly, A93 Alcaplast<br \/>\n\u2022\tP\u00e1ralecsap\u00f3d\u00e1s elleni szigetel\u00e9s<br \/>\n\u2022\tV\u00edzcsatlakoz\u00e1s balr\u00f3l\/jobbr\u00f3l<br \/>\n\u2022\tUniverz\u00e1lis felf\u00fcggeszt\u00e9s,t\u00e1vols\u00e1g\u00e1val \u00e9s form\u00e1j\u00e1val megfelel a haszn\u00e1latban l\u00e9v\u0151 tart\u00e1lyoknak<br \/>\n\u2022\tT\u00e9rfogata 8 l a v\u00edz kiereszt\u0151 mennyis\u00e9g\u00e9nek nagy be\u00e1ll\u00edt\u00e1si lehet\u0151s\u00e9ge<br \/>\n\u2022\tDUALIS \u00f6bl\u00edt\u00e9s 3\/6 l<br \/>\n\u2022\tA gazdas\u00e1gos \u00f6bl\u00edt\u00e9s be\u00e1ll\u00edt\u00e1s\u00e1nak lehet\u0151s\u00e9ge<br \/>\n\u2022\tA szerkezeti kialak\u00edt\u00e1s gyerekeknek \u00e9s mozg\u00e1skorl\u00e1tozottaknak is k\u00e9nyelmes m\u0171k\u00f6dtet\u00e9st biztos\u00edt<br \/>\n\u2022\tAnyag: ABS<\/p>\n","protected":false},"excerpt":{"rendered":"<p>A93<\/p>\n","protected":false},"featured_media":4106,"template":"","meta":[],"product_brand":[],"product_cat":[22],"product_tag":[],"class_list":{"0":"post-5294","1":"product","2":"type-product","3":"status-publish","4":"has-post-thumbnail","6":"product_cat-wc-tartalyok","8":"first","9":"instock","10":"shipping-taxable","11":"purchasable","12":"product-type-simple","13":"berocket_lgv_grid","14":"berocket_lgv_list_grid"},"_links":{"self":[{"href":"https:\/\/webshop.ventil-trade.hu\/index.php?rest_route=\/wp\/v2\/product\/5294","targetHints":{"allow":["GET"]}}],"collection":[{"href":"https:\/\/webshop.ventil-trade.hu\/index.php?rest_route=\/wp\/v2\/product"}],"about":[{"href":"https:\/\/webshop.ventil-trade.hu\/index.php?rest_route=\/wp\/v2\/types\/product"}],"wp:featuredmedia":[{"embeddable":true,"href":"https:\/\/webshop.ventil-trade.hu\/index.php?rest_route=\/wp\/v2\/media\/4106"}],"wp:attachment":[{"href":"https:\/\/webshop.ventil-trade.hu\/index.php?rest_route=%2Fwp%2Fv2%2Fmedia&parent=5294"}],"wp:term":[{"taxonomy":"product_brand","embeddable":true,"href":"https:\/\/webshop.ventil-trade.hu\/index.php?rest_route=%2Fwp%2Fv2%2Fproduct_brand&post=5294"},{"taxonomy":"product_cat","embeddable":true,"href":"https:\/\/webshop.ventil-trade.hu\/index.php?rest_route=%2Fwp%2Fv2%2Fproduct_cat&post=5294"},{"taxonomy":"product_tag","embeddable":true,"href":"https:\/\/webshop.ventil-trade.hu\/index.php?rest_route=%2Fwp%2Fv2%2Fproduct_tag&post=5294"}],"curies":[{"name":"wp","href":"https:\/\/api.w.org\/{rel}","templated":true}]}}