{"id":5295,"date":"2024-01-05T18:31:45","date_gmt":"2024-01-05T18:31:45","guid":{"rendered":"https:\/\/webshop.ventil-trade.hu\/?product=esbe-keveroszelep-vta322"},"modified":"2026-03-06T13:02:15","modified_gmt":"2026-03-06T13:02:15","slug":"esbe-keveroszelep-vta322","status":"publish","type":"product","link":"https:\/\/webshop.ventil-trade.hu\/?product=esbe-keveroszelep-vta322","title":{"rendered":"ESBE kever\u0151szelep VTA322"},"content":{"rendered":"<p>35-60 celsius fok, Kever\u0151szelepek<br \/>\nVTA320, VTA520<br \/>\n\u2022\tForr\u00e1z\u00e1s- \u00e9s legionella elleni v\u00e9delem.<br \/>\n\u2022\tA szab\u00e1lyoz\u00e1s pontoss\u00e1ga.<br \/>\n\u2022\tAlkalmas HWC-hez (melegv\u00edz cirkul\u00e1ci\u00f3).<br \/>\n\u2022\tM\u00e1r \u00f3lommentes v\u00e1ltozatban is el\u00e9rhet\u0151<br \/>\nA VTA320\/VTA520 sorozat haszn\u00e1lati melegv\u00edz-eloszt\u00e1shoz, leforr\u00e1z\u00e1s elleni temper\u00e1l\u00e1shoz vezet\u00e9kes alkalmaz\u00e1sokban \u00e9s ahol tov\u00e1bbi h\u0151m\u00e9rs\u00e9klet-szab\u00e1lyoz\u00f3 berendez\u00e9seket szereltek fel a v\u00edzcsapokhoz. Ezek a szelepsorozatok HWC-vel (melegv\u00edz cirkul\u00e1ci\u00f3val) felszerelt haszn\u00e1lati melegv\u00edz berendez\u00e9sekhez is alkalmasak.<br \/>\n3\/4&#8243;<br \/>\n1&#8243;<\/p>\n","protected":false},"excerpt":{"rendered":"<p>3\/4&#8243;<\/p>\n","protected":false},"featured_media":4171,"template":"","meta":[],"product_brand":[],"product_cat":[137],"product_tag":[],"class_list":{"0":"post-5295","1":"product","2":"type-product","3":"status-publish","4":"has-post-thumbnail","6":"product_cat-keveroszelepek","8":"first","9":"instock","10":"shipping-taxable","11":"purchasable","12":"product-type-simple","13":"berocket_lgv_grid","14":"berocket_lgv_list_grid"},"_links":{"self":[{"href":"https:\/\/webshop.ventil-trade.hu\/index.php?rest_route=\/wp\/v2\/product\/5295","targetHints":{"allow":["GET"]}}],"collection":[{"href":"https:\/\/webshop.ventil-trade.hu\/index.php?rest_route=\/wp\/v2\/product"}],"about":[{"href":"https:\/\/webshop.ventil-trade.hu\/index.php?rest_route=\/wp\/v2\/types\/product"}],"wp:featuredmedia":[{"embeddable":true,"href":"https:\/\/webshop.ventil-trade.hu\/index.php?rest_route=\/wp\/v2\/media\/4171"}],"wp:attachment":[{"href":"https:\/\/webshop.ventil-trade.hu\/index.php?rest_route=%2Fwp%2Fv2%2Fmedia&parent=5295"}],"wp:term":[{"taxonomy":"product_brand","embeddable":true,"href":"https:\/\/webshop.ventil-trade.hu\/index.php?rest_route=%2Fwp%2Fv2%2Fproduct_brand&post=5295"},{"taxonomy":"product_cat","embeddable":true,"href":"https:\/\/webshop.ventil-trade.hu\/index.php?rest_route=%2Fwp%2Fv2%2Fproduct_cat&post=5295"},{"taxonomy":"product_tag","embeddable":true,"href":"https:\/\/webshop.ventil-trade.hu\/index.php?rest_route=%2Fwp%2Fv2%2Fproduct_tag&post=5295"}],"curies":[{"name":"wp","href":"https:\/\/api.w.org\/{rel}","templated":true}]}}