{"id":5299,"date":"2024-01-05T18:31:47","date_gmt":"2024-01-05T18:31:47","guid":{"rendered":"https:\/\/webshop.ventil-trade.hu\/?product=esbe-keveroszelep-vtc511"},"modified":"2026-03-06T13:02:18","modified_gmt":"2026-03-06T13:02:18","slug":"esbe-keveroszelep-vtc511","status":"publish","type":"product","link":"https:\/\/webshop.ventil-trade.hu\/?product=esbe-keveroszelep-vtc511","title":{"rendered":"ESBE kever\u0151szelep VTC511"},"content":{"rendered":"<p>55 celsius fok, Kever\u0151szelepek VTC500<br \/>\n\u2022        A visszat\u00e9r\u0151 v\u00edz h\u0151m\u00e9rs\u00e9klet\u00e9nek pontos szab\u00e1lyoz\u00e1sa.<br \/>\n\u2022        K\u00f6nny\u0171 telep\u00edt\u00e9s. Nincs sz\u00fcks\u00e9g be\u00e1ll\u00edt\u00f3 szelepre.<br \/>\n\u2022        K\u00f6nny\u0171, de \u00e1ltal\u00e1ban nem ig\u00e9nyel karbantart\u00e1st.<br \/>\nA VTC500 sorozat egy termikus szelep, amelyet szil\u00e1rd t\u00fczel\u00e9s\u0171 kaz\u00e1nokhoz haszn\u00e1lnak 150 kW-ig. A t\u00f6lt\u0151szelep gondoskodik arr\u00f3l, hogy a kaz\u00e1n magas \u00e9g\u00e9si h\u0151m\u00e9rs\u00e9kletre ker\u00fclj\u00f6n, \u00edgy biztos\u00edtva a lehet\u0151 legalacsonyabb k\u00e1rosanyag-kibocs\u00e1t\u00e1st. A szelepek mindenekel\u0151tt gondoskodnak arr\u00f3l, hogy a kaz\u00e1nba visszat\u00e9r\u0151 h\u0151m\u00e9rs\u00e9klet magas \u00e9s garant\u00e1lt legyen a teljes \u00e9g\u00e9si ciklus alatt, ami lehet\u0151v\u00e9 teszi a kaz\u00e1n magasabb hat\u00e1sfok\u00e1t, cs\u00f6kkenti a k\u00e1tr\u00e1nyosod\u00e1st \u00e9s megn\u00f6veli a kaz\u00e1n \u00e9lettartam\u00e1t.<\/p>\n","protected":false},"excerpt":{"rendered":"<p>1&#8243;<\/p>\n","protected":false},"featured_media":4165,"template":"","meta":[],"product_brand":[],"product_cat":[137],"product_tag":[],"class_list":{"0":"post-5299","1":"product","2":"type-product","3":"status-publish","4":"has-post-thumbnail","6":"product_cat-keveroszelepek","8":"first","9":"instock","10":"shipping-taxable","11":"purchasable","12":"product-type-simple","13":"berocket_lgv_grid","14":"berocket_lgv_list_grid"},"_links":{"self":[{"href":"https:\/\/webshop.ventil-trade.hu\/index.php?rest_route=\/wp\/v2\/product\/5299","targetHints":{"allow":["GET"]}}],"collection":[{"href":"https:\/\/webshop.ventil-trade.hu\/index.php?rest_route=\/wp\/v2\/product"}],"about":[{"href":"https:\/\/webshop.ventil-trade.hu\/index.php?rest_route=\/wp\/v2\/types\/product"}],"wp:featuredmedia":[{"embeddable":true,"href":"https:\/\/webshop.ventil-trade.hu\/index.php?rest_route=\/wp\/v2\/media\/4165"}],"wp:attachment":[{"href":"https:\/\/webshop.ventil-trade.hu\/index.php?rest_route=%2Fwp%2Fv2%2Fmedia&parent=5299"}],"wp:term":[{"taxonomy":"product_brand","embeddable":true,"href":"https:\/\/webshop.ventil-trade.hu\/index.php?rest_route=%2Fwp%2Fv2%2Fproduct_brand&post=5299"},{"taxonomy":"product_cat","embeddable":true,"href":"https:\/\/webshop.ventil-trade.hu\/index.php?rest_route=%2Fwp%2Fv2%2Fproduct_cat&post=5299"},{"taxonomy":"product_tag","embeddable":true,"href":"https:\/\/webshop.ventil-trade.hu\/index.php?rest_route=%2Fwp%2Fv2%2Fproduct_tag&post=5299"}],"curies":[{"name":"wp","href":"https:\/\/api.w.org\/{rel}","templated":true}]}}