{"id":5303,"date":"2024-01-05T18:31:48","date_gmt":"2024-01-05T18:31:48","guid":{"rendered":"https:\/\/webshop.ventil-trade.hu\/?product=esbe-keveroszelep-vrg141"},"modified":"2026-03-06T13:02:08","modified_gmt":"2026-03-06T13:02:08","slug":"esbe-keveroszelep-vrg141","status":"publish","type":"product","link":"https:\/\/webshop.ventil-trade.hu\/?product=esbe-keveroszelep-vrg141","title":{"rendered":"ESBE kever\u0151szelep VRG141"},"content":{"rendered":"<p>25-10 kvs Kever\u0151szelepek VRG140<br \/>\n\u2022\tKiv\u00e1l\u00f3 szab\u00e1lyoz\u00e1s a legjobb kett\u0151s kever\u00e9si teljes\u00edtm\u00e9ny\u00e9rt.<br \/>\n\u2022\tKompakt, rugalmas \u00e9s k\u00f6nnyen telep\u00edthet\u0151.<br \/>\n\u2022\tHossz\u00fa \u00e9lettartam \u00e9s nagy tart\u00f3ss\u00e1g.<br \/>\n\u2022\tT\u00f6k\u00e9letes illeszked\u00e9s a szelep \u00e9s az ESBE hajt\u00f3m\u0171vek k\u00f6z\u00f6tt.<br \/>\nA VRG140 sorozat 4 utas szelepek, amelyek alkalmasak kett\u0151s kever\u00e9si \u00fczemm\u00f3dra. A szelepek nagy teljes\u00edtm\u00e9ny\u0171 s\u00e1rgar\u00e9zb\u0151l k\u00e9sz\u00fclnek, \u00edgy f\u0171t\u0151- \u00e9s h\u0171t\u0151berendez\u00e9sekben is haszn\u00e1lhat\u00f3k. A VRG sorozat DN15-50 m\u00e9retben kaphat\u00f3, \u00e9s k\u00fcl\u00f6nb\u00f6z\u0151 t\u00edpus\u00fa csatlakoz\u00e1sokkal \u00e9rkezik a legt\u00f6bb cs\u0151m\u00e9rethez. A szelep t\u00f6k\u00e9letesen kombin\u00e1lhat\u00f3 az ESBE hajt\u00f3m\u0171vekkel \u00e9s vez\u00e9rl\u0151kkel.<\/p>\n","protected":false},"excerpt":{"rendered":"<p>1&#8243;<\/p>\n","protected":false},"featured_media":4164,"template":"","meta":[],"product_brand":[],"product_cat":[137],"product_tag":[],"class_list":{"0":"post-5303","1":"product","2":"type-product","3":"status-publish","4":"has-post-thumbnail","6":"product_cat-keveroszelepek","8":"first","9":"instock","10":"shipping-taxable","11":"purchasable","12":"product-type-simple","13":"berocket_lgv_grid","14":"berocket_lgv_list_grid"},"_links":{"self":[{"href":"https:\/\/webshop.ventil-trade.hu\/index.php?rest_route=\/wp\/v2\/product\/5303","targetHints":{"allow":["GET"]}}],"collection":[{"href":"https:\/\/webshop.ventil-trade.hu\/index.php?rest_route=\/wp\/v2\/product"}],"about":[{"href":"https:\/\/webshop.ventil-trade.hu\/index.php?rest_route=\/wp\/v2\/types\/product"}],"wp:featuredmedia":[{"embeddable":true,"href":"https:\/\/webshop.ventil-trade.hu\/index.php?rest_route=\/wp\/v2\/media\/4164"}],"wp:attachment":[{"href":"https:\/\/webshop.ventil-trade.hu\/index.php?rest_route=%2Fwp%2Fv2%2Fmedia&parent=5303"}],"wp:term":[{"taxonomy":"product_brand","embeddable":true,"href":"https:\/\/webshop.ventil-trade.hu\/index.php?rest_route=%2Fwp%2Fv2%2Fproduct_brand&post=5303"},{"taxonomy":"product_cat","embeddable":true,"href":"https:\/\/webshop.ventil-trade.hu\/index.php?rest_route=%2Fwp%2Fv2%2Fproduct_cat&post=5303"},{"taxonomy":"product_tag","embeddable":true,"href":"https:\/\/webshop.ventil-trade.hu\/index.php?rest_route=%2Fwp%2Fv2%2Fproduct_tag&post=5303"}],"curies":[{"name":"wp","href":"https:\/\/api.w.org\/{rel}","templated":true}]}}