{"id":5304,"date":"2024-01-05T18:31:49","date_gmt":"2024-01-05T18:31:49","guid":{"rendered":"https:\/\/webshop.ventil-trade.hu\/?product=esbe-keveroszelep-vta572"},"modified":"2026-03-06T13:02:15","modified_gmt":"2026-03-06T13:02:15","slug":"esbe-keveroszelep-vta572","status":"publish","type":"product","link":"https:\/\/webshop.ventil-trade.hu\/?product=esbe-keveroszelep-vta572","title":{"rendered":"ESBE kever\u0151szelep VTA572"},"content":{"rendered":"<p>20-55 celsius fok, Kever\u0151szelepek<br \/>\nVTA370, VTA570<br \/>\n\u2022\tNagy \u00e1raml\u00e1si kapacit\u00e1s<br \/>\n\u2022\tT\u00falmeleged\u00e9s elleni v\u00e9delem.<br \/>\nA VTA370 \u00e9s VTA570 sorozat az els\u0151 sz\u00e1m\u00fa v\u00e1laszt\u00e1s a f\u0171t\u00e9si \u00e9s h\u0171t\u00e9si alkalmaz\u00e1sokhoz. A szelepek forr\u00e1z\u00e1sbiztos funkci\u00f3t biztos\u00edtanak, ami az\u00e9rt fontos, hogy megv\u00e9dje pl. a padl\u00f3f\u0171t\u00e9s cs\u00f6veit \u00e9s mag\u00e1t a padl\u00f3t az ellen\u0151rizetlen h\u0151m\u00e9rs\u00e9klet-emelked\u00e9st\u0151l. <\/p>\n","protected":false},"excerpt":{"rendered":"<p>1&#8243;<\/p>\n","protected":false},"featured_media":4170,"template":"","meta":[],"product_brand":[],"product_cat":[137],"product_tag":[],"class_list":{"0":"post-5304","1":"product","2":"type-product","3":"status-publish","4":"has-post-thumbnail","6":"product_cat-keveroszelepek","8":"first","9":"instock","10":"shipping-taxable","11":"purchasable","12":"product-type-simple","13":"berocket_lgv_grid","14":"berocket_lgv_list_grid"},"_links":{"self":[{"href":"https:\/\/webshop.ventil-trade.hu\/index.php?rest_route=\/wp\/v2\/product\/5304","targetHints":{"allow":["GET"]}}],"collection":[{"href":"https:\/\/webshop.ventil-trade.hu\/index.php?rest_route=\/wp\/v2\/product"}],"about":[{"href":"https:\/\/webshop.ventil-trade.hu\/index.php?rest_route=\/wp\/v2\/types\/product"}],"wp:featuredmedia":[{"embeddable":true,"href":"https:\/\/webshop.ventil-trade.hu\/index.php?rest_route=\/wp\/v2\/media\/4170"}],"wp:attachment":[{"href":"https:\/\/webshop.ventil-trade.hu\/index.php?rest_route=%2Fwp%2Fv2%2Fmedia&parent=5304"}],"wp:term":[{"taxonomy":"product_brand","embeddable":true,"href":"https:\/\/webshop.ventil-trade.hu\/index.php?rest_route=%2Fwp%2Fv2%2Fproduct_brand&post=5304"},{"taxonomy":"product_cat","embeddable":true,"href":"https:\/\/webshop.ventil-trade.hu\/index.php?rest_route=%2Fwp%2Fv2%2Fproduct_cat&post=5304"},{"taxonomy":"product_tag","embeddable":true,"href":"https:\/\/webshop.ventil-trade.hu\/index.php?rest_route=%2Fwp%2Fv2%2Fproduct_tag&post=5304"}],"curies":[{"name":"wp","href":"https:\/\/api.w.org\/{rel}","templated":true}]}}