{"id":5310,"date":"2024-01-05T18:31:51","date_gmt":"2024-01-05T18:31:51","guid":{"rendered":"https:\/\/webshop.ventil-trade.hu\/?product=ferdeszelep-stad-ta-4"},"modified":"2026-03-06T13:01:49","modified_gmt":"2026-03-06T13:01:49","slug":"ferdeszelep-stad-ta-4","status":"publish","type":"product","link":"https:\/\/webshop.ventil-trade.hu\/?product=ferdeszelep-stad-ta-4","title":{"rendered":"Ferdeszelep STAD TA."},"content":{"rendered":"<p>Strangszab\u00e1lyoz\u00f3 szelep, Strangszab\u00e1lyoz\u00f3k, beszab\u00e1lyoz\u00f3k<\/p>\n<p>A STAD beszab\u00e1lyoz\u00f3 szelepek pontos hidraulikai m\u0171k\u00f6d\u00e9st tesznek lehet\u0151v\u00e9 rendk\u00edv\u00fcl sz\u00e9les alkalmaz\u00e1si tartom\u00e1nyban. Els\u0151sorban f\u0171t\u00e9s \u00e9s h\u0171t\u00e9si rendszerek szekunder oldal\u00e1n, valamint iv\u00f3vizes rendszerekben alkalmazhat\u00f3ak. H\u0151m\u00e9rs\u00e9klet: Legmagasabb \u00fczemi h\u0151m\u00e9rs\u00e9klet: 120\u00b0C (r\u00f6vid ideig 150\u00b0C) Magasabb h\u0151m\u00e9rs\u00e9klet ig\u00e9ny (max. 150\u00b0C), l\u00e1sd STAD-C. Legalacsonyabb \u00fczemi h\u0151m\u00e9rs\u00e9klet: -20\u00b0C. Kiemelt tulajdons\u00e1gok Magas precizit\u00e1s minden be\u00e1ll\u00edt\u00e1sn\u00e1l Pontos beszab\u00e1lyoz\u00e1s \u00e9s t\u00e9rfogat\u00e1ram-leolvas\u00e1s. K\u00e9ziker\u00e9k A digit\u00e1lis leolvas\u00e1snak k\u00f6sz\u00f6nhet\u0151en a k\u00e9ziker\u00e9k pontos \u00e9s k\u00f6nny\u0171 beszab\u00e1lyoz\u00e1st tesz lehet\u0151v\u00e9. Elz\u00e1r\u00e1si funkci\u00f3 a karbantart\u00e1shoz. \u00d6nt\u00f6m\u00edt\u0151 m\u00e9r\u0151csatlakoz\u00f3k Az egyszer\u0171 \u00e9s pontos beszab\u00e1lyoz\u00e1shoz. AMETAL\u00ae Cinkkiv\u00e1l\u00e1smentes \u00f6tv\u00f6zet, haszn\u00e1lat\u00e1val biztos\u00edthat\u00f3 a hossz\u00fa \u00e9lettartam \u00e9s cs\u00f6kken a sziv\u00e1rg\u00e1s kock\u00e1zata. M\u0171szaki ismertet\u0151 Alkalmaz\u00e1si ter\u00fclet: F\u0171t\u00e9si \u00e9s h\u0171t\u00e9si rendszerekben. Iv\u00f3vizes rendszerekben. Funkci\u00f3k: Beszab\u00e1lyoz\u00e1s El\u0151be\u00e1ll\u00edt\u00e1s M\u00e9r\u00e9s Elz\u00e1r\u00e1s \u00dcr\u00edt\u00e9s (szelept\u00edpust\u00f3l f\u00fcgg\u0151en) M\u00e9retek: DN 10-50 N\u00e9vleges nyom\u00e1s: PN 25 K\u00f6zeg: V\u00edz, semleges folyad\u00e9kok, v\u00edz-glikol kever\u00e9k (0-57%). Anyagok: Szeleptest \u00e9s szelepfels\u0151r\u00e9sz: AMETAL\u00ae T\u00f6m\u00edt\u00e9s (test\/fels\u0151r\u00e9sz): EPDM anyag\u00fa O-gy\u0171r\u0171 Szelept\u00e1ny\u00e9r: AMETAL\u00ae Szelep\u00fcl\u00e9kt\u00f6m\u00edt\u00e9s: EPDM anyag\u00fa O-gy\u0171r\u0171 Szelepsz\u00e1r: AMETAL\u00ae Cs\u00fasz\u00f3h\u00fcvely: PTFE Szelepsz\u00e1r t\u00f6m\u00edt\u00e9s: EPDM anyag\u00fa O-gy\u0171r\u0171 Rug\u00f3: Rozsdamentes ac\u00e9l K\u00e9ziker\u00e9k: Polyamid \u00e9s TPE M\u00e9r\u0151csatlakoz\u00f3k: AMETAL\u00ae T\u00f6m\u00edt\u00e9s: EPDM V\u00e9d\u0151kupak: Polyamid \u00e9s TPE \u00dcr\u00edt\u0151csonk: AMETAL\u00ae T\u00f6m\u00edt\u00e9s: EPDM Lapos t\u00f6m\u00edt\u00e9s: Aramid sz\u00e1l Az AMETAL\u00ae az IMI Hydronic Engineering \u00e1ltal gy\u00e1rtott, cinkkiv\u00e1l\u00e1ssal szemben ellen\u00e1ll\u00f3, speci\u00e1lis \u00f6tv\u00f6zet. Jel\u00f6l\u00e9s: Szeleptest: IMI, TA, PN 25\/400 WWP, DN \u00e9s coll m\u00e9ret, valamint DN 50 eset\u00e9n CE. Narancs\/sz\u00fcrke k\u00e9ziker\u00e9k: TA, STAD* \u00e9s DN m\u00e9ret. Csatlakoz\u00e1s: &#8211; ISO 228 szerinti bels\u0151 menet. ISO 7\/1 szerinti menethossz. &#8211; ISO 228 szerinti k\u00fcls\u0151 menet. DIN 3546 szerinti menethossz.<br \/>\n1\/2&#8243;<br \/>\n3\/4&#8243;<br \/>\n1&#8243;<br \/>\n5\/4&#8243;<br \/>\n6\/4&#8243;<br \/>\n2&#8243;<\/p>\n","protected":false},"excerpt":{"rendered":"<p>5\/4&#8243;<\/p>\n","protected":false},"featured_media":4145,"template":"","meta":[],"product_brand":[],"product_cat":[138],"product_tag":[],"class_list":{"0":"post-5310","1":"product","2":"type-product","3":"status-publish","4":"has-post-thumbnail","6":"product_cat-strangszabalyozok","8":"first","9":"instock","10":"shipping-taxable","11":"purchasable","12":"product-type-simple","13":"berocket_lgv_grid","14":"berocket_lgv_list_grid"},"_links":{"self":[{"href":"https:\/\/webshop.ventil-trade.hu\/index.php?rest_route=\/wp\/v2\/product\/5310","targetHints":{"allow":["GET"]}}],"collection":[{"href":"https:\/\/webshop.ventil-trade.hu\/index.php?rest_route=\/wp\/v2\/product"}],"about":[{"href":"https:\/\/webshop.ventil-trade.hu\/index.php?rest_route=\/wp\/v2\/types\/product"}],"wp:featuredmedia":[{"embeddable":true,"href":"https:\/\/webshop.ventil-trade.hu\/index.php?rest_route=\/wp\/v2\/media\/4145"}],"wp:attachment":[{"href":"https:\/\/webshop.ventil-trade.hu\/index.php?rest_route=%2Fwp%2Fv2%2Fmedia&parent=5310"}],"wp:term":[{"taxonomy":"product_brand","embeddable":true,"href":"https:\/\/webshop.ventil-trade.hu\/index.php?rest_route=%2Fwp%2Fv2%2Fproduct_brand&post=5310"},{"taxonomy":"product_cat","embeddable":true,"href":"https:\/\/webshop.ventil-trade.hu\/index.php?rest_route=%2Fwp%2Fv2%2Fproduct_cat&post=5310"},{"taxonomy":"product_tag","embeddable":true,"href":"https:\/\/webshop.ventil-trade.hu\/index.php?rest_route=%2Fwp%2Fv2%2Fproduct_tag&post=5310"}],"curies":[{"name":"wp","href":"https:\/\/api.w.org\/{rel}","templated":true}]}}