{"id":5314,"date":"2024-01-05T18:31:53","date_gmt":"2024-01-05T18:31:53","guid":{"rendered":"https:\/\/webshop.ventil-trade.hu\/?product=ferdeszelep-stromax-m-2"},"modified":"2026-03-06T13:02:04","modified_gmt":"2026-03-06T13:02:04","slug":"ferdeszelep-stromax-m-2","status":"publish","type":"product","link":"https:\/\/webshop.ventil-trade.hu\/?product=ferdeszelep-stromax-m-2","title":{"rendered":"Ferdeszelep STR\u00d6MAX M"},"content":{"rendered":"<p>Strangszab\u00e1lyoz\u00f3 szelep, STR\u00d6MAX<br \/>\nS\u00e1rgar\u00e9z kivitel, bels\u0151 menet x bels\u0151 menet, emelked\u0151 szelepors\u00f3val, O-gy\u0171r\u0171s t\u00f6m\u00edt\u00e9ssel, szelepemelked\u00e9s korl\u00e1toz\u00f3val,<br \/>\na fels\u0151r\u00e9sz es a szeleph\u00e1z k\u00f6z\u00f6tt O-gy\u0171r\u0171s t\u00f6m\u00edt\u00e9ssel.<br \/>\nDN 15\u2013DN 20: 2 db furat 1\/4-os m\u00e9r\u0151szeleppel,<br \/>\n1 db furat 1\/4-os 1 0273 09 z\u00e1r\u00f3dug\u00f3val.<br \/>\nDN 25\u2013DN 50: 2 db furat 1\/4-os mer\u0151szeleppel,<br \/>\n2 db furat 1\/4-os 1 0273 09 z\u00e1r\u00f3dug\u00f3val.<br \/>\nDN 65\u2013DN 80: 2 db furat 1\/4-os mer\u0151szeleppel,<br \/>\n2 db furat 3\/8-os 1 0273 00 z\u00e1r\u00f3dug\u00f3val.<br \/>\nEl\u0151be\u00e1llit\u00e1si \u00e9rt\u00e9k jelz\u0151 1 6517 05 mell\u00e9kelve.<br \/>\n276 \u00fcr\u00edt\u0151szelep k\u00fcl\u00f6n rendelend\u0151!<br \/>\nCsatlakoz\u00e1s:<br \/>\nDN 15: univerz\u00e1lis modell, cs\u0151menet ill. roppant\u00f3gy\u0171r\u0171s csatlakoz\u00e1s.<br \/>\nDN 20: 1 6266 20 adapter + G 3\/4-os csatlakoz\u00f3.<br \/>\nAz adapter es a csatlakoz\u00f3 k\u00fcl\u00f6n rendelend\u0151!<br \/>\n* LF Minimum kv 0,12 kvs 4,75<br \/>\n1\/2&#8243;<br \/>\n3\/4&#8243;<br \/>\n1&#8243;<br \/>\n5\/4&#8243;<br \/>\n6\/4&#8243;<br \/>\n2&#8243;<\/p>\n","protected":false},"excerpt":{"rendered":"<p>3\/4&#8243;<\/p>\n","protected":false},"featured_media":4155,"template":"","meta":[],"product_brand":[],"product_cat":[138],"product_tag":[],"class_list":{"0":"post-5314","1":"product","2":"type-product","3":"status-publish","4":"has-post-thumbnail","6":"product_cat-strangszabalyozok","8":"first","9":"instock","10":"shipping-taxable","11":"purchasable","12":"product-type-simple","13":"berocket_lgv_grid","14":"berocket_lgv_list_grid"},"_links":{"self":[{"href":"https:\/\/webshop.ventil-trade.hu\/index.php?rest_route=\/wp\/v2\/product\/5314","targetHints":{"allow":["GET"]}}],"collection":[{"href":"https:\/\/webshop.ventil-trade.hu\/index.php?rest_route=\/wp\/v2\/product"}],"about":[{"href":"https:\/\/webshop.ventil-trade.hu\/index.php?rest_route=\/wp\/v2\/types\/product"}],"wp:featuredmedia":[{"embeddable":true,"href":"https:\/\/webshop.ventil-trade.hu\/index.php?rest_route=\/wp\/v2\/media\/4155"}],"wp:attachment":[{"href":"https:\/\/webshop.ventil-trade.hu\/index.php?rest_route=%2Fwp%2Fv2%2Fmedia&parent=5314"}],"wp:term":[{"taxonomy":"product_brand","embeddable":true,"href":"https:\/\/webshop.ventil-trade.hu\/index.php?rest_route=%2Fwp%2Fv2%2Fproduct_brand&post=5314"},{"taxonomy":"product_cat","embeddable":true,"href":"https:\/\/webshop.ventil-trade.hu\/index.php?rest_route=%2Fwp%2Fv2%2Fproduct_cat&post=5314"},{"taxonomy":"product_tag","embeddable":true,"href":"https:\/\/webshop.ventil-trade.hu\/index.php?rest_route=%2Fwp%2Fv2%2Fproduct_tag&post=5314"}],"curies":[{"name":"wp","href":"https:\/\/api.w.org\/{rel}","templated":true}]}}