{"id":5320,"date":"2024-01-05T18:31:56","date_gmt":"2024-01-05T18:31:56","guid":{"rendered":"https:\/\/webshop.ventil-trade.hu\/?product=wc-csesze-alfoldi-4032"},"modified":"2026-03-06T13:02:16","modified_gmt":"2026-03-06T13:02:16","slug":"wc-csesze-alfoldi-4032","status":"publish","type":"product","link":"https:\/\/webshop.ventil-trade.hu\/?product=wc-csesze-alfoldi-4032","title":{"rendered":"WC cs\u00e9sze Alf\u00f6ldi 4032"},"content":{"rendered":"<p>Alf\u00f6ldi WC cs\u00e9sz\u00e9k<br \/>\nA Villeroy &#038; Boch Magyarorsz\u00e1g Kft. szaniter term\u00e9kei fizikai-k\u00e9miai param\u00e9tereit tekintve megfelelnek a vonatkoz\u00f3 el\u0151\u00edr\u00e1soknak. Szaniter term\u00e9keink anyaga porcel\u00e1n, hasonl\u00f3an m\u00e1s vezet\u0151 ker\u00e1mia gy\u00e1rt\u00f3k szaniter term\u00e9keihez.A szaniter term\u00e9kek anyaga m\u00e1zzal bevont porcel\u00e1n. Anyag\u00e1nak v\u00edzfelv\u00e9tele nem haladhatja meg a 0,5 %-ot. Az adott terminol\u00f3gia szerint porcel\u00e1nnak a max. 0,5 %v\u00edzfelv\u00e9tel\u0171, f\u00e9lporcel\u00e1nnak a 0,5-5 % alatti, fajansznak az 5-15 % v\u00edzfelv\u00e9tel\u0171 term\u00e9keket nevezz\u00fck.<br \/>\nTerme\u0301k megneveze\u0301se: Fali-WC e\u0301s la\u0301bon a\u0301llo\u0301 WC szabadon va\u0301lasztott vi\u0301zcsatlakoza\u0301ssal, feh\u00e9r, lapos \u00f6bl\u00edt\u00e9s\u0171, h\u00e1ts\u00f3 kifoly\u00e1sos, padl\u00f3ra szerelhet\u0151.<\/p>\n","protected":false},"excerpt":{"rendered":"<p>Als\u00f3s buci lapos\u00f6bl\u00edt\u00e9s<\/p>\n","protected":false},"featured_media":4076,"template":"","meta":[],"product_brand":[],"product_cat":[139],"product_tag":[],"class_list":{"0":"post-5320","1":"product","2":"type-product","3":"status-publish","4":"has-post-thumbnail","6":"product_cat-szaniterek","8":"first","9":"instock","10":"shipping-taxable","11":"purchasable","12":"product-type-simple","13":"berocket_lgv_grid","14":"berocket_lgv_list_grid"},"_links":{"self":[{"href":"https:\/\/webshop.ventil-trade.hu\/index.php?rest_route=\/wp\/v2\/product\/5320","targetHints":{"allow":["GET"]}}],"collection":[{"href":"https:\/\/webshop.ventil-trade.hu\/index.php?rest_route=\/wp\/v2\/product"}],"about":[{"href":"https:\/\/webshop.ventil-trade.hu\/index.php?rest_route=\/wp\/v2\/types\/product"}],"wp:featuredmedia":[{"embeddable":true,"href":"https:\/\/webshop.ventil-trade.hu\/index.php?rest_route=\/wp\/v2\/media\/4076"}],"wp:attachment":[{"href":"https:\/\/webshop.ventil-trade.hu\/index.php?rest_route=%2Fwp%2Fv2%2Fmedia&parent=5320"}],"wp:term":[{"taxonomy":"product_brand","embeddable":true,"href":"https:\/\/webshop.ventil-trade.hu\/index.php?rest_route=%2Fwp%2Fv2%2Fproduct_brand&post=5320"},{"taxonomy":"product_cat","embeddable":true,"href":"https:\/\/webshop.ventil-trade.hu\/index.php?rest_route=%2Fwp%2Fv2%2Fproduct_cat&post=5320"},{"taxonomy":"product_tag","embeddable":true,"href":"https:\/\/webshop.ventil-trade.hu\/index.php?rest_route=%2Fwp%2Fv2%2Fproduct_tag&post=5320"}],"curies":[{"name":"wp","href":"https:\/\/api.w.org\/{rel}","templated":true}]}}