{"id":5329,"date":"2024-01-05T18:32:00","date_gmt":"2024-01-05T18:32:00","guid":{"rendered":"https:\/\/webshop.ventil-trade.hu\/?product=mosdo-alfoldi-60cm-bazis"},"modified":"2026-03-06T13:02:17","modified_gmt":"2026-03-06T13:02:17","slug":"mosdo-alfoldi-60cm-bazis","status":"publish","type":"product","link":"https:\/\/webshop.ventil-trade.hu\/?product=mosdo-alfoldi-60cm-bazis","title":{"rendered":"Mosd\u00f3 Alf\u00f6ldi 60cm B\u00c1ZIS"},"content":{"rendered":"<p>Alf\u00f6ldi mosd\u00f3k<br \/>\nA Villeroy &#038; Boch Magyarorsz\u00e1g Kft. szaniter term\u00e9kei fizikai-k\u00e9miai param\u00e9tereit tekintve megfelelnek a vonatkoz\u00f3 el\u0151\u00edr\u00e1soknak. Szaniter term\u00e9keink anyaga porcel\u00e1n, hasonl\u00f3an m\u00e1s vezet\u0151 ker\u00e1mia gy\u00e1rt\u00f3k szaniter term\u00e9keihez.A szaniter term\u00e9kek anyaga m\u00e1zzal bevont porcel\u00e1n. Anyag\u00e1nak v\u00edzfelv\u00e9tele nem haladhatja meg a 0,5 %-ot. Az adott terminol\u00f3gia szerint porcel\u00e1nnak a max. 0,5 %v\u00edzfelv\u00e9tel\u0171, f\u00e9lporcel\u00e1nnak a 0,5-5 % alatti, fajansznak az 5-15 % v\u00edzfelv\u00e9tel\u0171 term\u00e9keket nevezz\u00fck.<br \/>\nTerm\u00e9k megnevez\u00e9se: Mosd\u00f3<br \/>\nHagyom\u00e1nyos, harm\u00f3nikus mejelen\u00e9s jellemzi a B\u00e1zis term\u00e9kcsal\u00e1dot.<br \/>\nFeh\u00e9r, 60cm, balos csaptelep hely<\/p>\n","protected":false},"excerpt":{"rendered":"<p>Lyuk baloldalt<\/p>\n","protected":false},"featured_media":4067,"template":"","meta":[],"product_brand":[],"product_cat":[139],"product_tag":[],"class_list":{"0":"post-5329","1":"product","2":"type-product","3":"status-publish","4":"has-post-thumbnail","6":"product_cat-szaniterek","8":"first","9":"instock","10":"shipping-taxable","11":"purchasable","12":"product-type-simple","13":"berocket_lgv_grid","14":"berocket_lgv_list_grid"},"_links":{"self":[{"href":"https:\/\/webshop.ventil-trade.hu\/index.php?rest_route=\/wp\/v2\/product\/5329","targetHints":{"allow":["GET"]}}],"collection":[{"href":"https:\/\/webshop.ventil-trade.hu\/index.php?rest_route=\/wp\/v2\/product"}],"about":[{"href":"https:\/\/webshop.ventil-trade.hu\/index.php?rest_route=\/wp\/v2\/types\/product"}],"wp:featuredmedia":[{"embeddable":true,"href":"https:\/\/webshop.ventil-trade.hu\/index.php?rest_route=\/wp\/v2\/media\/4067"}],"wp:attachment":[{"href":"https:\/\/webshop.ventil-trade.hu\/index.php?rest_route=%2Fwp%2Fv2%2Fmedia&parent=5329"}],"wp:term":[{"taxonomy":"product_brand","embeddable":true,"href":"https:\/\/webshop.ventil-trade.hu\/index.php?rest_route=%2Fwp%2Fv2%2Fproduct_brand&post=5329"},{"taxonomy":"product_cat","embeddable":true,"href":"https:\/\/webshop.ventil-trade.hu\/index.php?rest_route=%2Fwp%2Fv2%2Fproduct_cat&post=5329"},{"taxonomy":"product_tag","embeddable":true,"href":"https:\/\/webshop.ventil-trade.hu\/index.php?rest_route=%2Fwp%2Fv2%2Fproduct_tag&post=5329"}],"curies":[{"name":"wp","href":"https:\/\/api.w.org\/{rel}","templated":true}]}}