{"id":5339,"date":"2024-01-05T18:32:05","date_gmt":"2024-01-05T18:32:05","guid":{"rendered":"https:\/\/webshop.ventil-trade.hu\/?product=csohej-tekercses-10m-3"},"modified":"2026-03-06T13:01:48","modified_gmt":"2026-03-06T13:01:48","slug":"csohej-tekercses-10m-3","status":"publish","type":"product","link":"https:\/\/webshop.ventil-trade.hu\/?product=csohej-tekercses-10m-3","title":{"rendered":"Cs\u0151h\u00e9j tekercses 10m"},"content":{"rendered":"<p>Tekercses cs\u0151h\u00e9j v\u00edzvezet\u00e9k szerel\u00e9shez, Cs\u0151h\u00e9j tekercses<\/p>\n<p>A Plama FLEX szigetel\u0151cs\u00f6vek expand\u00e1lt polietil\u00e9nb\u0151l k\u00e9sz\u00fclnek, \u00e9s magas nemzetk\u00f6zi szabv\u00e1nyok szerint k\u00e9sz\u00fclnek, \u00e9s megfelelnek a k\u00f6zponti f\u0171t\u00e9si vezet\u00e9kek szigetel\u00e9s\u00e9re, a kl\u00edmaszerel\u00e9sre, a szaniter szerel\u00e9sre \u00e9s a szennyv\u00edzvezet\u00e9kekre vonatkoz\u00f3 \u00f6sszes legfontosabb krit\u00e9riumnak.<br \/>\nA cs\u0151szigetel\u00e9s f\u0151 jellemz\u0151je a rugalmass\u00e1g \u00e9s a nagy t\u00f6r\u00e9s\u00e1ll\u00f3s\u00e1g. A szigetel\u00e9s fel\u00fclete szil\u00e1rd, ellen\u00e1ll a mechanikai deform\u00e1ci\u00f3knak \u00e9s a szok\u00e1sos \u00e9p\u00edt\u0151anyagoknak.<br \/>\nA z\u00e1rtcell\u00e1s cs\u0151szigetel\u00e9s alkalmas nyers \u00e9s \u00fasz\u00f3padl\u00f3 al\u00e1 t\u00f6rt\u00e9n\u0151 szerel\u00e9sre. L\u00e1that\u00f3 is lehet, f\u0151leg Plama FLEX SSL szigetel\u00e9s, mivel polietil\u00e9n ez\u00fcst f\u00f3li\u00e1val van bevonva, ami finom dekorat\u00edv megjelen\u00e9st k\u00f6lcs\u00f6n\u00f6z.<\/p>\n<p>M\u00e9retek:<br \/>\n10m 15mm \/ 4mm<br \/>\n10m 18mm \/ 4mm<br \/>\n10m 22mm \/ 4mm<br \/>\n10m 28mm \/ 4mm<\/p>\n","protected":false},"excerpt":{"rendered":"<p>22mm \/ 4mm<\/p>\n","protected":false},"featured_media":4136,"template":"","meta":[],"product_brand":[],"product_cat":[140],"product_tag":[],"class_list":{"0":"post-5339","1":"product","2":"type-product","3":"status-publish","4":"has-post-thumbnail","6":"product_cat-csohej-vizszigetelesekhez","8":"first","9":"instock","10":"shipping-taxable","11":"purchasable","12":"product-type-simple","13":"berocket_lgv_grid","14":"berocket_lgv_list_grid"},"_links":{"self":[{"href":"https:\/\/webshop.ventil-trade.hu\/index.php?rest_route=\/wp\/v2\/product\/5339","targetHints":{"allow":["GET"]}}],"collection":[{"href":"https:\/\/webshop.ventil-trade.hu\/index.php?rest_route=\/wp\/v2\/product"}],"about":[{"href":"https:\/\/webshop.ventil-trade.hu\/index.php?rest_route=\/wp\/v2\/types\/product"}],"wp:featuredmedia":[{"embeddable":true,"href":"https:\/\/webshop.ventil-trade.hu\/index.php?rest_route=\/wp\/v2\/media\/4136"}],"wp:attachment":[{"href":"https:\/\/webshop.ventil-trade.hu\/index.php?rest_route=%2Fwp%2Fv2%2Fmedia&parent=5339"}],"wp:term":[{"taxonomy":"product_brand","embeddable":true,"href":"https:\/\/webshop.ventil-trade.hu\/index.php?rest_route=%2Fwp%2Fv2%2Fproduct_brand&post=5339"},{"taxonomy":"product_cat","embeddable":true,"href":"https:\/\/webshop.ventil-trade.hu\/index.php?rest_route=%2Fwp%2Fv2%2Fproduct_cat&post=5339"},{"taxonomy":"product_tag","embeddable":true,"href":"https:\/\/webshop.ventil-trade.hu\/index.php?rest_route=%2Fwp%2Fv2%2Fproduct_tag&post=5339"}],"curies":[{"name":"wp","href":"https:\/\/api.w.org\/{rel}","templated":true}]}}