{"id":5343,"date":"2024-01-05T18:32:07","date_gmt":"2024-01-05T18:32:07","guid":{"rendered":"https:\/\/webshop.ventil-trade.hu\/?product=csohej-szalas-2m-3"},"modified":"2026-03-06T13:02:09","modified_gmt":"2026-03-06T13:02:09","slug":"csohej-szalas-2m-3","status":"publish","type":"product","link":"https:\/\/webshop.ventil-trade.hu\/?product=csohej-szalas-2m-3","title":{"rendered":"Cs\u0151h\u00e9j sz\u00e1las 2m"},"content":{"rendered":"<p>Sz\u00e1las cs\u0151h\u00e9j v\u00edzvezet\u00e9k szerel\u00e9shez, Cs\u0151h\u00e9j sz\u00e1llas<\/p>\n<p>4.2.1. H\u0151\u00e1tereszt\u0151 k\u00e9pess\u00e9g (W\/m*K) 16 \u00b0C 40 \u00b0C 75 \u00b0C 0,038 0,040 0,049<br \/>\n4.2.5 Tart\u00f3ss\u00e1gi jellemz\u0151k NPD 4.3.2. Maxim\u00e1lis alkalmaz\u00e1si h\u0151m\u00e9rs\u00e9klet ST(+) +100\u00b0C<br \/>\n4.3.3. Minim\u00e1lis alkalmaz\u00e1si h\u0151m\u00e9rs\u00e9klet ST(-) 0\u00b0C 4.3.4. V\u00edzfelsz\u00edv\u00f3d\u00e1s WS005<br \/>\n4.3.5. A v\u00edzp\u00e1ra diff\u00fazi\u00f3s ellen\u00e1ll\u00e1sa NPD<br \/>\n4.3.6. V\u00edzben oldhat\u00f3 nyomokban tal\u00e1lhat\u00f3 ionok mennyis\u00e9ge \u00e9s pH \u00e9rt\u00e9k NPD<br \/>\n 4.3.7. Szerelv\u00e9nyekt\u0151l sz\u00e1rmaz\u00f3 zaj \u00e1tvitele NPD<br \/>\n4.3.8. Hangelnyel\u0151 k\u00e9pess\u00e9g NPD<br \/>\n4.3.9. Vesz\u00e9lyes anyagok kibocs\u00e1t\u00e1sa NPD 4.3.10. L\u00e1ngmentes \u00e9g\u00e9s<br \/>\n4.2.1. H\u0151\u00e1tereszt\u0151 k\u00e9pess\u00e9g (W\/m*K) 16 \u00b0C 40 \u00b0C 75 \u00b0C<br \/>\nVastags\u00e1g \u00d8<br \/>\n6 mm : 15- 35 mm<br \/>\n2m 15mm \/ 6mm<br \/>\n2m 18mm \/ 6mm<br \/>\n2m 22mm \/ 6mm<br \/>\n2m 28mm \/ 6mm<br \/>\n2m 35mm \/ 6mm<\/p>\n","protected":false},"excerpt":{"rendered":"<p>28mm \/ 6mm<\/p>\n","protected":false},"featured_media":4131,"template":"","meta":[],"product_brand":[],"product_cat":[140],"product_tag":[],"class_list":{"0":"post-5343","1":"product","2":"type-product","3":"status-publish","4":"has-post-thumbnail","6":"product_cat-csohej-vizszigetelesekhez","8":"first","9":"instock","10":"shipping-taxable","11":"purchasable","12":"product-type-simple","13":"berocket_lgv_grid","14":"berocket_lgv_list_grid"},"_links":{"self":[{"href":"https:\/\/webshop.ventil-trade.hu\/index.php?rest_route=\/wp\/v2\/product\/5343","targetHints":{"allow":["GET"]}}],"collection":[{"href":"https:\/\/webshop.ventil-trade.hu\/index.php?rest_route=\/wp\/v2\/product"}],"about":[{"href":"https:\/\/webshop.ventil-trade.hu\/index.php?rest_route=\/wp\/v2\/types\/product"}],"wp:featuredmedia":[{"embeddable":true,"href":"https:\/\/webshop.ventil-trade.hu\/index.php?rest_route=\/wp\/v2\/media\/4131"}],"wp:attachment":[{"href":"https:\/\/webshop.ventil-trade.hu\/index.php?rest_route=%2Fwp%2Fv2%2Fmedia&parent=5343"}],"wp:term":[{"taxonomy":"product_brand","embeddable":true,"href":"https:\/\/webshop.ventil-trade.hu\/index.php?rest_route=%2Fwp%2Fv2%2Fproduct_brand&post=5343"},{"taxonomy":"product_cat","embeddable":true,"href":"https:\/\/webshop.ventil-trade.hu\/index.php?rest_route=%2Fwp%2Fv2%2Fproduct_cat&post=5343"},{"taxonomy":"product_tag","embeddable":true,"href":"https:\/\/webshop.ventil-trade.hu\/index.php?rest_route=%2Fwp%2Fv2%2Fproduct_tag&post=5343"}],"curies":[{"name":"wp","href":"https:\/\/api.w.org\/{rel}","templated":true}]}}